{"id":2,"date":"2015-05-19T13:15:21","date_gmt":"2015-05-19T13:15:21","guid":{"rendered":"http:\/\/uenf.br\/posgraduacao\/engenharia-civil\/?page_id=2"},"modified":"2026-02-08T19:00:49","modified_gmt":"2026-02-08T19:00:49","slug":"apresentacao","status":"publish","type":"page","link":"https:\/\/uenf.br\/posgraduacao\/engenharia-civil\/fr\/","title":{"rendered":"Pr\u00e9sentation"},"content":{"rendered":"<p>Le <strong>Programme de Graduation en G\u00e9nie Civil (PPGEC)<\/strong> comprend deux domaines de connaissances principaux, \u00e0 savoir: les Structures et la G\u00e9otechnique, dans lesquels sont d\u00e9velopp\u00e9s quatre axes de recherche qui englobent plusieurs activit\u00e9s de recherche. L&rsquo;objectif principal de <strong>PPGEC<\/strong> est de d\u00e9velopper des masters et des doctorats hautement qualifi\u00e9s pour:<\/p>\n<p>&nbsp;<\/p>\n<ul>\n<li>Soutenir la formation des ressources humaines dans les domaines de la connaissance de l&rsquo;ing\u00e9nierie structurelle et g\u00e9otechnique, avec une vue d&rsquo;ensemble de la construction civile et des mat\u00e9riaux de construction, compte tenu des besoins urgents du pays en ing\u00e9nieurs, enseignants et chercheurs aux qualifications exceptionnelles;<\/li>\n<li>G\u00e9n\u00e9rer des solutions et des technologies conformes \u00e0 la r\u00e9alit\u00e9 physique et sociale du Br\u00e9sil et, en particulier, \u00e0 la r\u00e9alit\u00e9 des r\u00e9gions du nord et du nord-ouest de Rio de Janeiro, au sud d&rsquo;Esp\u00edrito Santo et de la Zona da Mata du Minas Gerais;<\/li>\n<li>Soutenir les recherches sur le comportement des mat\u00e9riaux conventionnels et, en particulier, ceux d&rsquo;occurrence r\u00e9gionale, visant la r\u00e9alisation de travaux de g\u00e9nie civil et l&rsquo;utilisation de ces mat\u00e9riaux de mani\u00e8re rationnelle et \u00e9conomique;<\/li>\n<li>D\u00e9velopper des mod\u00e8les th\u00e9oriques, num\u00e9riques et exp\u00e9rimentaux pour analyser les probl\u00e8mes li\u00e9s au b\u00e9ton, \u00e0 l&rsquo;acier et aux mat\u00e9riaux non conventionnels, en mettant l&rsquo;accent sur ceux li\u00e9s aux grandes structures, telles que les structures marines et les tours m\u00e9talliques;<\/li>\n<li>D\u00e9velopper des mod\u00e8les et des techniques de conception optimale en ce qui concerne les dimensions, les formes et les topologies des structures en acier et en b\u00e9ton arm\u00e9 en vue d&rsquo;obtenir des structures m\u00e9caniquement efficaces et \u00e0 moindre co\u00fbt;<\/li>\n<li>D\u00e9velopper des \u00e9tudes sp\u00e9cifiques pour les domaines de la g\u00e9otechnique et des structures, notamment ceux li\u00e9s aux installations en eau profonde (ancres et canalisations), en utilisant des m\u00e9thodes num\u00e9riques et analytiques;<\/li>\n<li>D\u00e9velopper des \u00e9tudes avanc\u00e9es dans le domaine de la mod\u00e9lisation physique, notamment celles visant les zones offshore impliquant des mod\u00e8les \u00e0 pleine \u00e9chelle et \u00e0 \u00e9chelle r\u00e9duite \u00e0 l&rsquo;aide d&rsquo;une centrifugeuse g\u00e9otechnique;<\/li>\n<li>D\u00e9velopper des techniques d&rsquo;utilisation rationnelle de l&rsquo;\u00e9nergie \u00e0 travers l&rsquo;interaction entre les \u00e9l\u00e9ments de fondation profonde et les caract\u00e9ristiques g\u00e9othermiques locales, visant \u00e0 aider le pays \u00e0 atteindre l&rsquo;objectif de l&rsquo;accord de Montr\u00e9al, dont le Br\u00e9sil est signataire, qui pr\u00e9voit une r\u00e9duction drastique de l&rsquo;utilisation des HFC (carbures d&rsquo;hydro-fluor) utilis\u00e9s pour les environnements de syst\u00e8mes de climatisation.<\/li>\n<\/ul>\n<p>&nbsp;<\/p>\n<p>&nbsp;<\/p>","protected":false},"excerpt":{"rendered":"<p>Le Programme de Graduation en G\u00e9nie Civil (PPGEC) comprend deux domaines de connaissances principaux, \u00e0 savoir: les Structures et la&#8230;<\/p>\n","protected":false},"author":8,"featured_media":0,"parent":0,"menu_order":0,"comment_status":"closed","ping_status":"closed","template":"","meta":{"footnotes":""},"class_list":["post-2","page","type-page","status-publish","hentry"],"_links":{"self":[{"href":"https:\/\/uenf.br\/posgraduacao\/engenharia-civil\/fr\/wp-json\/wp\/v2\/pages\/2","targetHints":{"allow":["GET"]}}],"collection":[{"href":"https:\/\/uenf.br\/posgraduacao\/engenharia-civil\/fr\/wp-json\/wp\/v2\/pages"}],"about":[{"href":"https:\/\/uenf.br\/posgraduacao\/engenharia-civil\/fr\/wp-json\/wp\/v2\/types\/page"}],"author":[{"embeddable":true,"href":"https:\/\/uenf.br\/posgraduacao\/engenharia-civil\/fr\/wp-json\/wp\/v2\/users\/8"}],"replies":[{"embeddable":true,"href":"https:\/\/uenf.br\/posgraduacao\/engenharia-civil\/fr\/wp-json\/wp\/v2\/comments?post=2"}],"version-history":[{"count":0,"href":"https:\/\/uenf.br\/posgraduacao\/engenharia-civil\/fr\/wp-json\/wp\/v2\/pages\/2\/revisions"}],"wp:attachment":[{"href":"https:\/\/uenf.br\/posgraduacao\/engenharia-civil\/fr\/wp-json\/wp\/v2\/media?parent=2"}],"curies":[{"name":"wp","href":"https:\/\/api.w.org\/{rel}","templated":true}]}}