{"id":206,"date":"2015-09-04T13:58:33","date_gmt":"2015-09-04T13:58:33","guid":{"rendered":"http:\/\/uenf.br\/posgraduacao\/engenharia-civil\/?page_id=206"},"modified":"2025-02-12T13:06:57","modified_gmt":"2025-02-12T13:06:57","slug":"area-de-estruturas","status":"publish","type":"page","link":"https:\/\/uenf.br\/posgraduacao\/engenharia-civil\/fr\/areas-de-concentracao-e-linhas-de-pesquisa\/area-de-estruturas\/","title":{"rendered":"Structures"},"content":{"rendered":"<p>Ce domaine couvre les \u00e9tudes sur le comportement des structures en b\u00e9ton arm\u00e9, du b\u00e9ton pr\u00e9contraint, des mat\u00e9riaux m\u00e9talliques et polym\u00e8res, ainsi que sur les propri\u00e9t\u00e9s physico-chimiques des mat\u00e9riaux de construction. Mod\u00e9lisation exp\u00e9rimentale et num\u00e9rique du comportement des structures, consid\u00e9rant des syst\u00e8mes statiques ou dynamiques de prototypes de structures r\u00e9elles.<\/p>\n<p>Recherche de mat\u00e9riaux de construction conventionnels (production et caract\u00e9risation) bas\u00e9e sur des techniques de laboratoire et de calcul. En outre, des recherches sur la production et la caract\u00e9risation de nouveaux mat\u00e9riaux, en particulier la pouzzolane, les g\u00e9opolym\u00e8res, les composites polym\u00e8res, le b\u00e9ton haute performance et la c\u00e9ramique, afin d&rsquo;obtenir une plus grande r\u00e9sistance et durabilit\u00e9 des structures. Les aspects li\u00e9s \u00e0 la durabilit\u00e9 des b\u00e2timents, tels que l&rsquo;\u00e9mission de gaz \u00e0 effet de serre, l&rsquo;utilisation rationnelle des mati\u00e8res premi\u00e8res et le recyclage des d\u00e9chets sont \u00e9galement \u00e9tudi\u00e9s.<\/p>\n<p>&nbsp;<\/p>\n<p><a href=\"http:\/\/uenf.br\/posgraduacao\/engenharia-civil\/fr\/linhas-de-pesquisa-2\/linhas-de-pesquisa-da-area-de-estruturas\/\"><strong>Lignes de recherche dans le domaine des structures<\/strong><\/a><\/p>\n<p>&nbsp;<\/p>","protected":false},"excerpt":{"rendered":"<p>Ce domaine couvre les \u00e9tudes sur le comportement des structures en b\u00e9ton arm\u00e9, du b\u00e9ton pr\u00e9contraint, des mat\u00e9riaux m\u00e9talliques et&#8230;<\/p>\n","protected":false},"author":8,"featured_media":0,"parent":65,"menu_order":0,"comment_status":"closed","ping_status":"closed","template":"","meta":{"footnotes":""},"class_list":["post-206","page","type-page","status-publish","hentry"],"_links":{"self":[{"href":"https:\/\/uenf.br\/posgraduacao\/engenharia-civil\/fr\/wp-json\/wp\/v2\/pages\/206","targetHints":{"allow":["GET"]}}],"collection":[{"href":"https:\/\/uenf.br\/posgraduacao\/engenharia-civil\/fr\/wp-json\/wp\/v2\/pages"}],"about":[{"href":"https:\/\/uenf.br\/posgraduacao\/engenharia-civil\/fr\/wp-json\/wp\/v2\/types\/page"}],"author":[{"embeddable":true,"href":"https:\/\/uenf.br\/posgraduacao\/engenharia-civil\/fr\/wp-json\/wp\/v2\/users\/8"}],"replies":[{"embeddable":true,"href":"https:\/\/uenf.br\/posgraduacao\/engenharia-civil\/fr\/wp-json\/wp\/v2\/comments?post=206"}],"version-history":[{"count":0,"href":"https:\/\/uenf.br\/posgraduacao\/engenharia-civil\/fr\/wp-json\/wp\/v2\/pages\/206\/revisions"}],"up":[{"embeddable":true,"href":"https:\/\/uenf.br\/posgraduacao\/engenharia-civil\/fr\/wp-json\/wp\/v2\/pages\/65"}],"wp:attachment":[{"href":"https:\/\/uenf.br\/posgraduacao\/engenharia-civil\/fr\/wp-json\/wp\/v2\/media?parent=206"}],"curies":[{"name":"wp","href":"https:\/\/api.w.org\/{rel}","templated":true}]}}