{"id":209,"date":"2015-09-04T14:06:04","date_gmt":"2015-09-04T14:06:04","guid":{"rendered":"http:\/\/uenf.br\/posgraduacao\/engenharia-civil\/?page_id=209"},"modified":"2025-02-12T13:09:00","modified_gmt":"2025-02-12T13:09:00","slug":"area-de-geotecnia","status":"publish","type":"page","link":"https:\/\/uenf.br\/posgraduacao\/engenharia-civil\/fr\/areas-de-concentracao-e-linhas-de-pesquisa\/area-de-geotecnia\/","title":{"rendered":"G\u00e9otechnique"},"content":{"rendered":"<p>Le domaine g\u00e9otechnique comprend \u00e0 l&rsquo;\u00e9tude des probl\u00e8mes g\u00e9otechniques de base et avanc\u00e9s, plus li\u00e9s au contexte r\u00e9gional, en se concentrant principalement sur la recherche sur les activit\u00e9s du secteur extractif du p\u00e9trole et du gaz (production et transport), des roches d\u00e9coratives, de la c\u00e9ramique et des probl\u00e8mes environnementaux. Pour caract\u00e9riser ce domaine de concentration, le Programme dispose d&rsquo;un ensemble de lignes de recherche qui permet une meilleure compr\u00e9hension de ces secteurs, permettant de s&rsquo;interdire avec le domaine de concentration des structures, les probl\u00e8mes abord\u00e9s pr\u00e9sentant une interface consid\u00e9rable entre ces deux domaines.<\/p>\n<p>&nbsp;<\/p>\n<p>A) Structures sous-marines (ancres, tuyaux enterr\u00e9s, \u00e9l\u00e9vateurs, pentes sous-marines);<\/p>\n<p>B) Incorporation de d\u00e9chets (c\u00e9ramiques, pierres ornementales, probl\u00e8mes environnementaux);<\/p>\n<p>C) Mat\u00e9riaux non conventionnels en g\u00e9otechnique (barrages \u00e0 noyau bitumineux, d\u00e9gradation, etc.).<\/p>\n<p>&nbsp;<\/p>\n<p><a href=\"http:\/\/uenf.br\/posgraduacao\/engenharia-civil\/fr\/linhas-de-pesquisa-2\/\"><strong>Lignes de recherche dans le domaine g\u00e9otechnique<\/strong><\/a><\/p>","protected":false},"excerpt":{"rendered":"<p>Le domaine g\u00e9otechnique comprend \u00e0 l&rsquo;\u00e9tude des probl\u00e8mes g\u00e9otechniques de base et avanc\u00e9s, plus li\u00e9s au contexte r\u00e9gional, en se&#8230;<\/p>\n","protected":false},"author":8,"featured_media":0,"parent":65,"menu_order":0,"comment_status":"closed","ping_status":"closed","template":"","meta":{"footnotes":""},"class_list":["post-209","page","type-page","status-publish","hentry"],"_links":{"self":[{"href":"https:\/\/uenf.br\/posgraduacao\/engenharia-civil\/fr\/wp-json\/wp\/v2\/pages\/209","targetHints":{"allow":["GET"]}}],"collection":[{"href":"https:\/\/uenf.br\/posgraduacao\/engenharia-civil\/fr\/wp-json\/wp\/v2\/pages"}],"about":[{"href":"https:\/\/uenf.br\/posgraduacao\/engenharia-civil\/fr\/wp-json\/wp\/v2\/types\/page"}],"author":[{"embeddable":true,"href":"https:\/\/uenf.br\/posgraduacao\/engenharia-civil\/fr\/wp-json\/wp\/v2\/users\/8"}],"replies":[{"embeddable":true,"href":"https:\/\/uenf.br\/posgraduacao\/engenharia-civil\/fr\/wp-json\/wp\/v2\/comments?post=209"}],"version-history":[{"count":0,"href":"https:\/\/uenf.br\/posgraduacao\/engenharia-civil\/fr\/wp-json\/wp\/v2\/pages\/209\/revisions"}],"up":[{"embeddable":true,"href":"https:\/\/uenf.br\/posgraduacao\/engenharia-civil\/fr\/wp-json\/wp\/v2\/pages\/65"}],"wp:attachment":[{"href":"https:\/\/uenf.br\/posgraduacao\/engenharia-civil\/fr\/wp-json\/wp\/v2\/media?parent=209"}],"curies":[{"name":"wp","href":"https:\/\/api.w.org\/{rel}","templated":true}]}}