{"id":220,"date":"2015-09-04T14:13:46","date_gmt":"2015-09-04T14:13:46","guid":{"rendered":"http:\/\/uenf.br\/posgraduacao\/engenharia-civil\/?page_id=220"},"modified":"2023-04-22T21:55:30","modified_gmt":"2023-04-22T21:55:30","slug":"disciplinas-ementas","status":"publish","type":"page","link":"https:\/\/uenf.br\/posgraduacao\/engenharia-civil\/fr\/disciplinas-ementas\/","title":{"rendered":"Sujets"},"content":{"rendered":"<p><strong>STRUCTURES &#8211; Disciplines obligatoires<\/strong><\/p>\n<p>&nbsp;<\/p>\n<ul>\n<li>\u00c9lasticit\u00e9 et plasticit\u00e9 avanc\u00e9es<\/li>\n<li>Calcul num\u00e9rique appliqu\u00e9 \u00e0 l&rsquo;ing\u00e9nierie<\/li>\n<li>Math\u00e9matiques appliqu\u00e9es \u00e0 l&rsquo;ing\u00e9nierie<\/li>\n<li>S\u00e9minaire de g\u00e9nie civil I<\/li>\n<li>S\u00e9minaire de g\u00e9nie civil II<\/li>\n<\/ul>\n<p>&nbsp;<\/p>\n<p>&nbsp;<\/p>\n<p><strong>G\u00c9OTECHNIQUE &#8211; Disciplines obligatoires<\/strong><\/p>\n<p>&nbsp;<\/p>\n<ul>\n<li>\u00c9lasticit\u00e9 et plasticit\u00e9 avanc\u00e9es<\/li>\n<li>Math\u00e9matiques appliqu\u00e9es \u00e0 l&rsquo;ing\u00e9nierie<\/li>\n<li>M\u00e9canique des roches<\/li>\n<li>M\u00e9canique avanc\u00e9e des sols<\/li>\n<li>Infiltration et consolidation des sols<\/li>\n<li>S\u00e9minaire de g\u00e9nie civil I<\/li>\n<li>S\u00e9minaire de g\u00e9nie civil II<\/li>\n<\/ul>\n<p><\/p>","protected":false},"excerpt":{"rendered":"<p>STRUCTURES &#8211; Disciplines obligatoires &nbsp; \u00c9lasticit\u00e9 et plasticit\u00e9 avanc\u00e9es Calcul num\u00e9rique appliqu\u00e9 \u00e0 l&rsquo;ing\u00e9nierie Math\u00e9matiques appliqu\u00e9es \u00e0 l&rsquo;ing\u00e9nierie S\u00e9minaire de&#8230;<\/p>\n","protected":false},"author":8,"featured_media":0,"parent":0,"menu_order":6,"comment_status":"closed","ping_status":"closed","template":"","meta":{"footnotes":""},"class_list":["post-220","page","type-page","status-publish","hentry"],"_links":{"self":[{"href":"https:\/\/uenf.br\/posgraduacao\/engenharia-civil\/fr\/wp-json\/wp\/v2\/pages\/220","targetHints":{"allow":["GET"]}}],"collection":[{"href":"https:\/\/uenf.br\/posgraduacao\/engenharia-civil\/fr\/wp-json\/wp\/v2\/pages"}],"about":[{"href":"https:\/\/uenf.br\/posgraduacao\/engenharia-civil\/fr\/wp-json\/wp\/v2\/types\/page"}],"author":[{"embeddable":true,"href":"https:\/\/uenf.br\/posgraduacao\/engenharia-civil\/fr\/wp-json\/wp\/v2\/users\/8"}],"replies":[{"embeddable":true,"href":"https:\/\/uenf.br\/posgraduacao\/engenharia-civil\/fr\/wp-json\/wp\/v2\/comments?post=220"}],"version-history":[{"count":0,"href":"https:\/\/uenf.br\/posgraduacao\/engenharia-civil\/fr\/wp-json\/wp\/v2\/pages\/220\/revisions"}],"wp:attachment":[{"href":"https:\/\/uenf.br\/posgraduacao\/engenharia-civil\/fr\/wp-json\/wp\/v2\/media?parent=220"}],"curies":[{"name":"wp","href":"https:\/\/api.w.org\/{rel}","templated":true}]}}