{"id":2712,"date":"2019-11-07T18:38:31","date_gmt":"2019-11-07T18:38:31","guid":{"rendered":"http:\/\/uenf.br\/posgraduacao\/engenharia-civil\/?page_id=2712"},"modified":"2019-11-07T18:43:35","modified_gmt":"2019-11-07T18:43:35","slug":"dissertacoes-de-mestrado-2019-paulo-cesar-goncalves-pandino-de-oliveira","status":"publish","type":"page","link":"https:\/\/uenf.br\/posgraduacao\/engenharia-civil\/fr\/dissertacoes-de-mestrado-2019-paulo-cesar-goncalves-pandino-de-oliveira\/","title":{"rendered":"(Portugu\u00eas do Brasil) Disserta\u00e7\u00f5es de Mestrado 2019 &#8211; PAULO C\u00c9SAR GON\u00c7ALVES PANDINO DE OLIVEIRA"},"content":{"rendered":"<p class=\"qtranxs-available-languages-message qtranxs-available-languages-message-fr\">D\u00e9sol\u00e9, cet article est seulement disponible en <a href=\"https:\/\/uenf.br\/posgraduacao\/engenharia-civil\/pb\/wp-json\/wp\/v2\/pages\/2712\" class=\"qtranxs-available-language-link qtranxs-available-language-link-pb\" title=\"Portugu\u00eas do Brasil\">Portugu\u00eas do Brasil<\/a>.<\/p>","protected":false},"excerpt":{"rendered":"<p>D\u00e9sol\u00e9, cet article est seulement disponible en Portugu\u00eas do Brasil.<\/p>\n","protected":false},"author":7,"featured_media":0,"parent":0,"menu_order":0,"comment_status":"closed","ping_status":"closed","template":"","meta":{"footnotes":""},"class_list":["post-2712","page","type-page","status-publish","hentry"],"_links":{"self":[{"href":"https:\/\/uenf.br\/posgraduacao\/engenharia-civil\/fr\/wp-json\/wp\/v2\/pages\/2712","targetHints":{"allow":["GET"]}}],"collection":[{"href":"https:\/\/uenf.br\/posgraduacao\/engenharia-civil\/fr\/wp-json\/wp\/v2\/pages"}],"about":[{"href":"https:\/\/uenf.br\/posgraduacao\/engenharia-civil\/fr\/wp-json\/wp\/v2\/types\/page"}],"author":[{"embeddable":true,"href":"https:\/\/uenf.br\/posgraduacao\/engenharia-civil\/fr\/wp-json\/wp\/v2\/users\/7"}],"replies":[{"embeddable":true,"href":"https:\/\/uenf.br\/posgraduacao\/engenharia-civil\/fr\/wp-json\/wp\/v2\/comments?post=2712"}],"version-history":[{"count":0,"href":"https:\/\/uenf.br\/posgraduacao\/engenharia-civil\/fr\/wp-json\/wp\/v2\/pages\/2712\/revisions"}],"wp:attachment":[{"href":"https:\/\/uenf.br\/posgraduacao\/engenharia-civil\/fr\/wp-json\/wp\/v2\/media?parent=2712"}],"curies":[{"name":"wp","href":"https:\/\/api.w.org\/{rel}","templated":true}]}}