{"id":626,"date":"2015-09-04T21:40:01","date_gmt":"2015-09-04T21:40:01","guid":{"rendered":"http:\/\/uenf.br\/posgraduacao\/engenharia-civil\/?page_id=626"},"modified":"2015-09-04T21:40:01","modified_gmt":"2015-09-04T21:40:01","slug":"dissertacoes-de-mestrado-2006","status":"publish","type":"page","link":"https:\/\/uenf.br\/posgraduacao\/engenharia-civil\/fr\/dissertacoes-de-mestrado-2006\/","title":{"rendered":"Disserta\u00e7\u00f5es de Mestrado 2006"},"content":{"rendered":"<p><strong><i>Resumo: <\/i><\/strong><\/p>\n<p style=\"text-align: justify\">O concreto armado \u00e9 um importante material de constru\u00e7\u00e3o que cada vez mais desperta a aten\u00e7\u00e3o dos pesquisadores, que a partir de ent\u00e3o, v\u00eam elaborando estudos, quer sejam experimentais ou anal\u00edticos, principalmente envolvendo rela\u00e7\u00f5es entre ader\u00eancia do concreto e armadura. Dessa forma, o conhecimento do comportamento da ader\u00eancia entre os dois principais elementos que comp\u00f5em o concreto armado (concreto e a\u00e7o) tem grande relev\u00e2ncia para que se obtenham as capacidades de carga e de servi\u00e7o de estruturas, sendo tamb\u00e9m, fator indispens\u00e1vel para a defini\u00e7\u00e3o de regras de c\u00e1lculo de comprimentos de ancoragem da armadura que s\u00e3o fun\u00e7\u00e3o da conforma\u00e7\u00e3o superficial das barras, da qualidade do concreto, da posi\u00e7\u00e3o da armadura em rela\u00e7\u00e3o \u00e0s etapas de concretagem, dos esfor\u00e7os de tra\u00e7\u00e3o nas barras e do arranjo da pr\u00f3pria ancoragem, n\u00e3o podendo esquecer que as situa\u00e7\u00f5es que envolvem ader\u00eancia e ancoragem s\u00e3o formuladas considerando-se o m\u00e9todo dos estados-limites. Diante de tais fatos, pode-se dizer que este trabalho tem como principal finalidade correlacionar a tens\u00e3o de ader\u00eancia de barras nervuradas de a\u00e7o ao comprimento de ancoragem, \u00e0 fissura\u00e7\u00e3o e \u00e0 deflex\u00e3o, visando a compara\u00e7\u00e3o destas propriedades em matrizes de concreto de cimento Portland e de cimento geopolim\u00e9rico. Para isso, ser\u00e3o confeccionadas e ensaiadas vigas com as duas matrizes em quest\u00e3o, contendo barras nervuradas de a\u00e7o com diferentes comprimentos de ancoragem.<\/p>\n<p style=\"text-align: right\"><strong>Veja mais.<\/strong><\/p>\n","protected":false},"excerpt":{"rendered":"<p>Resumo: O concreto armado \u00e9 um importante material de constru\u00e7\u00e3o que cada vez mais desperta a aten\u00e7\u00e3o dos pesquisadores, que&#8230;<\/p>\n","protected":false},"author":8,"featured_media":0,"parent":0,"menu_order":0,"comment_status":"closed","ping_status":"closed","template":"","meta":{"footnotes":""},"class_list":["post-626","page","type-page","status-publish","hentry"],"_links":{"self":[{"href":"https:\/\/uenf.br\/posgraduacao\/engenharia-civil\/fr\/wp-json\/wp\/v2\/pages\/626","targetHints":{"allow":["GET"]}}],"collection":[{"href":"https:\/\/uenf.br\/posgraduacao\/engenharia-civil\/fr\/wp-json\/wp\/v2\/pages"}],"about":[{"href":"https:\/\/uenf.br\/posgraduacao\/engenharia-civil\/fr\/wp-json\/wp\/v2\/types\/page"}],"author":[{"embeddable":true,"href":"https:\/\/uenf.br\/posgraduacao\/engenharia-civil\/fr\/wp-json\/wp\/v2\/users\/8"}],"replies":[{"embeddable":true,"href":"https:\/\/uenf.br\/posgraduacao\/engenharia-civil\/fr\/wp-json\/wp\/v2\/comments?post=626"}],"version-history":[{"count":0,"href":"https:\/\/uenf.br\/posgraduacao\/engenharia-civil\/fr\/wp-json\/wp\/v2\/pages\/626\/revisions"}],"wp:attachment":[{"href":"https:\/\/uenf.br\/posgraduacao\/engenharia-civil\/fr\/wp-json\/wp\/v2\/media?parent=626"}],"curies":[{"name":"wp","href":"https:\/\/api.w.org\/{rel}","templated":true}]}}