{"id":663,"date":"2015-09-04T22:18:47","date_gmt":"2015-09-04T22:18:47","guid":{"rendered":"http:\/\/uenf.br\/posgraduacao\/engenharia-civil\/?page_id=663"},"modified":"2015-09-04T22:19:46","modified_gmt":"2015-09-04T22:19:46","slug":"dissertacoes-de-mestrado-2009-aliny-amaral-tebaldi","status":"publish","type":"page","link":"https:\/\/uenf.br\/posgraduacao\/engenharia-civil\/fr\/dissertacoes-de-mestrado-2009-aliny-amaral-tebaldi\/","title":{"rendered":"Disserta\u00e7\u00f5es de Mestrado 2009 &#8211; Aliny Amaral Tebaldi"},"content":{"rendered":"<p><strong><em>Resumo:<\/em> <\/strong><br \/>\nA competitividade no crescente mercado da Constru\u00e7\u00e3o Civil tem levado as empresas \u00e0 busca de inova\u00e7\u00f5es tecnol\u00f3gicas que aumentam sua rentabilidade mantendo a qualidade de seus servi\u00e7os. Assim, processos artesanais passam por processos de automa\u00e7\u00e3o reduzindo custos e aumentando a produtividade, motivo pelo quais essas n ovas tecnologias s\u00e3o cada vez mais difundidas e utilizadas no mercado.No entanto, s\u00e3o necess\u00e1rios par\u00e2metros de controle que garantam a qualidade dos produtos para a aceita\u00e7\u00e3o no mercado.Neste trabalho, tr\u00eas argamassas industrializadas utilizadas em proje\u00e7\u00e3o mecanizada foram analisadas nos seus estados, anidro, fresco e endurecido, visando o estudo das principais propriedades que inflem no processo de proje\u00e7\u00e3o e p\u00f3s \u2013 proje\u00e7\u00e3o. Com os resultados obtidos, foi poss\u00edvel analisar os principias par\u00e2metros para controle de qualidade das argamassas industrializadas, cujo destino \u00e9 a proje\u00e7\u00e3o mecanizada em paredes, como revestimento.<\/p>\n<p style=\"text-align: right\"><a href=\"#\">Veja mais.<\/a><\/p>\n","protected":false},"excerpt":{"rendered":"<p>Resumo: A competitividade no crescente mercado da Constru\u00e7\u00e3o Civil tem levado as empresas \u00e0 busca de inova\u00e7\u00f5es tecnol\u00f3gicas que aumentam&#8230;<\/p>\n","protected":false},"author":8,"featured_media":0,"parent":0,"menu_order":0,"comment_status":"closed","ping_status":"closed","template":"","meta":{"footnotes":""},"class_list":["post-663","page","type-page","status-publish","hentry"],"_links":{"self":[{"href":"https:\/\/uenf.br\/posgraduacao\/engenharia-civil\/fr\/wp-json\/wp\/v2\/pages\/663","targetHints":{"allow":["GET"]}}],"collection":[{"href":"https:\/\/uenf.br\/posgraduacao\/engenharia-civil\/fr\/wp-json\/wp\/v2\/pages"}],"about":[{"href":"https:\/\/uenf.br\/posgraduacao\/engenharia-civil\/fr\/wp-json\/wp\/v2\/types\/page"}],"author":[{"embeddable":true,"href":"https:\/\/uenf.br\/posgraduacao\/engenharia-civil\/fr\/wp-json\/wp\/v2\/users\/8"}],"replies":[{"embeddable":true,"href":"https:\/\/uenf.br\/posgraduacao\/engenharia-civil\/fr\/wp-json\/wp\/v2\/comments?post=663"}],"version-history":[{"count":0,"href":"https:\/\/uenf.br\/posgraduacao\/engenharia-civil\/fr\/wp-json\/wp\/v2\/pages\/663\/revisions"}],"wp:attachment":[{"href":"https:\/\/uenf.br\/posgraduacao\/engenharia-civil\/fr\/wp-json\/wp\/v2\/media?parent=663"}],"curies":[{"name":"wp","href":"https:\/\/api.w.org\/{rel}","templated":true}]}}