{"id":677,"date":"2015-09-04T22:30:49","date_gmt":"2015-09-04T22:30:49","guid":{"rendered":"http:\/\/uenf.br\/posgraduacao\/engenharia-civil\/?page_id=677"},"modified":"2015-09-15T17:15:49","modified_gmt":"2015-09-15T17:15:49","slug":"dissertacoes-de-mestrado-2011-ana-beatriz-carvalho-e-silva","status":"publish","type":"page","link":"https:\/\/uenf.br\/posgraduacao\/engenharia-civil\/fr\/dissertacoes-de-mestrado-2011-ana-beatriz-carvalho-e-silva\/","title":{"rendered":"Disserta\u00e7\u00f5es de Mestrado 2011- Ana Beatriz Carvalho e Silva"},"content":{"rendered":"<p><em><strong>Resumo: <\/strong><\/em><\/p>\n<p style=\"text-align: justify\">Nos \u00faltimos anos, observa-se o uso cada vez mais freq\u00fcente de t\u00e9cnicas Programa\u00e7\u00e3o Matem\u00e1tica e, mais recentemente, os Algoritmos Gen\u00e9ticos no projeto de estruturas de concreto armado. Neste contexto, esta disserta\u00e7\u00e3o apresenta uma metodologia para dimensionamento \u00f3timo de vigas de concreto armado com se\u00e7\u00f5es T, submetidas \u00e0 flex\u00e3o simples. No modelo de otimiza\u00e7\u00e3o adotado, busca-se definir vigas de custo de fabrica\u00e7\u00e3o m\u00ednimo para uma dada solicita\u00e7\u00e3o externa. Neste trabalho apresenta-se uma compara\u00e7\u00e3o dos resultados obtidos utilizando-se Algoritmos de Programa\u00e7\u00e3o Matem\u00e1tica e Algoritmos Gen\u00e9ticos, visando \u00e0 identifica\u00e7\u00e3o da t\u00e9cnica numericamente mais eficiente e que proporcione uma maior economia neste tipo de dimensionamento. No projeto \u00f3timo, s\u00e3o consideradas como vari\u00e1veis de projeto as dimens\u00f5es da se\u00e7\u00e3o transversal e as \u00e1reas das armaduras nas zonas de tra\u00e7\u00e3o e de compress\u00e3o da viga. S\u00e3o consideradas restri\u00e7\u00f5es mec\u00e2nicas referentes \u00e0 capacidade resistente da viga e o seu funcionamento no dom\u00ednio mais eficiente, considerando a posi\u00e7\u00e3o \u00f3tima da linha neutra e as condi\u00e7\u00f5es de ruptura de acordo com os materiais empregados. S\u00e3o adotados, tamb\u00e9m, limites geom\u00e9tricos sobre as vari\u00e1veis de projeto decorrentes de normas de projeto locais. S\u00e3o estudadas as possibilidades de ru\u00edna que geram diversos casos, modelados com fun\u00e7\u00f5es espec\u00edficas para cada um deles. Adicionalmente, foi proposta uma metodologia para an\u00e1lise estrutural da se\u00e7\u00e3o baseada no estado limite \u00faltimo, que torna poss\u00edvel o c\u00e1lculo da posi\u00e7\u00e3o da linha neutra, das tens\u00f5es nas armaduras de tra\u00e7\u00e3o e de compress\u00e3o e do momento resistente da se\u00e7\u00e3o. Al\u00e9m disso, foi feita uma an\u00e1lise da influ\u00eancia da resist\u00eancia do concreto no custo de fabrica\u00e7\u00e3o da viga. Os resultados realizados mostram, claramente, a grande vantagem de utiliza\u00e7\u00e3o de ferramentas de otimiza\u00e7\u00e3o estrutural no projeto de vigas de concreto armado.<\/p>\n<p>&nbsp;<\/p>\n<p style=\"text-align: right\"><a href=\"https:\/\/uenf.br\/posgraduacao\/engenharia-civil\/wp-content\/uploads\/sites\/3\/2015\/09\/ANA-BEATRIZ-CARVALHO-E-SILVA.pdf\">Download aqui.<\/a><\/p>\n","protected":false},"excerpt":{"rendered":"<p>Resumo: Nos \u00faltimos anos, observa-se o uso cada vez mais freq\u00fcente de t\u00e9cnicas Programa\u00e7\u00e3o Matem\u00e1tica e, mais recentemente, os Algoritmos&#8230;<\/p>\n","protected":false},"author":8,"featured_media":0,"parent":0,"menu_order":0,"comment_status":"closed","ping_status":"closed","template":"","meta":{"footnotes":""},"class_list":["post-677","page","type-page","status-publish","hentry"],"_links":{"self":[{"href":"https:\/\/uenf.br\/posgraduacao\/engenharia-civil\/fr\/wp-json\/wp\/v2\/pages\/677","targetHints":{"allow":["GET"]}}],"collection":[{"href":"https:\/\/uenf.br\/posgraduacao\/engenharia-civil\/fr\/wp-json\/wp\/v2\/pages"}],"about":[{"href":"https:\/\/uenf.br\/posgraduacao\/engenharia-civil\/fr\/wp-json\/wp\/v2\/types\/page"}],"author":[{"embeddable":true,"href":"https:\/\/uenf.br\/posgraduacao\/engenharia-civil\/fr\/wp-json\/wp\/v2\/users\/8"}],"replies":[{"embeddable":true,"href":"https:\/\/uenf.br\/posgraduacao\/engenharia-civil\/fr\/wp-json\/wp\/v2\/comments?post=677"}],"version-history":[{"count":0,"href":"https:\/\/uenf.br\/posgraduacao\/engenharia-civil\/fr\/wp-json\/wp\/v2\/pages\/677\/revisions"}],"wp:attachment":[{"href":"https:\/\/uenf.br\/posgraduacao\/engenharia-civil\/fr\/wp-json\/wp\/v2\/media?parent=677"}],"curies":[{"name":"wp","href":"https:\/\/api.w.org\/{rel}","templated":true}]}}