{"id":76,"date":"2015-09-03T23:27:38","date_gmt":"2015-09-03T23:27:38","guid":{"rendered":"http:\/\/uenf.br\/posgraduacao\/engenharia-civil\/?page_id=76"},"modified":"2025-02-12T13:49:16","modified_gmt":"2025-02-12T13:49:16","slug":"cursos","status":"publish","type":"page","link":"https:\/\/uenf.br\/posgraduacao\/engenharia-civil\/fr\/cursos\/","title":{"rendered":"(Portugu\u00eas do Brasil) Curso"},"content":{"rendered":"<p>&nbsp;<\/p>\n<ul>\n<li><strong>Ma\u00eetrise et Doctorat en G\u00e9nie Civil &#8211; Code : 31033016012P4<\/strong>\n<p><strong>D\u00e9but:<\/strong> Master Acad\u00e9mique 17\/05\/1994 (recommand\u00e9 en 2003 par le CAPES)<br \/>\n<strong>Titre:<\/strong> Ma\u00eetrise en g\u00e9nie civil (<strong>M.Sc.<\/strong>)<\/p>\n<p><strong>D\u00e9but:<\/strong> Doctorat Acad\u00e9mique 09\/02\/2024<br \/>\n<strong>Titre:<\/strong> Docteur en g\u00e9nie civil (<strong>D.Sc<\/strong>.)<\/p>\n<p><strong>\u00c9valuation Capes:<\/strong> Concept acad\u00e9mique de ma\u00eetrise et de doctorat : 4<br \/>\n<strong>Domaine d&rsquo;\u00e9valuation Capes:<\/strong> Ing\u00e9nierie I<\/p>\n<p><strong>Domaines de Sp\u00e9cialisation:<\/strong> Structures et g\u00e9otechnique<br \/>\n<strong>Nombre de Cr\u00e9dits Obligatoires du Master :<\/strong> 25<br \/>\n<strong>Nombre de C\u00e9dits Obligatoires pour le Doctorat :<\/strong> 35<\/li>\n<\/ul>\n<p><\/p>","protected":false},"excerpt":{"rendered":"<p>&nbsp; Ma\u00eetrise et Doctorat en G\u00e9nie Civil &#8211; Code : 31033016012P4 D\u00e9but: Master Acad\u00e9mique 17\/05\/1994 (recommand\u00e9 en 2003 par le&#8230;<\/p>\n","protected":false},"author":8,"featured_media":0,"parent":0,"menu_order":1,"comment_status":"closed","ping_status":"closed","template":"","meta":{"footnotes":""},"class_list":["post-76","page","type-page","status-publish","hentry"],"_links":{"self":[{"href":"https:\/\/uenf.br\/posgraduacao\/engenharia-civil\/fr\/wp-json\/wp\/v2\/pages\/76","targetHints":{"allow":["GET"]}}],"collection":[{"href":"https:\/\/uenf.br\/posgraduacao\/engenharia-civil\/fr\/wp-json\/wp\/v2\/pages"}],"about":[{"href":"https:\/\/uenf.br\/posgraduacao\/engenharia-civil\/fr\/wp-json\/wp\/v2\/types\/page"}],"author":[{"embeddable":true,"href":"https:\/\/uenf.br\/posgraduacao\/engenharia-civil\/fr\/wp-json\/wp\/v2\/users\/8"}],"replies":[{"embeddable":true,"href":"https:\/\/uenf.br\/posgraduacao\/engenharia-civil\/fr\/wp-json\/wp\/v2\/comments?post=76"}],"version-history":[{"count":0,"href":"https:\/\/uenf.br\/posgraduacao\/engenharia-civil\/fr\/wp-json\/wp\/v2\/pages\/76\/revisions"}],"wp:attachment":[{"href":"https:\/\/uenf.br\/posgraduacao\/engenharia-civil\/fr\/wp-json\/wp\/v2\/media?parent=76"}],"curies":[{"name":"wp","href":"https:\/\/api.w.org\/{rel}","templated":true}]}}