{"id":819,"date":"2015-09-11T19:14:22","date_gmt":"2015-09-11T19:14:22","guid":{"rendered":"http:\/\/uenf.br\/posgraduacao\/engenharia-civil\/?page_id=819"},"modified":"2015-09-11T19:15:58","modified_gmt":"2015-09-11T19:15:58","slug":"dissertacoes-de-mestrado-2005-marcos-vinicios-pereira-santana","status":"publish","type":"page","link":"https:\/\/uenf.br\/posgraduacao\/engenharia-civil\/fr\/dissertacoes-de-mestrado-2005-marcos-vinicios-pereira-santana\/","title":{"rendered":"Disserta\u00e7\u00f5es de Mestrado 2005 &#8211; MARCOS VINICIOS PEREIRA SANT\u2019ANA"},"content":{"rendered":"<p><strong>Resumo<\/strong><\/p>\n<p style=\"text-align: justify\">O concreto refor\u00e7ado com fibras vem sendo utilizado cada vez mais nas \u00faltimas quatro d\u00e9cadas em elementos estruturais que requerem uma boa tenacidade. Na literatura t\u00e9cnica, existem muitos trabalhos experimentais que possibilitam uma melhor compreens\u00e3o do comportamento mec\u00e2nico deste material. Em termos de modelagem num\u00e9rica, os in\u00fameros modelos propostos para simular o comportamento mec\u00e2nico do concreto refor\u00e7ado com fibras podem ser divididos em dois grandes grupos. No primeiro grupo, a modelagem \u00e9 feita considerando o concreto refor\u00e7ado com fibras como um comp\u00f3sito bif\u00e1sico, ou seja, atrav\u00e9s das propriedades dos componentes deste comp\u00f3sito. O segundo grupo considera este material como um material monof\u00e1sico, sendo modelado por meio de leis\u00a0constitutivas do conjunto. Estes in\u00fameros modelos, em fun\u00e7\u00e3o da variedade de par\u00e2metros que afetam o comportamento do concreto refor\u00e7ado com fibras, utilizam simplifica\u00e7\u00f5es. Por este motivo, continua sendo necess\u00e1rio o desenvolvimento de novos modelos que possam considerar e representar os par\u00e2metros que influenciam\u00a0o comportamento deste comp\u00f3sito, como por exemplo: a deteriora\u00e7\u00e3o da ader\u00eancia na interface entre os dois materiais, a distribui\u00e7\u00e3o e a orienta\u00e7\u00e3o aleat\u00f3ria das fibras. Neste trabalho, apresenta-se um modelo num\u00e9rico com o m\u00e9todo dos elementos finitos que utiliza tr\u00eas discretiza\u00e7\u00f5es de representa\u00e7\u00e3o deste comp\u00f3sito. Nas duas<br \/>\nprimeiras, com o objetivo de simular o efeito destes par\u00e2metros acima referidos no comportamento do concreto refor\u00e7ado com fibra, adota-se uma modelagem que considera este material como um comp\u00f3sito bif\u00e1sico, o concreto e as fibras e uma interface de espessura infinitesimal entre estas fases. A diferen\u00e7a entre as duas discretiza\u00e7\u00f5es bif\u00e1sicas est\u00e1 no tipo de malha adotada para representar a distribui\u00e7\u00e3o das fibras e sua aleatoriedade. Na primeira, o concreto \u00e9 representado por uma malha de elementos quadrilaterais retangulares quadr\u00e1ticos e as fibras por elementos de treli\u00e7a aleatoriamente distribu\u00eddas nas arestas dos elementos quadrilaterais. Na segunda, as fibras est\u00e3o distribu\u00eddas aleatoriamente nas arestas de elementos quadrilaterais n\u00e3o retangulares. O equil\u00edbrio do sistema \u00e9 equacionado partindo do salto de deslocamento que ocorre na interface entre o concreto e a fibra. Na terceira forma, o concreto refor\u00e7ado com fibras \u00e9 considerado como um material monof\u00e1sico com caracter\u00edsticas definidas de acordo com resultados experimentais. Os resultados num\u00e9ricos obtidos com as diferentes discretiza\u00e7\u00f5es s\u00e3o comparados com resultados experimentais dispon\u00edveis para avaliar a efici\u00eancia do modelo.<\/p>\n<p style=\"text-align: right\"><a href=\"http:\/\/uenf.br\/posgraduacao\/engenharia-civil\/wp-content\/uploads\/sites\/3\/2015\/09\/MARCOS-VINICIOS-PEREIRA-SANT\u2019ANA.pdf\">Download aqui.<\/a><\/p>\n","protected":false},"excerpt":{"rendered":"<p>Resumo O concreto refor\u00e7ado com fibras vem sendo utilizado cada vez mais nas \u00faltimas quatro d\u00e9cadas em elementos estruturais que&#8230;<\/p>\n","protected":false},"author":8,"featured_media":0,"parent":0,"menu_order":0,"comment_status":"closed","ping_status":"closed","template":"","meta":{"footnotes":""},"class_list":["post-819","page","type-page","status-publish","hentry"],"_links":{"self":[{"href":"https:\/\/uenf.br\/posgraduacao\/engenharia-civil\/fr\/wp-json\/wp\/v2\/pages\/819","targetHints":{"allow":["GET"]}}],"collection":[{"href":"https:\/\/uenf.br\/posgraduacao\/engenharia-civil\/fr\/wp-json\/wp\/v2\/pages"}],"about":[{"href":"https:\/\/uenf.br\/posgraduacao\/engenharia-civil\/fr\/wp-json\/wp\/v2\/types\/page"}],"author":[{"embeddable":true,"href":"https:\/\/uenf.br\/posgraduacao\/engenharia-civil\/fr\/wp-json\/wp\/v2\/users\/8"}],"replies":[{"embeddable":true,"href":"https:\/\/uenf.br\/posgraduacao\/engenharia-civil\/fr\/wp-json\/wp\/v2\/comments?post=819"}],"version-history":[{"count":0,"href":"https:\/\/uenf.br\/posgraduacao\/engenharia-civil\/fr\/wp-json\/wp\/v2\/pages\/819\/revisions"}],"wp:attachment":[{"href":"https:\/\/uenf.br\/posgraduacao\/engenharia-civil\/fr\/wp-json\/wp\/v2\/media?parent=819"}],"curies":[{"name":"wp","href":"https:\/\/api.w.org\/{rel}","templated":true}]}}