{"id":901,"date":"2015-09-11T20:47:32","date_gmt":"2015-09-11T20:47:32","guid":{"rendered":"http:\/\/uenf.br\/posgraduacao\/engenharia-civil\/?page_id=901"},"modified":"2015-09-11T20:50:21","modified_gmt":"2015-09-11T20:50:21","slug":"dissertacoes-de-mestrado-2007-alexandre-vianna-bahiense","status":"publish","type":"page","link":"https:\/\/uenf.br\/posgraduacao\/engenharia-civil\/fr\/dissertacoes-de-mestrado-2007-alexandre-vianna-bahiense\/","title":{"rendered":"Disserta\u00e7\u00f5es de Mestrado 2007 &#8211; ALEXANDRE VIANNA BAHIENSE"},"content":{"rendered":"<p><strong>Resumo<\/strong><\/p>\n<p style=\"text-align: justify\">O volume de res\u00edduos s\u00f3lidos produzidos pelas ind\u00fastrias vem se tornando um s\u00e9rio problema ambiental, principalmente por n\u00e3o possu\u00edrem um destino correto. Como toda grande ind\u00fastria, a de rochas ornamentais \u00e9 tamb\u00e9m uma grande geradora de res\u00edduos devido aos processos de extra\u00e7\u00e3o e beneficiamento dos blocos. O munic\u00edpio de Cachoeiro de Itapemirim\u2013ES \u00e9 o maior produtor de rochas ornamentais do Brasil com cerca de 600 empresas, principalmente de beneficiamento. Estima-se que essa atividade industrial gera, somente neste munic\u00edpio, um volume de 4.000 ton\/m\u00eas de res\u00edduos em forma de lama abrasiva. Assim como a ind\u00fastria do beneficiamento de rochas, a constru\u00e7\u00e3o civil \u00e9 o setor da ind\u00fastria que consome grandes quantidades de mat\u00e9rias-primas naturais e, apesar de ser um grande gerador de res\u00edduos, mostra-se como uma alternativa para diminuir parte do impacto ambiental causado pelo processo de beneficiamento de rochas ornamentais. Apesar dos v\u00e1rios estudos j\u00e1 realizados sobre incorpora\u00e7\u00e3o de res\u00edduos aos materiais de constru\u00e7\u00e3o, torna-se necess\u00e1rio um planejamento dos\u00a0experimentos para que se fuja do empirismo das misturas, a fim de que seja alcan\u00e7ado um desempenho satisfat\u00f3rio de suas propriedades e, sem d\u00favida, favorecer o desenvolvimento sustent\u00e1vel. A proposta desta disserta\u00e7\u00e3o se concentra no uso do planejamento de experimentos com aplica\u00e7\u00e3o da metodologia de rede simplex de misturas e avalia\u00e7\u00e3o do comportamento da argamassa em fun\u00e7\u00e3o do teor de incorpora\u00e7\u00e3o do res\u00edduo. A propriedade analisada foi a de resist\u00eancia \u00e0 compress\u00e3o, por ser fun\u00e7\u00e3o de outras propriedades de interesse em concretos, tais\u00a0com porosidade, tra\u00e7\u00e3o, absor\u00e7\u00e3o de \u00e1gua, etc. Adotou-se, para a formula\u00e7\u00e3o das superf\u00edcies de resposta, tr\u00eas \u00edndices de consist\u00eancia afim de que se determinasse os teores de \u00e1gua e as restri\u00e7\u00f5es experimentais dos componentes das argamassas. As consist\u00eancias adotadas foram de 255 \u00b1 10 mm; 255 \u00b1 20 mm e 255 \u00b1 30 mm, cujas porcentagens m\u00e1ximas de incorpora\u00e7\u00e3o de res\u00edduo foram de 20, 30 e 40 % respectivamente. O modelo matem\u00e1tico que mais se ajustou aos experimentos foi o Modelo C\u00fabico Completo para todas as consist\u00eancias.<\/p>\n<p style=\"text-align: right\"><a href=\"http:\/\/uenf.br\/posgraduacao\/engenharia-civil\/wp-content\/uploads\/sites\/3\/2015\/09\/ALEXANDRE-VIANNA-BAHIENSE.pdf\">Download aqui.<\/a><\/p>\n","protected":false},"excerpt":{"rendered":"<p>Resumo O volume de res\u00edduos s\u00f3lidos produzidos pelas ind\u00fastrias vem se tornando um s\u00e9rio problema ambiental, principalmente por n\u00e3o possu\u00edrem&#8230;<\/p>\n","protected":false},"author":8,"featured_media":0,"parent":0,"menu_order":0,"comment_status":"closed","ping_status":"closed","template":"","meta":{"footnotes":""},"class_list":["post-901","page","type-page","status-publish","hentry"],"_links":{"self":[{"href":"https:\/\/uenf.br\/posgraduacao\/engenharia-civil\/fr\/wp-json\/wp\/v2\/pages\/901","targetHints":{"allow":["GET"]}}],"collection":[{"href":"https:\/\/uenf.br\/posgraduacao\/engenharia-civil\/fr\/wp-json\/wp\/v2\/pages"}],"about":[{"href":"https:\/\/uenf.br\/posgraduacao\/engenharia-civil\/fr\/wp-json\/wp\/v2\/types\/page"}],"author":[{"embeddable":true,"href":"https:\/\/uenf.br\/posgraduacao\/engenharia-civil\/fr\/wp-json\/wp\/v2\/users\/8"}],"replies":[{"embeddable":true,"href":"https:\/\/uenf.br\/posgraduacao\/engenharia-civil\/fr\/wp-json\/wp\/v2\/comments?post=901"}],"version-history":[{"count":0,"href":"https:\/\/uenf.br\/posgraduacao\/engenharia-civil\/fr\/wp-json\/wp\/v2\/pages\/901\/revisions"}],"wp:attachment":[{"href":"https:\/\/uenf.br\/posgraduacao\/engenharia-civil\/fr\/wp-json\/wp\/v2\/media?parent=901"}],"curies":[{"name":"wp","href":"https:\/\/api.w.org\/{rel}","templated":true}]}}