{"id":915,"date":"2015-09-11T21:06:02","date_gmt":"2015-09-11T21:06:02","guid":{"rendered":"http:\/\/uenf.br\/posgraduacao\/engenharia-civil\/?page_id=915"},"modified":"2015-09-11T21:06:02","modified_gmt":"2015-09-11T21:06:02","slug":"dissertacoes-de-mestrado-2007-francisco-de-deus-fonseca-neto","status":"publish","type":"page","link":"https:\/\/uenf.br\/posgraduacao\/engenharia-civil\/fr\/dissertacoes-de-mestrado-2007-francisco-de-deus-fonseca-neto\/","title":{"rendered":"Disserta\u00e7\u00f5es de Mestrado 2007 &#8211; FRANCISCO DE DEUS FONSECA NETO"},"content":{"rendered":"<p><strong>Resumo<\/strong><\/p>\n<p style=\"text-align: justify\">Em campos dos Goytacazes, o vinhoto, um dos subprodutos da produ\u00e7\u00e3o de a\u00e7\u00facar e \u00e1lcool em usinas de cana-de-a\u00e7\u00facar, vem sendo utilizado intensamente nas \u00e1reas de planta\u00e7\u00e3o para fertirrigar o solo devido o elevado teor de micro-nutrientes existentes na sua composi\u00e7\u00e3o qu\u00edmica. Entretanto, se por um lado a fertirriga\u00e7\u00e3o pode favorecer as lavouras com o bom desenvolvimento da cana-de-a\u00e7\u00facar, no que diz respeito \u00e0 qualidade e ao tempo de matura\u00e7\u00e3o da planta, por outro lado a fertirriga\u00e7\u00e3o pode causar a contamina\u00e7\u00e3o do len\u00e7ol fre\u00e1tico. Dentro deste contexto, o principal objetivo deste trabalho \u00e9 a investiga\u00e7\u00e3o da intera\u00e7\u00e3o do vinhoto com um solo da regi\u00e3o de Campos dos Goytacazes. Neste trabalho o nitrato e o pot\u00e1ssio foram escolhidos como refer\u00eancia para avaliar a intera\u00e7\u00e3o tendo em vista os elevados teores destes na composi\u00e7\u00e3o qu\u00edmica do vinhoto e as exig\u00eancias dos \u00f3rg\u00e3os ambientais que limitam os teores de nitrato na \u00e1gua para consider\u00e1-la adequada para o consumo humano. O programa experimental consistiu de ensaios de caracteriza\u00e7\u00e3o de solos, conforme as normas t\u00e9cnicas da ABNT, an\u00e1lise qu\u00edmica do solo, ensaios de compacta\u00e7\u00e3o, ensaios de permeabilidade e de difus\u00e3o com corpos de prova reconstitu\u00eddos. Os ensaios de difus\u00e3o foram realizados no Departamento de Engenharia Civil da Universidade Federal de Vi\u00e7osa. O coeficiente de difus\u00e3o efetiva do solo foi determinado com o programa POLLUTE. As an\u00e1lises dos resultados dos ensaios demonstram que a dura\u00e7\u00e3o dos mesmos \u00e9 um fator determinante na adsor\u00e7\u00e3o dos \u00edons adsorvido, K+ e NO3- .<\/p>\n<p style=\"text-align: justify\">\n<p style=\"text-align: right\"><a href=\"http:\/\/uenf.br\/posgraduacao\/engenharia-civil\/wp-content\/uploads\/sites\/3\/2015\/09\/FRANCISCO-DE-DEUS-FONSECA-NETO.pdf\">Download aqui.<\/a><\/p>\n","protected":false},"excerpt":{"rendered":"<p>Resumo Em campos dos Goytacazes, o vinhoto, um dos subprodutos da produ\u00e7\u00e3o de a\u00e7\u00facar e \u00e1lcool em usinas de cana-de-a\u00e7\u00facar,&#8230;<\/p>\n","protected":false},"author":8,"featured_media":0,"parent":0,"menu_order":0,"comment_status":"closed","ping_status":"closed","template":"","meta":{"footnotes":""},"class_list":["post-915","page","type-page","status-publish","hentry"],"_links":{"self":[{"href":"https:\/\/uenf.br\/posgraduacao\/engenharia-civil\/fr\/wp-json\/wp\/v2\/pages\/915","targetHints":{"allow":["GET"]}}],"collection":[{"href":"https:\/\/uenf.br\/posgraduacao\/engenharia-civil\/fr\/wp-json\/wp\/v2\/pages"}],"about":[{"href":"https:\/\/uenf.br\/posgraduacao\/engenharia-civil\/fr\/wp-json\/wp\/v2\/types\/page"}],"author":[{"embeddable":true,"href":"https:\/\/uenf.br\/posgraduacao\/engenharia-civil\/fr\/wp-json\/wp\/v2\/users\/8"}],"replies":[{"embeddable":true,"href":"https:\/\/uenf.br\/posgraduacao\/engenharia-civil\/fr\/wp-json\/wp\/v2\/comments?post=915"}],"version-history":[{"count":0,"href":"https:\/\/uenf.br\/posgraduacao\/engenharia-civil\/fr\/wp-json\/wp\/v2\/pages\/915\/revisions"}],"wp:attachment":[{"href":"https:\/\/uenf.br\/posgraduacao\/engenharia-civil\/fr\/wp-json\/wp\/v2\/media?parent=915"}],"curies":[{"name":"wp","href":"https:\/\/api.w.org\/{rel}","templated":true}]}}