{"id":924,"date":"2015-09-11T21:17:04","date_gmt":"2015-09-11T21:17:04","guid":{"rendered":"http:\/\/uenf.br\/posgraduacao\/engenharia-civil\/?page_id=924"},"modified":"2015-09-11T21:17:55","modified_gmt":"2015-09-11T21:17:55","slug":"dissertacoes-de-mestrado-2007-leonardo-goncalves-pedroti","status":"publish","type":"page","link":"https:\/\/uenf.br\/posgraduacao\/engenharia-civil\/fr\/dissertacoes-de-mestrado-2007-leonardo-goncalves-pedroti\/","title":{"rendered":"Disserta\u00e7\u00f5es de Mestrado 2007 &#8211; LEONARDO GON\u00c7ALVES PEDROTI"},"content":{"rendered":"<p><strong>Resumo<\/strong><\/p>\n<p style=\"text-align: justify\">O munic\u00edpio de Campos dos Goytacazes \u00e9 um dos principais produtores de pe\u00e7as\u00a0cer\u00e2micas para serem utilizadas na constru\u00e7\u00e3o civil do estado do Rio de Janeiro. O\u00a0processo de produ\u00e7\u00e3o normalmente usado nessas ind\u00fastrias \u00e9 a extrus\u00e3o, em que o\u00a0material argiloso \u00e9 umedecido para ser moldado, o que acarreta uma maior\u00a0variabilidade dimensional das unidades devido \u00e0 retra\u00e7\u00e3o. Quando n\u00e3o descartados\u00a0devido \u00e0s deforma\u00e7\u00f5es elevadas, esses blocos se tornam grandes problemas nos\u00a0canteiros de obra, pois a deformidade exige corre\u00e7\u00f5es com o uso de argamassas.<br \/>\nEsse modelo de produ\u00e7\u00e3o tamb\u00e9m exige tempo e grandes espa\u00e7os f\u00edsicos para\u00a0secagem, o que agrega um custo adicional. A grande maioria dos processos\u00a0produtivos \u00e9 custosa e necessitam de diferentes equipamentos para a fabrica\u00e7\u00e3o de\u00a0um determinando produto, algumas vezes, inviabilizando um novo neg\u00f3cio. Devido a\u00a0esses fatores, foi desenvolvida, a partir de uma t\u00e9cnica de moldagem do bloco em\u00a0solo-cimento, uma nova morfologia de blocos cer\u00e2micos, em que esses deixam de\u00a0ser extrudados para serem prensados. A t\u00e9cnica de prensagem resgata a efici\u00eancia\u00a0construtiva j\u00e1 conhecida pelos blocos em solo-cimento, possibilitando uma maior\u00a0rapidez nas obras e uma redu\u00e7\u00e3o no custo de processos de fabrica\u00e7\u00e3o. Dessa\u00a0forma, este trabalho visa o estudo de uma nova morfologia em bloco cer\u00e2mico, \u00a0por\u00a0processo de prensagem, contemplando as normas de blocos cer\u00e2micos e de solocimento,<br \/>\ne a compara\u00e7\u00e3o entre os modelos cer\u00e2micos extrudados, prensados e solocimento.\u00a0Foram realizados, tamb\u00e9m, ensaios em prismas e comparativos num\u00e9ricos\u00a0entre blocos, prismas e paredes, com o uso da modelagem computacional.<\/p>\n<p style=\"text-align: right\"><a href=\"http:\/\/uenf.br\/posgraduacao\/engenharia-civil\/wp-content\/uploads\/sites\/3\/2015\/09\/LEONARDO-GON\u00c7ALVES-PEDROTI.pdf\">Download aqui.<\/a><\/p>\n","protected":false},"excerpt":{"rendered":"<p>Resumo O munic\u00edpio de Campos dos Goytacazes \u00e9 um dos principais produtores de pe\u00e7as\u00a0cer\u00e2micas para serem utilizadas na constru\u00e7\u00e3o civil&#8230;<\/p>\n","protected":false},"author":8,"featured_media":0,"parent":0,"menu_order":0,"comment_status":"closed","ping_status":"closed","template":"","meta":{"footnotes":""},"class_list":["post-924","page","type-page","status-publish","hentry"],"_links":{"self":[{"href":"https:\/\/uenf.br\/posgraduacao\/engenharia-civil\/fr\/wp-json\/wp\/v2\/pages\/924","targetHints":{"allow":["GET"]}}],"collection":[{"href":"https:\/\/uenf.br\/posgraduacao\/engenharia-civil\/fr\/wp-json\/wp\/v2\/pages"}],"about":[{"href":"https:\/\/uenf.br\/posgraduacao\/engenharia-civil\/fr\/wp-json\/wp\/v2\/types\/page"}],"author":[{"embeddable":true,"href":"https:\/\/uenf.br\/posgraduacao\/engenharia-civil\/fr\/wp-json\/wp\/v2\/users\/8"}],"replies":[{"embeddable":true,"href":"https:\/\/uenf.br\/posgraduacao\/engenharia-civil\/fr\/wp-json\/wp\/v2\/comments?post=924"}],"version-history":[{"count":0,"href":"https:\/\/uenf.br\/posgraduacao\/engenharia-civil\/fr\/wp-json\/wp\/v2\/pages\/924\/revisions"}],"wp:attachment":[{"href":"https:\/\/uenf.br\/posgraduacao\/engenharia-civil\/fr\/wp-json\/wp\/v2\/media?parent=924"}],"curies":[{"name":"wp","href":"https:\/\/api.w.org\/{rel}","templated":true}]}}