{"id":1004,"date":"2015-09-15T17:06:43","date_gmt":"2015-09-15T17:06:43","guid":{"rendered":"http:\/\/uenf.br\/posgraduacao\/engenharia-civil\/?page_id=1004"},"modified":"2015-09-15T17:10:39","modified_gmt":"2015-09-15T17:10:39","slug":"dissertacoes-de-mestrado-2012-jose-luiz-ernandes-dias-filho","status":"publish","type":"page","link":"https:\/\/uenf.br\/posgraduacao\/engenharia-civil\/dissertacoes-de-mestrado-2012-jose-luiz-ernandes-dias-filho\/","title":{"rendered":"Disserta\u00e7\u00f5es de Mestrado 2012 &#8211; JOS\u00c9 LUIZ ERNANDES DIAS FILHO"},"content":{"rendered":"<p><strong>Resumo<\/strong><\/p>\n<p style=\"text-align: justify\">Este trabalho apresenta uma avalia\u00e7\u00e3o do comportamento de um gnaisse ornamental proveniente de pedreira da Regi\u00e3o Norte Fluminense, submetida a processo de degrada\u00e7\u00e3o acelerada em equipamento de degrada\u00e7\u00e3o. Foi analisado o comportamento do material rochoso atrav\u00e9s do ensaio de resist\u00eancia a desgaste, utilizando-se corpos de prova prism\u00e1ticos. Observou-se um significativo aumento no desgaste dos materiais estudados, alterados aceleradamente no laborat\u00f3rio, quando comparada ao intacto. No estudo a varia\u00e7\u00e3o da energia de desgaste \u00e9 feita atrav\u00e9s da varia\u00e7\u00e3o da velocidade de rota\u00e7\u00e3o de um equipamento slake durability, adaptado para a pesquisa. Os resultados indicam que o aumento da velocidade de rota\u00e7\u00e3o da c\u00e2mara de desgaste provoca um aumento n\u00e3o linear do desgaste. Esse comportamento confirma que a velocidade de altera\u00e7\u00e3o da rocha \u00e9 maior em ambientes com maior energia de degrada\u00e7\u00e3o e que o n\u00edvel de altera\u00e7\u00e3o n\u00e3o obedece a uma fun\u00e7\u00e3o linear com a energia de degrada\u00e7\u00e3o do meio. Este trabalho traz uma an\u00e1lise cr\u00edtica sobre o assunto e assim, espera-se melhor entender a rela\u00e7\u00e3o entre a energia de desgaste e a durabilidade nos materiais estudados.<\/p>\n<p style=\"text-align: right\"><a href=\"http:\/\/uenf.br\/posgraduacao\/engenharia-civil\/wp-content\/uploads\/sites\/3\/2015\/09\/Dissertacao-JOSe-LUIZ-ERNANDES-DIAS-FILHO.pdf\">Download aqui.<\/a><\/p>\n","protected":false},"excerpt":{"rendered":"<p>Resumo Este trabalho apresenta uma avalia\u00e7\u00e3o do comportamento de um gnaisse ornamental proveniente de pedreira da Regi\u00e3o Norte Fluminense, submetida&#8230;<\/p>\n","protected":false},"author":8,"featured_media":0,"parent":0,"menu_order":0,"comment_status":"closed","ping_status":"closed","template":"","meta":{"footnotes":""},"class_list":["post-1004","page","type-page","status-publish","hentry"],"_links":{"self":[{"href":"https:\/\/uenf.br\/posgraduacao\/engenharia-civil\/wp-json\/wp\/v2\/pages\/1004","targetHints":{"allow":["GET"]}}],"collection":[{"href":"https:\/\/uenf.br\/posgraduacao\/engenharia-civil\/wp-json\/wp\/v2\/pages"}],"about":[{"href":"https:\/\/uenf.br\/posgraduacao\/engenharia-civil\/wp-json\/wp\/v2\/types\/page"}],"author":[{"embeddable":true,"href":"https:\/\/uenf.br\/posgraduacao\/engenharia-civil\/wp-json\/wp\/v2\/users\/8"}],"replies":[{"embeddable":true,"href":"https:\/\/uenf.br\/posgraduacao\/engenharia-civil\/wp-json\/wp\/v2\/comments?post=1004"}],"version-history":[{"count":0,"href":"https:\/\/uenf.br\/posgraduacao\/engenharia-civil\/wp-json\/wp\/v2\/pages\/1004\/revisions"}],"wp:attachment":[{"href":"https:\/\/uenf.br\/posgraduacao\/engenharia-civil\/wp-json\/wp\/v2\/media?parent=1004"}],"curies":[{"name":"wp","href":"https:\/\/api.w.org\/{rel}","templated":true}]}}