{"id":1014,"date":"2015-09-15T17:30:27","date_gmt":"2015-09-15T17:30:27","guid":{"rendered":"http:\/\/uenf.br\/posgraduacao\/engenharia-civil\/?page_id=1014"},"modified":"2015-09-15T17:57:42","modified_gmt":"2015-09-15T17:57:42","slug":"dissertacoes-de-mestrado-2011-thais-ribeiro-barroso","status":"publish","type":"page","link":"https:\/\/uenf.br\/posgraduacao\/engenharia-civil\/dissertacoes-de-mestrado-2011-thais-ribeiro-barroso\/","title":{"rendered":"Disserta\u00e7\u00f5es de Mestrado 2011 &#8211; THAIS RIBEIRO BARROSO"},"content":{"rendered":"<p style=\"text-align: justify\"><strong>Resumo<\/strong><br \/>\nEsta pesquisa teve por finalidade investigar aspectos relacionados \u00e0 produ\u00e7\u00e3o e \u00e0 caracteriza\u00e7\u00e3o de cinzas pozol\u00e2nicas a partir de duas cinzas residuais do baga\u00e7o de cana-de-a\u00e7\u00facar, coletadas no Munic\u00edpio de Campos dos Goytacazes\/RJ, para a produ\u00e7\u00e3o de argamassas e concretos com substitui\u00e7\u00e3o parcial de cimento Portland por cinza. As amostras de cinza passaram por processos controlados de moagem em moinho de bolas e queima em laborat\u00f3rio e em escala semi-industrial. Ap\u00f3s estes processos,\u00a0sete cinzas do baga\u00e7o distintas foram produzidas e caracterizadas com ensaios de composi\u00e7\u00e3o qu\u00edmica, granulometria, compacidade, superf\u00edcie espec\u00edfica BET, difra\u00e7\u00e3o de raios X, \u00edndice de atividade pozol\u00e2nica com cimento Portland, atividade pozol\u00e2nica Chapelle e condutividade el\u00e9trica. A\u00a0influ\u00eancia da substitui\u00e7\u00e3o parcial de cimento (0 a 35%, em volume) na resist\u00eancia \u00e0 compress\u00e3o de argamassas foi investigada ap\u00f3s 28 dias de cura. De acordo com os resultados obtidos, tr\u00eas diferentes cinzas foram selecionadas para substitui\u00e7\u00e3o de 20% de cimento em um concreto de 40<br \/>\nMPa de resist\u00eancia \u00e0 compress\u00e3o aos 28 dias. A dosagem foi realizada por meio do M\u00e9todo de Empacotamento. Compress\u00edvel de part\u00edculas e as propriedades do concreto avaliadas foram: abatimento do tronco de cone, massa espec\u00edfica, absor\u00e7\u00e3o de \u00e1gua e \u00edndice de vazios aos 28 dias e\u00a0resist\u00eancia \u00e0 compress\u00e3o aos 3, 7, 28 e 180 dias de cura. Dentre os resultados obtidos, destaca-se a alta atividade pozol\u00e2nica das cinzas ultrafinas calcinadas em laborat\u00f3rio e em escala semi-industrial e a adequada resist\u00eancia mec\u00e2nica apresentada pelos concretos com as cinzas do baga\u00e7o de cana-de-a\u00e7\u00facar.<\/p>\n<p style=\"text-align: right\"><a href=\"https:\/\/uenf.br\/posgraduacao\/engenharia-civil\/wp-content\/uploads\/sites\/3\/2015\/09\/Tha\u00eds-Ribeiro-Barroso.pdf\">Download aqui.<\/a><\/p>\n","protected":false},"excerpt":{"rendered":"<p>Resumo Esta pesquisa teve por finalidade investigar aspectos relacionados \u00e0 produ\u00e7\u00e3o e \u00e0 caracteriza\u00e7\u00e3o de cinzas pozol\u00e2nicas a partir de&#8230;<\/p>\n","protected":false},"author":8,"featured_media":0,"parent":0,"menu_order":0,"comment_status":"closed","ping_status":"closed","template":"","meta":{"footnotes":""},"class_list":["post-1014","page","type-page","status-publish","hentry"],"_links":{"self":[{"href":"https:\/\/uenf.br\/posgraduacao\/engenharia-civil\/wp-json\/wp\/v2\/pages\/1014","targetHints":{"allow":["GET"]}}],"collection":[{"href":"https:\/\/uenf.br\/posgraduacao\/engenharia-civil\/wp-json\/wp\/v2\/pages"}],"about":[{"href":"https:\/\/uenf.br\/posgraduacao\/engenharia-civil\/wp-json\/wp\/v2\/types\/page"}],"author":[{"embeddable":true,"href":"https:\/\/uenf.br\/posgraduacao\/engenharia-civil\/wp-json\/wp\/v2\/users\/8"}],"replies":[{"embeddable":true,"href":"https:\/\/uenf.br\/posgraduacao\/engenharia-civil\/wp-json\/wp\/v2\/comments?post=1014"}],"version-history":[{"count":0,"href":"https:\/\/uenf.br\/posgraduacao\/engenharia-civil\/wp-json\/wp\/v2\/pages\/1014\/revisions"}],"wp:attachment":[{"href":"https:\/\/uenf.br\/posgraduacao\/engenharia-civil\/wp-json\/wp\/v2\/media?parent=1014"}],"curies":[{"name":"wp","href":"https:\/\/api.w.org\/{rel}","templated":true}]}}