{"id":1027,"date":"2015-09-15T17:45:59","date_gmt":"2015-09-15T17:45:59","guid":{"rendered":"http:\/\/uenf.br\/posgraduacao\/engenharia-civil\/?page_id=1027"},"modified":"2015-09-16T14:32:38","modified_gmt":"2015-09-16T14:32:38","slug":"dissertacoes-de-mestrado-2011-wagner-nogueira-sterck","status":"publish","type":"page","link":"https:\/\/uenf.br\/posgraduacao\/engenharia-civil\/dissertacoes-de-mestrado-2011-wagner-nogueira-sterck\/","title":{"rendered":"Disserta\u00e7\u00f5es de Mestrado 2011 &#8211; WAGNER NOGUEIRA STERCK"},"content":{"rendered":"<p><strong>Resumo<\/strong><\/p>\n<p style=\"text-align: justify\">A condutividade hidr\u00e1ulica de um solo n\u00e3o saturado \u00e9 requerida em diversos problemas relacionados \u00e0 engenharia geot\u00e9cnica. A freq\u00fcente simplifica\u00e7\u00e3o considerando o solo saturado ou totalmente seco nem sempre \u00e9 adequada. Neste trabalho uma metodologia alternativa para determina\u00e7\u00e3o direta da curva de reten\u00e7\u00e3o de \u00e1gua no solo, ou curva caracter\u00edstica de suc\u00e7\u00e3o, e obten\u00e7\u00e3o da condutividade hidr\u00e1ulica de solos n\u00e3o saturados foi desenvolvida por meio de uma centrifuga de pequena escala dispon\u00edvel comercialmente sem instrumenta\u00e7\u00e3o em v\u00f4o. Esta metodologia foi aplicada na avalia\u00e7\u00e3o da curva caracter\u00edstica de suc\u00e7\u00e3o de um perfil de solo residual de gnaisse usando amostras remoldadas e indeformadas. Os resultados mostram boa concord\u00e2ncia com outras metodologias bem estabelecidas como o m\u00e9todo do papel filtro, funil de placa porosa e c\u00e2mara de press\u00e3o. As condutividade hidr\u00e1ulicas n\u00e3o saturadas estimadas foram comparadas aos valores te\u00f3ricos previstos pelo modelo matem\u00e1tico de Mualen &#8211; van Genuchten (van Genuchten, 1980) indicando boa concord\u00e2ncia. Desta forma, pode ser conclu\u00eddo que a metodologia proposta apresenta boa precis\u00e3o na determina\u00e7\u00e3o da curva caracter\u00edstica de suc\u00e7\u00e3o e condutividade hidr\u00e1ulica n\u00e3o saturada assegurando boa concord\u00e2ncia com resultados de m\u00e9todos convencionais.<\/p>\n<p style=\"text-align: right\"><a href=\"http:\/\/uenf.br\/posgraduacao\/engenharia-civil\/wp-content\/uploads\/sites\/3\/2015\/09\/WAGNER-NOGUEIRA-STERCK.pdf\">Download aqui.<\/a><\/p>\n","protected":false},"excerpt":{"rendered":"<p>Resumo A condutividade hidr\u00e1ulica de um solo n\u00e3o saturado \u00e9 requerida em diversos problemas relacionados \u00e0 engenharia geot\u00e9cnica. A freq\u00fcente&#8230;<\/p>\n","protected":false},"author":8,"featured_media":0,"parent":0,"menu_order":0,"comment_status":"closed","ping_status":"closed","template":"","meta":{"footnotes":""},"class_list":["post-1027","page","type-page","status-publish","hentry"],"_links":{"self":[{"href":"https:\/\/uenf.br\/posgraduacao\/engenharia-civil\/wp-json\/wp\/v2\/pages\/1027","targetHints":{"allow":["GET"]}}],"collection":[{"href":"https:\/\/uenf.br\/posgraduacao\/engenharia-civil\/wp-json\/wp\/v2\/pages"}],"about":[{"href":"https:\/\/uenf.br\/posgraduacao\/engenharia-civil\/wp-json\/wp\/v2\/types\/page"}],"author":[{"embeddable":true,"href":"https:\/\/uenf.br\/posgraduacao\/engenharia-civil\/wp-json\/wp\/v2\/users\/8"}],"replies":[{"embeddable":true,"href":"https:\/\/uenf.br\/posgraduacao\/engenharia-civil\/wp-json\/wp\/v2\/comments?post=1027"}],"version-history":[{"count":0,"href":"https:\/\/uenf.br\/posgraduacao\/engenharia-civil\/wp-json\/wp\/v2\/pages\/1027\/revisions"}],"wp:attachment":[{"href":"https:\/\/uenf.br\/posgraduacao\/engenharia-civil\/wp-json\/wp\/v2\/media?parent=1027"}],"curies":[{"name":"wp","href":"https:\/\/api.w.org\/{rel}","templated":true}]}}