{"id":107,"date":"2015-09-04T12:02:19","date_gmt":"2015-09-04T12:02:19","guid":{"rendered":"http:\/\/uenf.br\/posgraduacao\/engenharia-civil\/?page_id=107"},"modified":"2020-04-13T13:47:02","modified_gmt":"2020-04-13T13:47:02","slug":"prof-aldo-durand-farfan","status":"publish","type":"page","link":"https:\/\/uenf.br\/posgraduacao\/engenharia-civil\/corpo-docente-2\/prof-aldo-durand-farfan\/","title":{"rendered":"Prof. Aldo Durand Farf\u00e1n"},"content":{"rendered":"<p><div id=\"attachment_109\" style=\"width: 226px\" class=\"wp-caption alignleft\"><a href=\"http:\/\/uenf.br\/posgraduacao\/engenharia-civil\/wp-content\/uploads\/sites\/3\/2015\/09\/fotoAldo.jpg\"><img loading=\"lazy\" decoding=\"async\" aria-describedby=\"caption-attachment-109\" class=\" wp-image-109\" src=\"http:\/\/uenf.br\/posgraduacao\/engenharia-civil\/wp-content\/uploads\/sites\/3\/2015\/09\/fotoAldo.jpg\" alt=\"Prof. Aldo Durand Farf\u00e1n\" width=\"216\" height=\"221\" \/><\/a><p id=\"caption-attachment-109\" class=\"wp-caption-text\">Prof. Aldo Durand Farf\u00e1n<\/p><\/div><\/p>\n<p><strong><a href=\"http:\/\/uenf.br\/posgraduacao\/engenharia-civil\/wp-content\/uploads\/sites\/3\/2020\/03\/ORCID_Aldo.png\"><img loading=\"lazy\" decoding=\"async\" class=\"alignnone wp-image-2761\" src=\"http:\/\/uenf.br\/posgraduacao\/engenharia-civil\/wp-content\/uploads\/sites\/3\/2020\/03\/ORCID_Aldo-300x300.png\" alt=\"\" width=\"169\" height=\"169\" srcset=\"https:\/\/uenf.br\/posgraduacao\/engenharia-civil\/wp-content\/uploads\/sites\/3\/2020\/03\/ORCID_Aldo-300x300.png 300w, https:\/\/uenf.br\/posgraduacao\/engenharia-civil\/wp-content\/uploads\/sites\/3\/2020\/03\/ORCID_Aldo-150x150.png 150w, https:\/\/uenf.br\/posgraduacao\/engenharia-civil\/wp-content\/uploads\/sites\/3\/2020\/03\/ORCID_Aldo-400x400.png 400w, https:\/\/uenf.br\/posgraduacao\/engenharia-civil\/wp-content\/uploads\/sites\/3\/2020\/03\/ORCID_Aldo-144x144.png 144w, https:\/\/uenf.br\/posgraduacao\/engenharia-civil\/wp-content\/uploads\/sites\/3\/2020\/03\/ORCID_Aldo.png 500w\" sizes=\"auto, (max-width: 169px) 100vw, 169px\" \/><\/a>E-mail:<\/strong> <a href=\"mailto:aldo@uenf.br\">aldo@uenf.br<\/a><br \/>\n<strong>Setor:<\/strong> Geotecnia<br \/>\n<strong>\u00c1reas de Atua\u00e7\u00e3o:<br \/>\n<\/strong>&#8211; M\u00e9todos num\u00e9ricos aplicados a geotecnia;<br \/>\n&#8211; Mec\u00e2nica das rochas;<br \/>\n&#8211; Mec\u00e2nica dos solos;<br \/>\n&#8211; Programa\u00e7\u00e3o matem\u00e1tica.<\/p>\n<p><a href=\"http:\/\/lattes.cnpq.br\/0956465008039177\" target=\"_blank\" rel=\"noopener noreferrer\">Curr\u00edculo Lattes<\/a><\/p>","protected":false},"excerpt":{"rendered":"<p>E-mail: aldo@uenf.br Setor: Geotecnia \u00c1reas de Atua\u00e7\u00e3o: &#8211; M\u00e9todos num\u00e9ricos aplicados a geotecnia; &#8211; Mec\u00e2nica das rochas; &#8211; Mec\u00e2nica dos&#8230;<\/p>\n","protected":false},"author":8,"featured_media":0,"parent":103,"menu_order":1,"comment_status":"closed","ping_status":"closed","template":"","meta":{"footnotes":""},"class_list":["post-107","page","type-page","status-publish","hentry"],"_links":{"self":[{"href":"https:\/\/uenf.br\/posgraduacao\/engenharia-civil\/wp-json\/wp\/v2\/pages\/107","targetHints":{"allow":["GET"]}}],"collection":[{"href":"https:\/\/uenf.br\/posgraduacao\/engenharia-civil\/wp-json\/wp\/v2\/pages"}],"about":[{"href":"https:\/\/uenf.br\/posgraduacao\/engenharia-civil\/wp-json\/wp\/v2\/types\/page"}],"author":[{"embeddable":true,"href":"https:\/\/uenf.br\/posgraduacao\/engenharia-civil\/wp-json\/wp\/v2\/users\/8"}],"replies":[{"embeddable":true,"href":"https:\/\/uenf.br\/posgraduacao\/engenharia-civil\/wp-json\/wp\/v2\/comments?post=107"}],"version-history":[{"count":0,"href":"https:\/\/uenf.br\/posgraduacao\/engenharia-civil\/wp-json\/wp\/v2\/pages\/107\/revisions"}],"up":[{"embeddable":true,"href":"https:\/\/uenf.br\/posgraduacao\/engenharia-civil\/wp-json\/wp\/v2\/pages\/103"}],"wp:attachment":[{"href":"https:\/\/uenf.br\/posgraduacao\/engenharia-civil\/wp-json\/wp\/v2\/media?parent=107"}],"curies":[{"name":"wp","href":"https:\/\/api.w.org\/{rel}","templated":true}]}}