{"id":1103,"date":"2015-09-16T14:11:51","date_gmt":"2015-09-16T14:11:51","guid":{"rendered":"http:\/\/uenf.br\/posgraduacao\/engenharia-civil\/?page_id=1103"},"modified":"2015-09-16T14:12:29","modified_gmt":"2015-09-16T14:12:29","slug":"dissertacoes-de-mestrado-2011-carolina-mattedi-co","status":"publish","type":"page","link":"https:\/\/uenf.br\/posgraduacao\/engenharia-civil\/dissertacoes-de-mestrado-2011-carolina-mattedi-co\/","title":{"rendered":"Disserta\u00e7\u00f5es de Mestrado 2011 &#8211; CAROLINA MATTEDI C\u00d3"},"content":{"rendered":"<p><strong>Resumo<\/strong><\/p>\n<p style=\"text-align: justify\">O estudo do comportamento estrutural de comp\u00f3sitos polim\u00e9ricos e da degrada\u00e7\u00e3o dos mesmos \u00e9 imprescind\u00edvel para que se possa avaliar o desempenho desses materiais quando expostos a diferentes condi\u00e7\u00f5es ambientais. O presente trabalho prop\u00f5e um programa experimental para verificar altera\u00e7\u00f5es em propriedades f\u00edsico-mec\u00e2nicas, como varia\u00e7\u00e3o de massa, resist\u00eancia \u00e0 tra\u00e7\u00e3o e mudan\u00e7a de cor, de comp\u00f3sitos pultrudados (matrizes \u00e9ster vin\u00edlica e fen\u00f3lica) submetidos a tr\u00eas diferentes ambientes de degrada\u00e7\u00e3o. A primeira condi\u00e7\u00e3o consistiu de ciclos cont\u00ednuos de exposi\u00e7\u00e3o \u00e0 radia\u00e7\u00e3o ultravioleta (UV) seguida de condensa\u00e7\u00e3o. No segundo ambiente, os corpos-de-prova foram expostos a n\u00e9voa salina com temperatura constante de 40\u00b0C. Por fim, os comp\u00f3sitos foram mantidos em solu\u00e7\u00f5es alcalinas com temperatura constante de 40 \u00b0C. Os resultados indicaram que os comp\u00f3sitos submetidos \u00e0 exposi\u00e7\u00e3o aos ciclos de UV\/condensa\u00e7\u00e3o apresentaram uma pequena varia\u00e7\u00e3o de massa e mudan\u00e7as crom\u00e1ticas consider\u00e1veis para os dois comp\u00f3sitos. Neste caso, entretanto, n\u00e3o foram observadas varia\u00e7\u00f5es expressivas nas propriedades mec\u00e2nicas de ambos os comp\u00f3sitos. A exposi\u00e7\u00e3o em n\u00e9voa salina n\u00e3o acarretou varia\u00e7\u00e3o significante de massa, de cor e de resist\u00eancia mec\u00e2nica para os comp\u00f3sitos \u00e9ster vin\u00edlico e fen\u00f3lico quando comparados com os de refer\u00eancia. Por fim, os corpos de prova mantidos em solu\u00e7\u00e3o alcalina apresentaram redu\u00e7\u00e3o consider\u00e1vel de resist\u00eancia e ganho de massa, principalmente o fen\u00f3lico, e suas cores originais foram expressivamente alteradas.<\/p>\n<p style=\"text-align: right\"><a href=\"http:\/\/uenf.br\/posgraduacao\/engenharia-civil\/wp-content\/uploads\/sites\/3\/2015\/09\/CAROLINA-MATTEDI-C\u00d3.pdf\">Download aqui.<\/a><\/p>\n","protected":false},"excerpt":{"rendered":"<p>Resumo O estudo do comportamento estrutural de comp\u00f3sitos polim\u00e9ricos e da degrada\u00e7\u00e3o dos mesmos \u00e9 imprescind\u00edvel para que se possa&#8230;<\/p>\n","protected":false},"author":8,"featured_media":0,"parent":0,"menu_order":0,"comment_status":"closed","ping_status":"closed","template":"","meta":{"footnotes":""},"class_list":["post-1103","page","type-page","status-publish","hentry"],"_links":{"self":[{"href":"https:\/\/uenf.br\/posgraduacao\/engenharia-civil\/wp-json\/wp\/v2\/pages\/1103","targetHints":{"allow":["GET"]}}],"collection":[{"href":"https:\/\/uenf.br\/posgraduacao\/engenharia-civil\/wp-json\/wp\/v2\/pages"}],"about":[{"href":"https:\/\/uenf.br\/posgraduacao\/engenharia-civil\/wp-json\/wp\/v2\/types\/page"}],"author":[{"embeddable":true,"href":"https:\/\/uenf.br\/posgraduacao\/engenharia-civil\/wp-json\/wp\/v2\/users\/8"}],"replies":[{"embeddable":true,"href":"https:\/\/uenf.br\/posgraduacao\/engenharia-civil\/wp-json\/wp\/v2\/comments?post=1103"}],"version-history":[{"count":0,"href":"https:\/\/uenf.br\/posgraduacao\/engenharia-civil\/wp-json\/wp\/v2\/pages\/1103\/revisions"}],"wp:attachment":[{"href":"https:\/\/uenf.br\/posgraduacao\/engenharia-civil\/wp-json\/wp\/v2\/media?parent=1103"}],"curies":[{"name":"wp","href":"https:\/\/api.w.org\/{rel}","templated":true}]}}