{"id":1109,"date":"2015-09-16T14:18:05","date_gmt":"2015-09-16T14:18:05","guid":{"rendered":"http:\/\/uenf.br\/posgraduacao\/engenharia-civil\/?page_id=1109"},"modified":"2015-09-16T14:18:05","modified_gmt":"2015-09-16T14:18:05","slug":"dissertacoes-de-mestrado-2011-gabriel-pereira-goncalves","status":"publish","type":"page","link":"https:\/\/uenf.br\/posgraduacao\/engenharia-civil\/dissertacoes-de-mestrado-2011-gabriel-pereira-goncalves\/","title":{"rendered":"Disserta\u00e7\u00f5es de Mestrado 2011 &#8211; GABRIEL PEREIRA GON\u00c7ALVES"},"content":{"rendered":"<p><strong>Resumo<\/strong><\/p>\n<p style=\"text-align: justify\">O munic\u00edpio de Cachoeiro do Itapemirim (ES), situado a 136 Km da capital Vit\u00f3ria, \u00e9 o maior produtor de rochas ornamentais do Brasil. Entre as rochas beneficiadas est\u00e3o as de colora\u00e7\u00e3o escura, denominadas no processo como granitos, e as de colora\u00e7\u00e3o clara, como os m\u00e1rmores, cujos minerais predominantes s\u00e3o a calcita e a dolomita. O beneficiamento de m\u00e1rmores para fabrica\u00e7\u00e3o de pisos e revestimentos produz grande quantidade de res\u00edduos, que ainda hoje s\u00e3o respons\u00e1veis por grandes danos ao meio ambiente. Este trabalho visa ao estudo experimental da substitui\u00e7\u00e3o da cal hidratada do tipo CH III (produto comercial) por este tipo de res\u00edduo na produ\u00e7\u00e3o de argamassas. O res\u00edduo utilizado prov\u00e9m do beneficiamento de m\u00e1rmore em uma ind\u00fastria localizada em Cachoeiro de Itapemirim. Dois tra\u00e7os foram confeccionados (cimento:cal:areia e cimento:res\u00edduo:areia) nas propor\u00e7\u00f5es de 1:1:7, seguindo o mesmo tra\u00e7o indicado por alguns fabricantes. As argamassas foram avaliadas por meio de compara\u00e7\u00e3o de suas propriedades nos estados fresco e endurecido, a saber: \u00edndice de consist\u00eancia, densidade de massa e teor de ar incorporado, resist\u00eancia \u00e0 compress\u00e3o, tra\u00e7\u00e3o na flex\u00e3o e ader\u00eancia por tra\u00e7\u00e3o. Foram tamb\u00e9m analisadas diversas caracter\u00edsticas f\u00edsicas e qu\u00edmicas dos materiais constituintes das argamassas no estado anidro, comparando-as com outros tipos de argamassas brasileiras; neste caso, verificou-se que os resultados s\u00e3o satisfat\u00f3rios, como por exemplo: rela\u00e7\u00e3o \u00e1gua\/s\u00f3lido, porcentagem de volume de agregado e de finos e etc. Os resultados obtidos atenderam aos requisitos prescritos pela ABNT (NBR 13281, 2005), sendo perfeitamente vi\u00e1vel a substitui\u00e7\u00e3o da cal hidratada pelo res\u00edduo de m\u00e1rmore nas mesmas condi\u00e7\u00f5es adotadas neste trabalho.<\/p>\n<p style=\"text-align: right\"><a href=\"http:\/\/uenf.br\/posgraduacao\/engenharia-civil\/wp-content\/uploads\/sites\/3\/2015\/09\/Gabriel-Pereira-Gon\u00e7alves.pdf\">Download aqui.<\/a><\/p>\n","protected":false},"excerpt":{"rendered":"<p>Resumo O munic\u00edpio de Cachoeiro do Itapemirim (ES), situado a 136 Km da capital Vit\u00f3ria, \u00e9 o maior produtor de&#8230;<\/p>\n","protected":false},"author":8,"featured_media":0,"parent":0,"menu_order":0,"comment_status":"closed","ping_status":"closed","template":"","meta":{"footnotes":""},"class_list":["post-1109","page","type-page","status-publish","hentry"],"_links":{"self":[{"href":"https:\/\/uenf.br\/posgraduacao\/engenharia-civil\/wp-json\/wp\/v2\/pages\/1109","targetHints":{"allow":["GET"]}}],"collection":[{"href":"https:\/\/uenf.br\/posgraduacao\/engenharia-civil\/wp-json\/wp\/v2\/pages"}],"about":[{"href":"https:\/\/uenf.br\/posgraduacao\/engenharia-civil\/wp-json\/wp\/v2\/types\/page"}],"author":[{"embeddable":true,"href":"https:\/\/uenf.br\/posgraduacao\/engenharia-civil\/wp-json\/wp\/v2\/users\/8"}],"replies":[{"embeddable":true,"href":"https:\/\/uenf.br\/posgraduacao\/engenharia-civil\/wp-json\/wp\/v2\/comments?post=1109"}],"version-history":[{"count":0,"href":"https:\/\/uenf.br\/posgraduacao\/engenharia-civil\/wp-json\/wp\/v2\/pages\/1109\/revisions"}],"wp:attachment":[{"href":"https:\/\/uenf.br\/posgraduacao\/engenharia-civil\/wp-json\/wp\/v2\/media?parent=1109"}],"curies":[{"name":"wp","href":"https:\/\/api.w.org\/{rel}","templated":true}]}}