{"id":1114,"date":"2015-09-16T14:23:01","date_gmt":"2015-09-16T14:23:01","guid":{"rendered":"http:\/\/uenf.br\/posgraduacao\/engenharia-civil\/?page_id=1114"},"modified":"2015-09-16T14:23:39","modified_gmt":"2015-09-16T14:23:39","slug":"dissertacoes-de-mestrado-2011-noelco-silva-dias-junior","status":"publish","type":"page","link":"https:\/\/uenf.br\/posgraduacao\/engenharia-civil\/dissertacoes-de-mestrado-2011-noelco-silva-dias-junior\/","title":{"rendered":"Disserta\u00e7\u00f5es de Mestrado 2011 &#8211; NOEL\u00c7O SILVA DIAS J\u00daNIOR"},"content":{"rendered":"<p><strong>Resumo<\/strong><\/p>\n<p style=\"text-align: justify\">Este trabalho teve como objetivo estudar a incorpora\u00e7\u00e3o do p\u00f3 de pedra do beneficiamento de rochas calc\u00e1rias (PPRC) na produ\u00e7\u00e3o de blocos de alvenaria prensados de encaixe. Atrav\u00e9s de prensagem manual foram fabricados diversos tra\u00e7os para blocos, que consistiam em misturas, compactadas e curadas, de areia, p\u00f3 de pedra, cimento e \u00e1gua. Deste modo foram realizadas as caracteriza\u00e7\u00f5es f\u00edsica, qu\u00edmica, mineral\u00f3gica e morfol\u00f3gica do p\u00f3 de pedra; seguida da caracteriza\u00e7\u00e3o das diferentes propriedades f\u00edsicas e mec\u00e2nicas de blocos e prismas produzidos. Foram fabricados doze tra\u00e7os de blocos com varia\u00e7\u00f5es dos teores de cimento, PPRC, areia e \u00e1gua. Os resultados obtidos no programa experimental mostraram que todos os tra\u00e7os produzidos alcan\u00e7aram resultados bastante satisfat\u00f3rios, alcan\u00e7ando at\u00e9 6,12 MPa de resist\u00eancia \u00e0 compress\u00e3o, podendo ser classificado, quanto a resist\u00eancia, como alvenaria estrutural.<\/p>\n<p style=\"text-align: right\"><a href=\"http:\/\/uenf.br\/posgraduacao\/engenharia-civil\/wp-content\/uploads\/sites\/3\/2015\/09\/NOEL\u00c7O-SILVA-DIAS-J\u00daNIOR.pdf\">Download aqui.<\/a><\/p>\n","protected":false},"excerpt":{"rendered":"<p>Resumo Este trabalho teve como objetivo estudar a incorpora\u00e7\u00e3o do p\u00f3 de pedra do beneficiamento de rochas calc\u00e1rias (PPRC) na&#8230;<\/p>\n","protected":false},"author":8,"featured_media":0,"parent":0,"menu_order":0,"comment_status":"closed","ping_status":"closed","template":"","meta":{"footnotes":""},"class_list":["post-1114","page","type-page","status-publish","hentry"],"_links":{"self":[{"href":"https:\/\/uenf.br\/posgraduacao\/engenharia-civil\/wp-json\/wp\/v2\/pages\/1114","targetHints":{"allow":["GET"]}}],"collection":[{"href":"https:\/\/uenf.br\/posgraduacao\/engenharia-civil\/wp-json\/wp\/v2\/pages"}],"about":[{"href":"https:\/\/uenf.br\/posgraduacao\/engenharia-civil\/wp-json\/wp\/v2\/types\/page"}],"author":[{"embeddable":true,"href":"https:\/\/uenf.br\/posgraduacao\/engenharia-civil\/wp-json\/wp\/v2\/users\/8"}],"replies":[{"embeddable":true,"href":"https:\/\/uenf.br\/posgraduacao\/engenharia-civil\/wp-json\/wp\/v2\/comments?post=1114"}],"version-history":[{"count":0,"href":"https:\/\/uenf.br\/posgraduacao\/engenharia-civil\/wp-json\/wp\/v2\/pages\/1114\/revisions"}],"wp:attachment":[{"href":"https:\/\/uenf.br\/posgraduacao\/engenharia-civil\/wp-json\/wp\/v2\/media?parent=1114"}],"curies":[{"name":"wp","href":"https:\/\/api.w.org\/{rel}","templated":true}]}}