{"id":1172,"date":"2015-09-16T16:45:41","date_gmt":"2015-09-16T16:45:41","guid":{"rendered":"http:\/\/uenf.br\/posgraduacao\/engenharia-civil\/?page_id=1172"},"modified":"2019-04-10T19:10:58","modified_gmt":"2019-04-10T19:10:58","slug":"dissertacoes-de-mestrado-2010-priscila-de-almeida-cardoso-santiago","status":"publish","type":"page","link":"https:\/\/uenf.br\/posgraduacao\/engenharia-civil\/dissertacoes-de-mestrado-2010-priscila-de-almeida-cardoso-santiago\/","title":{"rendered":"Disserta\u00e7\u00f5es de Mestrado 2010 &#8211; PRISCILA DE ALMEIDA CARDOSO SANTIAGO"},"content":{"rendered":"<p><\/p>\n<p style=\"text-align: justify\"><strong>Resumo<\/strong><\/p>\n<p style=\"text-align: justify\">A utiliza\u00e7\u00e3o de dutos enterrados em obras de engenharia vem crescendo nos \u00faltimos anos, principalmente devido ao desenvolvimento dos grandes centros urbanos. Tal fato pode ser observado pela expans\u00e3o das malhas de transmiss\u00e3o de g\u00e1s, petr\u00f3leo, telefonia entre outros. Certamente, quando comparada a outras solu\u00e7\u00f5es os dutos enterrados apresentam menores custos em rela\u00e7\u00e3o ao material empregado, \u00e0s facilidades de transporte, instala\u00e7\u00e3o, manuten\u00e7\u00e3o, bem como os benef\u00edcios que se pode obter da intera\u00e7\u00e3o solo-duto. Este trabalho tem a finalidade de estudar o comportamento de dutos enterrados, com o objetivo de propor um novo sistema de ancoragem atrav\u00e9s de geogrelhas, para evitar movimentos ascendentes que possam comprometer sua funcionalidade. A simula\u00e7\u00e3o foi realizada na Centr\u00edfuga Geot\u00e9cnica da UENF a 10g. Foram ensaiadas duas diferentes densidades de areia, duas larguras de geogrelhas e tr\u00eas profundidades de aterro. Foram realizados vinte e quatro ensaios de arrancamento em escala reduzida a 10g, para determinar a resist\u00eancia ao arrancamento de dutos enterrados. Seis testes foram feitos com um duto ancorado a uma geogrelha de largura 3D, seis com um duto ancorado a uma geogrelha de largura 2D, e doze simplesmente com os dutos enterrados. Para as s\u00e9ries de ensaios foi utilizada areia normalizada como material de\u00a0aterro com duas densidades relativas diferentes (70% e 23%). Os resultados apresentados mostram um ganho de resist\u00eancia quando os dutos enterrados s\u00e3o ancorados a geogrelha.<\/p>\n<p style=\"text-align: right\"><a href=\"http:\/\/uenf.br\/posgraduacao\/engenharia-civil\/tese-de-doutorado-2018-priscila-de-almeida-cardoso-santiago\/\">Download aqui.<\/a><\/p>\n<p><\/p>","protected":false},"excerpt":{"rendered":"<p>Resumo A utiliza\u00e7\u00e3o de dutos enterrados em obras de engenharia vem crescendo nos \u00faltimos anos, principalmente devido ao desenvolvimento dos&#8230;<\/p>\n","protected":false},"author":8,"featured_media":0,"parent":0,"menu_order":0,"comment_status":"closed","ping_status":"closed","template":"","meta":{"footnotes":""},"class_list":["post-1172","page","type-page","status-publish","hentry"],"_links":{"self":[{"href":"https:\/\/uenf.br\/posgraduacao\/engenharia-civil\/wp-json\/wp\/v2\/pages\/1172","targetHints":{"allow":["GET"]}}],"collection":[{"href":"https:\/\/uenf.br\/posgraduacao\/engenharia-civil\/wp-json\/wp\/v2\/pages"}],"about":[{"href":"https:\/\/uenf.br\/posgraduacao\/engenharia-civil\/wp-json\/wp\/v2\/types\/page"}],"author":[{"embeddable":true,"href":"https:\/\/uenf.br\/posgraduacao\/engenharia-civil\/wp-json\/wp\/v2\/users\/8"}],"replies":[{"embeddable":true,"href":"https:\/\/uenf.br\/posgraduacao\/engenharia-civil\/wp-json\/wp\/v2\/comments?post=1172"}],"version-history":[{"count":0,"href":"https:\/\/uenf.br\/posgraduacao\/engenharia-civil\/wp-json\/wp\/v2\/pages\/1172\/revisions"}],"wp:attachment":[{"href":"https:\/\/uenf.br\/posgraduacao\/engenharia-civil\/wp-json\/wp\/v2\/media?parent=1172"}],"curies":[{"name":"wp","href":"https:\/\/api.w.org\/{rel}","templated":true}]}}