{"id":118,"date":"2015-09-04T12:38:16","date_gmt":"2015-09-04T12:38:16","guid":{"rendered":"http:\/\/uenf.br\/posgraduacao\/engenharia-civil\/?page_id=118"},"modified":"2020-03-18T13:32:04","modified_gmt":"2020-03-18T13:32:04","slug":"prof-fernando-saboya-albuquerque","status":"publish","type":"page","link":"https:\/\/uenf.br\/posgraduacao\/engenharia-civil\/corpo-docente-2\/prof-fernando-saboya-albuquerque\/","title":{"rendered":"Prof. Fernando Saboya Albuquerque"},"content":{"rendered":"<p><strong><a href=\"https:\/\/uenf.br\/posgraduacao\/engenharia-civil\/wp-content\/uploads\/sites\/3\/2019\/03\/saboya.jpg\"><img loading=\"lazy\" decoding=\"async\" class=\"alignnone wp-image-2440\" src=\"https:\/\/uenf.br\/posgraduacao\/engenharia-civil\/wp-content\/uploads\/sites\/3\/2019\/03\/saboya.jpg\" alt=\"\" width=\"177\" height=\"185\" \/> <\/a><a href=\"https:\/\/uenf.br\/posgraduacao\/engenharia-civil\/wp-content\/uploads\/sites\/3\/2020\/03\/ORCID_QRCODE-Saboya.png\"><img loading=\"lazy\" decoding=\"async\" class=\"alignnone wp-image-2749\" src=\"https:\/\/uenf.br\/posgraduacao\/engenharia-civil\/wp-content\/uploads\/sites\/3\/2020\/03\/ORCID_QRCODE-Saboya-300x300.png\" alt=\"\" width=\"167\" height=\"167\" srcset=\"https:\/\/uenf.br\/posgraduacao\/engenharia-civil\/wp-content\/uploads\/sites\/3\/2020\/03\/ORCID_QRCODE-Saboya-300x300.png 300w, https:\/\/uenf.br\/posgraduacao\/engenharia-civil\/wp-content\/uploads\/sites\/3\/2020\/03\/ORCID_QRCODE-Saboya-150x150.png 150w, https:\/\/uenf.br\/posgraduacao\/engenharia-civil\/wp-content\/uploads\/sites\/3\/2020\/03\/ORCID_QRCODE-Saboya-400x400.png 400w, https:\/\/uenf.br\/posgraduacao\/engenharia-civil\/wp-content\/uploads\/sites\/3\/2020\/03\/ORCID_QRCODE-Saboya-144x144.png 144w, https:\/\/uenf.br\/posgraduacao\/engenharia-civil\/wp-content\/uploads\/sites\/3\/2020\/03\/ORCID_QRCODE-Saboya.png 500w\" sizes=\"auto, (max-width: 167px) 100vw, 167px\" \/><\/a>E-mail:<\/strong> <a href=\"mailto:saboya@uenf.br\">saboya@uenf.br<\/a><\/p>\n<p><strong>Telefone: <\/strong>+55 22 27397369<\/p>\n<p><strong>ResearchID: <a href=\"http:\/\/www.researcherid.com\/rid\/B-8981-2013\"><span style=\"color: #000080\">B-8981-2013<\/span><\/a><\/strong><\/p>\n<p><strong>Fator H = 7 Scopus <\/strong>(304 cita\u00e7\u00f5es, 18\/03\/2020)<\/p>\n<p><strong>Setor:<\/strong> Geotecnia<br \/>\n<strong>\u00c1reas de Atua\u00e7\u00e3o:<\/strong><br \/>\n&#8211; Modelagem f\u00edsica e num\u00e9rica em geotecnia offshore<br \/>\n&#8211; Estacas t\u00e9rmicas<\/p>\n<p><span style=\"color: #333399\"><strong>5 publica\u00e7\u00f5es mais relevantes:<\/strong><\/span><\/p>\n<ul>\n<li>ACOSTA, E. A., TIBANA, S., SOARES, M. S. A., <strong>SABOYA, F.<\/strong> \u201cCentrifuge modelling of hydroplaning in submarine slopes. <em>Ocean Engineering\u201d<\/em>, v. 129, pp. 451-458, 2017.<a href=\"https:\/\/www.sciencedirect.com\/science\/article\/pii\/S0029801816304905?via%3Dihub\"><span style=\"color: #ff0000\"> doi&gt;<\/span><\/a><\/li>\n<li>MANH\u00c3ES, P. M. B., <strong>SABOYA, F.<\/strong>, ARARUNA, J. T., TIBANA, S., MARQUES, D. A., PACIORNIK, S., ALVES, H. D. L., MAUR\u00cdCIO, M. H. P., \u201cGeneral evaluation of sand column models by X-ray microct. International Journal Of Physical Modelling In Geotechnics. v. 17, pp. 91-102, 2017.<a href=\"https:\/\/www.icevirtuallibrary.com\/doi\/10.1680\/jphmg.15.00048\"><span style=\"color: #ff0000\"> doi&gt;<\/span><\/a><\/li>\n<li><strong>SABOYA, F.,<\/strong> CARDOSO, P. A., REIS, R. M., TIBANA, S., RAMIRES SOBRINHO, R., ARARUNA, J. T., \u201cCentrifuge test to evaluate the geotechnical performance of anchored buried pipelines in sand\u201d. Journal Of Pipeline Systems Engineering And Practice, v. 3, \u00a0pp. 84-97, 2012. <a href=\"https:\/\/ascelibrary.org\/doi\/10.1061\/%28ASCE%29PS.1949-1204.0000105\"><span style=\"color: #ff0000\">doi&gt;<\/span><\/a><\/li>\n<li><strong>SABOYA, F.,<\/strong> ALVES, M. G., PINTO, W. D., \u201cAssessment of failure susceptibility of soil slopes using fuzy logic\u201d, Engineering Geology, v. 86, pp. 211-224, 2006.<\/li>\n<li><strong>SABOYA, F., <\/strong>BYRNE, P. M. \u201cParameters for stress and deformation analysis of rockfill dams\u201d, Canadian Geotechnical Journal (Print), v. 30, pp. 690-701, 1993.<\/li>\n<\/ul>\n<p>&nbsp;<\/p>\n<p>&nbsp;<\/p>\n<p>Curr\u00edculo Lattes<\/p>","protected":false},"excerpt":{"rendered":"<p>E-mail: saboya@uenf.br Telefone: +55 22 27397369 ResearchID: B-8981-2013 Fator H = 7 Scopus (304 cita\u00e7\u00f5es, 18\/03\/2020) Setor: Geotecnia \u00c1reas de&#8230;<\/p>\n","protected":false},"author":8,"featured_media":0,"parent":103,"menu_order":1,"comment_status":"closed","ping_status":"closed","template":"","meta":{"footnotes":""},"class_list":["post-118","page","type-page","status-publish","hentry"],"_links":{"self":[{"href":"https:\/\/uenf.br\/posgraduacao\/engenharia-civil\/wp-json\/wp\/v2\/pages\/118","targetHints":{"allow":["GET"]}}],"collection":[{"href":"https:\/\/uenf.br\/posgraduacao\/engenharia-civil\/wp-json\/wp\/v2\/pages"}],"about":[{"href":"https:\/\/uenf.br\/posgraduacao\/engenharia-civil\/wp-json\/wp\/v2\/types\/page"}],"author":[{"embeddable":true,"href":"https:\/\/uenf.br\/posgraduacao\/engenharia-civil\/wp-json\/wp\/v2\/users\/8"}],"replies":[{"embeddable":true,"href":"https:\/\/uenf.br\/posgraduacao\/engenharia-civil\/wp-json\/wp\/v2\/comments?post=118"}],"version-history":[{"count":0,"href":"https:\/\/uenf.br\/posgraduacao\/engenharia-civil\/wp-json\/wp\/v2\/pages\/118\/revisions"}],"up":[{"embeddable":true,"href":"https:\/\/uenf.br\/posgraduacao\/engenharia-civil\/wp-json\/wp\/v2\/pages\/103"}],"wp:attachment":[{"href":"https:\/\/uenf.br\/posgraduacao\/engenharia-civil\/wp-json\/wp\/v2\/media?parent=118"}],"curies":[{"name":"wp","href":"https:\/\/api.w.org\/{rel}","templated":true}]}}