{"id":1206,"date":"2015-09-16T17:26:39","date_gmt":"2015-09-16T17:26:39","guid":{"rendered":"http:\/\/uenf.br\/posgraduacao\/engenharia-civil\/?page_id=1206"},"modified":"2015-09-16T17:26:39","modified_gmt":"2015-09-16T17:26:39","slug":"dissertacoes-de-mestrado-2009-natalia-souza-ribeiro","status":"publish","type":"page","link":"https:\/\/uenf.br\/posgraduacao\/engenharia-civil\/dissertacoes-de-mestrado-2009-natalia-souza-ribeiro\/","title":{"rendered":"Disserta\u00e7\u00f5es de Mestrado 2009 &#8211; NAT\u00c1LIA SOUZA RIBEIRO"},"content":{"rendered":"<p><strong>Resumo<\/strong><\/p>\n<p style=\"text-align: justify\">Este trabalho trata da an\u00e1lise de placas apoiadas numa funda\u00e7\u00e3o el\u00e1stica tipo Winkler, utilizando a teoria de flex\u00e3o de placas de Reissner com o M\u00e9todo dos Elementos de Contorno (MEC). Nesta formula\u00e7\u00e3o, utiliza-se a mesma solu\u00e7\u00e3o fundamental j\u00e1 empregada na an\u00e1lise de placas pelo MEC, considerando equa\u00e7\u00f5es adicionais escritas para pontos da regi\u00e3o do dom\u00ednio situada sobre a base el\u00e1stica, j\u00e1 que as rea\u00e7\u00f5es do solo acrescentam inc\u00f3gnitas ao problema. Esta regi\u00e3o \u00e9 discretizada em c\u00e9lulas triangulares constantes e, para considerar a rea\u00e7\u00e3o do solo,\u00a0s\u00e3o admitidos apoios el\u00e1sticos com o modelo de Winkler nos pontos situados no centro geom\u00e9trico das c\u00e9lulas, sendo esta rea\u00e7\u00e3o escrita em fun\u00e7\u00e3o dos deslocamentos transversais dos n\u00f3s da c\u00e9lula. Para a discretiza\u00e7\u00e3o do contorno,\u00a0s\u00e3o empregados elementos com aproxima\u00e7\u00e3o quadr\u00e1tica, podendo ser cont\u00ednuos ou descont\u00ednuos. Resultados obtidos com a formula\u00e7\u00e3o apresentada s\u00e3o comparados com resultados anal\u00edticos e de outras solu\u00e7\u00f5es num\u00e9ricas encontradas na literatura.<\/p>\n<p style=\"text-align: right\"><a href=\"http:\/\/uenf.br\/posgraduacao\/engenharia-civil\/wp-content\/uploads\/sites\/3\/2015\/09\/NAT\u00c1LIA-SOUZA-RIBEIRO.pdf\">Download aqui.<\/a><\/p>\n","protected":false},"excerpt":{"rendered":"<p>Resumo Este trabalho trata da an\u00e1lise de placas apoiadas numa funda\u00e7\u00e3o el\u00e1stica tipo Winkler, utilizando a teoria de flex\u00e3o de&#8230;<\/p>\n","protected":false},"author":8,"featured_media":0,"parent":0,"menu_order":0,"comment_status":"closed","ping_status":"closed","template":"","meta":{"footnotes":""},"class_list":["post-1206","page","type-page","status-publish","hentry"],"_links":{"self":[{"href":"https:\/\/uenf.br\/posgraduacao\/engenharia-civil\/wp-json\/wp\/v2\/pages\/1206","targetHints":{"allow":["GET"]}}],"collection":[{"href":"https:\/\/uenf.br\/posgraduacao\/engenharia-civil\/wp-json\/wp\/v2\/pages"}],"about":[{"href":"https:\/\/uenf.br\/posgraduacao\/engenharia-civil\/wp-json\/wp\/v2\/types\/page"}],"author":[{"embeddable":true,"href":"https:\/\/uenf.br\/posgraduacao\/engenharia-civil\/wp-json\/wp\/v2\/users\/8"}],"replies":[{"embeddable":true,"href":"https:\/\/uenf.br\/posgraduacao\/engenharia-civil\/wp-json\/wp\/v2\/comments?post=1206"}],"version-history":[{"count":0,"href":"https:\/\/uenf.br\/posgraduacao\/engenharia-civil\/wp-json\/wp\/v2\/pages\/1206\/revisions"}],"wp:attachment":[{"href":"https:\/\/uenf.br\/posgraduacao\/engenharia-civil\/wp-json\/wp\/v2\/media?parent=1206"}],"curies":[{"name":"wp","href":"https:\/\/api.w.org\/{rel}","templated":true}]}}