{"id":1248,"date":"2015-09-16T18:59:35","date_gmt":"2015-09-16T18:59:35","guid":{"rendered":"http:\/\/uenf.br\/posgraduacao\/engenharia-civil\/?page_id=1248"},"modified":"2015-09-16T19:06:35","modified_gmt":"2015-09-16T19:06:35","slug":"dissertacoes-de-mestrado-2013-talles-moura-mendonca","status":"publish","type":"page","link":"https:\/\/uenf.br\/posgraduacao\/engenharia-civil\/dissertacoes-de-mestrado-2013-talles-moura-mendonca\/","title":{"rendered":"Disserta\u00e7\u00f5es de Mestrado 2003 &#8211; TALLES MOURA MENDON\u00c7A"},"content":{"rendered":"<p><strong>Resumo<\/strong><\/p>\n<p style=\"text-align: justify\">O problema da intera\u00e7\u00e3o solo-duto tem sido objetivo de in\u00fameras pesquisas que visam o entendimento do comportamento mec\u00e2nico do conjunto. Este entendimento \u00e9 de fundamental import\u00e2ncia no dimensionamento de dutos enterrados e semi-enterrados, os quais s\u00e3o utilizados para o transporte de \u00f3leo, gases, \u00e1gua, esgoto, etc. Este trabalho analisa, por meio de avalia\u00e7\u00f5es e compara\u00e7\u00f5es com resultados f\u00edsicos experimentais, obtidos atrav\u00e9s de pesquisas bibliogr\u00e1ficas, resolu\u00e7\u00f5es de problemas mec\u00e2nicos do tipo for\u00e7a vs. deslocamento, para dutos enterrados e semi-enterrados utilizando m\u00e9todos num\u00e9ricos. Fez-se inicialmente a simula\u00e7\u00e3o num\u00e9rica do comportamento de dutos r\u00edgidos, utilizados no transporte de \u00f3leo e g\u00e1s, sob carregamento horizontal. As an\u00e1lises s\u00e3o realizadas atrav\u00e9s do M\u00e9todo dos Elementos Finitos e da T\u00e9cnica da An\u00e1lise Limite Num\u00e9rica. Ainda para o problema, foi poss\u00edvel realizar um estudo anal\u00edtico atrav\u00e9s de formula\u00e7\u00f5es cinem\u00e1ticas, pelo m\u00e9todo de An\u00e1lise Limite. Consecutivamente \u00e9 realizado um estudo inverso, para uma melhor defini\u00e7\u00e3o dos par\u00e2metros que governam o comportamento mec\u00e2nico do solo subjacente ao duto e avaliar a correla\u00e7\u00e3o dos par\u00e2metros envolvidos.<\/p>\n<p style=\"text-align: justify\">Simula\u00e7\u00f5es num\u00e9ricas de dutos flex\u00edveis enterrados tamb\u00e9m foram estudadas, objetivando a compreens\u00e3o do fen\u00f4meno de transfer\u00eancia de cargas do solo sobrejacente ao duto. A an\u00e1lise foi feita atrav\u00e9s do M\u00e9todo dos Elementos Finitos e da An\u00e1lise Limite Num\u00e9rica. Para os dois problemas foi verificado que os estudos num\u00e9ricos e anal\u00edticos s\u00e3o v\u00e1lidos, com resultados pr\u00f3ximos aos determinados nos ensaios f\u00edsicos. No entanto, os resultados do estudo inverso formulado neste trabalho, n\u00e3o se mostraram adequados para as analises dos dutos r\u00edgidos.<\/p>\n<p style=\"text-align: right\"><a href=\"https:\/\/uenf.br\/posgraduacao\/engenharia-civil\/wp-content\/uploads\/sites\/3\/2015\/09\/TALLES-MOURA-MENDON\u00c7A.pdf\">Downlaod aqui.<\/a><\/p>\n","protected":false},"excerpt":{"rendered":"<p>Resumo O problema da intera\u00e7\u00e3o solo-duto tem sido objetivo de in\u00fameras pesquisas que visam o entendimento do comportamento mec\u00e2nico do&#8230;<\/p>\n","protected":false},"author":8,"featured_media":0,"parent":0,"menu_order":0,"comment_status":"closed","ping_status":"closed","template":"","meta":{"footnotes":""},"class_list":["post-1248","page","type-page","status-publish","hentry"],"_links":{"self":[{"href":"https:\/\/uenf.br\/posgraduacao\/engenharia-civil\/wp-json\/wp\/v2\/pages\/1248","targetHints":{"allow":["GET"]}}],"collection":[{"href":"https:\/\/uenf.br\/posgraduacao\/engenharia-civil\/wp-json\/wp\/v2\/pages"}],"about":[{"href":"https:\/\/uenf.br\/posgraduacao\/engenharia-civil\/wp-json\/wp\/v2\/types\/page"}],"author":[{"embeddable":true,"href":"https:\/\/uenf.br\/posgraduacao\/engenharia-civil\/wp-json\/wp\/v2\/users\/8"}],"replies":[{"embeddable":true,"href":"https:\/\/uenf.br\/posgraduacao\/engenharia-civil\/wp-json\/wp\/v2\/comments?post=1248"}],"version-history":[{"count":0,"href":"https:\/\/uenf.br\/posgraduacao\/engenharia-civil\/wp-json\/wp\/v2\/pages\/1248\/revisions"}],"wp:attachment":[{"href":"https:\/\/uenf.br\/posgraduacao\/engenharia-civil\/wp-json\/wp\/v2\/media?parent=1248"}],"curies":[{"name":"wp","href":"https:\/\/api.w.org\/{rel}","templated":true}]}}