{"id":127,"date":"2015-09-04T12:53:45","date_gmt":"2015-09-04T12:53:45","guid":{"rendered":"http:\/\/uenf.br\/posgraduacao\/engenharia-civil\/?page_id=127"},"modified":"2020-03-20T18:32:08","modified_gmt":"2020-03-20T18:32:08","slug":"prof-gines-arturo-santos-falcon","status":"publish","type":"page","link":"https:\/\/uenf.br\/posgraduacao\/engenharia-civil\/corpo-docente-2\/prof-gines-arturo-santos-falcon\/","title":{"rendered":"Prof. Gines Arturo Santos Falcon"},"content":{"rendered":"<p><div id=\"attachment_128\" style=\"width: 266px\" class=\"wp-caption alignleft\"><a href=\"http:\/\/uenf.br\/posgraduacao\/engenharia-civil\/wp-content\/uploads\/sites\/3\/2015\/09\/Gines-Arturo.jpg\"><img loading=\"lazy\" decoding=\"async\" aria-describedby=\"caption-attachment-128\" class=\" wp-image-128\" src=\"http:\/\/uenf.br\/posgraduacao\/engenharia-civil\/wp-content\/uploads\/sites\/3\/2015\/09\/Gines-Arturo.jpg\" alt=\"Prof. Gines Arturo Santos Falcon\" width=\"256\" height=\"256\" \/><\/a><p id=\"caption-attachment-128\" class=\"wp-caption-text\">Prof. Gines Arturo Santos Falcon<\/p><\/div><\/p>\n<p>&nbsp;<\/p>\n<p><strong><a href=\"http:\/\/uenf.br\/posgraduacao\/engenharia-civil\/wp-content\/uploads\/sites\/3\/2020\/03\/ORCID_Gines.png\"><img loading=\"lazy\" decoding=\"async\" class=\"alignnone  wp-image-2763\" src=\"http:\/\/uenf.br\/posgraduacao\/engenharia-civil\/wp-content\/uploads\/sites\/3\/2020\/03\/ORCID_Gines-300x300.png\" alt=\"\" width=\"176\" height=\"176\" srcset=\"https:\/\/uenf.br\/posgraduacao\/engenharia-civil\/wp-content\/uploads\/sites\/3\/2020\/03\/ORCID_Gines-300x300.png 300w, https:\/\/uenf.br\/posgraduacao\/engenharia-civil\/wp-content\/uploads\/sites\/3\/2020\/03\/ORCID_Gines-150x150.png 150w, https:\/\/uenf.br\/posgraduacao\/engenharia-civil\/wp-content\/uploads\/sites\/3\/2020\/03\/ORCID_Gines-400x400.png 400w, https:\/\/uenf.br\/posgraduacao\/engenharia-civil\/wp-content\/uploads\/sites\/3\/2020\/03\/ORCID_Gines-144x144.png 144w, https:\/\/uenf.br\/posgraduacao\/engenharia-civil\/wp-content\/uploads\/sites\/3\/2020\/03\/ORCID_Gines.png 500w\" sizes=\"auto, (max-width: 176px) 100vw, 176px\" \/><\/a>E-mail:<\/strong> <a href=\"mailto:gines@uenf.br\">gines@uenf.br<\/a><br \/>\n<strong>Setor:<\/strong> Estruturas<br \/>\n<strong>\u00c1reas de Atua\u00e7\u00e3o:<\/strong><br \/>\n&#8211; Otimiza\u00e7\u00e3o Estrutural;<br \/>\n&#8211; M\u00e9todos Num\u00e9ricos em Engenharia;<br \/>\n&#8211; An\u00e1lise Estrutural;<br \/>\n&#8211; Estruturas de A\u00e7o.<\/p>\n<p><a href=\"http:\/\/buscatextual.cnpq.br\/buscatextual\/visualizacv.do?id=K4763042H6\" target=\"_blank\" rel=\"noopener noreferrer\">Curr\u00edculo Lattes<\/a><\/p>","protected":false},"excerpt":{"rendered":"<p>&nbsp; E-mail: gines@uenf.br Setor: Estruturas \u00c1reas de Atua\u00e7\u00e3o: &#8211; Otimiza\u00e7\u00e3o Estrutural; &#8211; M\u00e9todos Num\u00e9ricos em Engenharia; &#8211; An\u00e1lise Estrutural; &#8211;&#8230;<\/p>\n","protected":false},"author":8,"featured_media":0,"parent":103,"menu_order":1,"comment_status":"closed","ping_status":"closed","template":"","meta":{"footnotes":""},"class_list":["post-127","page","type-page","status-publish","hentry"],"_links":{"self":[{"href":"https:\/\/uenf.br\/posgraduacao\/engenharia-civil\/wp-json\/wp\/v2\/pages\/127","targetHints":{"allow":["GET"]}}],"collection":[{"href":"https:\/\/uenf.br\/posgraduacao\/engenharia-civil\/wp-json\/wp\/v2\/pages"}],"about":[{"href":"https:\/\/uenf.br\/posgraduacao\/engenharia-civil\/wp-json\/wp\/v2\/types\/page"}],"author":[{"embeddable":true,"href":"https:\/\/uenf.br\/posgraduacao\/engenharia-civil\/wp-json\/wp\/v2\/users\/8"}],"replies":[{"embeddable":true,"href":"https:\/\/uenf.br\/posgraduacao\/engenharia-civil\/wp-json\/wp\/v2\/comments?post=127"}],"version-history":[{"count":0,"href":"https:\/\/uenf.br\/posgraduacao\/engenharia-civil\/wp-json\/wp\/v2\/pages\/127\/revisions"}],"up":[{"embeddable":true,"href":"https:\/\/uenf.br\/posgraduacao\/engenharia-civil\/wp-json\/wp\/v2\/pages\/103"}],"wp:attachment":[{"href":"https:\/\/uenf.br\/posgraduacao\/engenharia-civil\/wp-json\/wp\/v2\/media?parent=127"}],"curies":[{"name":"wp","href":"https:\/\/api.w.org\/{rel}","templated":true}]}}