{"id":1271,"date":"2015-09-16T20:27:55","date_gmt":"2015-09-16T20:27:55","guid":{"rendered":"http:\/\/uenf.br\/posgraduacao\/engenharia-civil\/?page_id=1271"},"modified":"2015-09-16T20:27:55","modified_gmt":"2015-09-16T20:27:55","slug":"dissertacoes-de-mestrado-2012-bruno-borges-ferreira","status":"publish","type":"page","link":"https:\/\/uenf.br\/posgraduacao\/engenharia-civil\/dissertacoes-de-mestrado-2012-bruno-borges-ferreira\/","title":{"rendered":"Disserta\u00e7\u00f5es de Mestrado 2012 &#8211; BRUNO BORGES FERREIRA"},"content":{"rendered":"<p>A grande maioria dos projetos de funda\u00e7\u00f5es vistos at\u00e9 hoje buscam sempre a utiliza\u00e7\u00e3o de funda\u00e7\u00f5es rasas ou profundas dependendo do tipo do terreno e da estrutura da obra. A associa\u00e7\u00e3o entre diferentes tipos de funda\u00e7\u00f5es n\u00e3o tem sido muito utilizada, pois transferem de forma distinta a carga ao solo.<br \/>\nEntretanto, fatos como o uso de algumas estacas sob um radier, que podem melhorar o desempenho desta funda\u00e7\u00e3o quanto ao recalque ou mesmo capacidade de carga, bem como a considera\u00e7\u00e3o do contato do bloco com o solo em um grupo de estacas, chamaram a aten\u00e7\u00e3o de pesquisadores para as poss\u00edveis vantagens da associa\u00e7\u00e3o de mais de um tipo de funda\u00e7\u00e3o para compor o elemento de funda\u00e7\u00e3o.<br \/>\nTodo o conhecimento adquirido, desde ent\u00e3o, considerava somente o grupo de estacas transferindo a carga ao solo, e respondendo com a deforma\u00e7\u00e3o (recalque) provocada pela carga. Assim, o interesse pelo estudo de funda\u00e7\u00f5es denominadas de \u201cradier estaqueados\u201d ou \u201csapatas estaqueadas\u201d que v\u00eam tendo um uso crescente nestas duas \u00faltimas d\u00e9cadas.<\/p>\n<p style=\"text-align: right\"><a href=\"http:\/\/uenf.br\/posgraduacao\/engenharia-civil\/wp-content\/uploads\/sites\/3\/2015\/09\/Bruno-Borges-Ferreira_fINAL.pdf\">Download aqui.<\/a><\/p>\n","protected":false},"excerpt":{"rendered":"<p>A grande maioria dos projetos de funda\u00e7\u00f5es vistos at\u00e9 hoje buscam sempre a utiliza\u00e7\u00e3o de funda\u00e7\u00f5es rasas ou profundas dependendo&#8230;<\/p>\n","protected":false},"author":8,"featured_media":0,"parent":0,"menu_order":0,"comment_status":"closed","ping_status":"closed","template":"","meta":{"footnotes":""},"class_list":["post-1271","page","type-page","status-publish","hentry"],"_links":{"self":[{"href":"https:\/\/uenf.br\/posgraduacao\/engenharia-civil\/wp-json\/wp\/v2\/pages\/1271","targetHints":{"allow":["GET"]}}],"collection":[{"href":"https:\/\/uenf.br\/posgraduacao\/engenharia-civil\/wp-json\/wp\/v2\/pages"}],"about":[{"href":"https:\/\/uenf.br\/posgraduacao\/engenharia-civil\/wp-json\/wp\/v2\/types\/page"}],"author":[{"embeddable":true,"href":"https:\/\/uenf.br\/posgraduacao\/engenharia-civil\/wp-json\/wp\/v2\/users\/8"}],"replies":[{"embeddable":true,"href":"https:\/\/uenf.br\/posgraduacao\/engenharia-civil\/wp-json\/wp\/v2\/comments?post=1271"}],"version-history":[{"count":0,"href":"https:\/\/uenf.br\/posgraduacao\/engenharia-civil\/wp-json\/wp\/v2\/pages\/1271\/revisions"}],"wp:attachment":[{"href":"https:\/\/uenf.br\/posgraduacao\/engenharia-civil\/wp-json\/wp\/v2\/media?parent=1271"}],"curies":[{"name":"wp","href":"https:\/\/api.w.org\/{rel}","templated":true}]}}