{"id":1279,"date":"2015-09-16T21:07:49","date_gmt":"2015-09-16T21:07:49","guid":{"rendered":"http:\/\/uenf.br\/posgraduacao\/engenharia-civil\/?page_id=1279"},"modified":"2015-09-16T21:09:14","modified_gmt":"2015-09-16T21:09:14","slug":"dissertacoes-de-mestrado-2014-rayssa-lopes-mendonca","status":"publish","type":"page","link":"https:\/\/uenf.br\/posgraduacao\/engenharia-civil\/dissertacoes-de-mestrado-2014-rayssa-lopes-mendonca\/","title":{"rendered":"Disserta\u00e7\u00f5es de Mestrado 2014 &#8211; RAYSSA LOPES MENDON\u00c7A"},"content":{"rendered":"<p><strong>Resumo<\/strong><\/p>\n<p style=\"text-align: justify\">Nas \u00faltimas d\u00e9cadas, o desenvolvimento do pa\u00eds associado \u00e0 necessidade de implanta\u00e7\u00e3o de novos empreendimentos, levou a engenharia civil a estudar o emprego de diferentes materiais de constru\u00e7\u00e3o nas obras de grande porte. Especialmente os enrocamentos em particular merecem destaque, tanto pelo amplo campo de aplica\u00e7\u00e3o quanto pelas suas caracter\u00edsticas de comportamento. Nas barragens, particularmente, vem se observando o uso cada vez mais frequente de materiais rochosos demos competentes, como consequ\u00eancia da necessidade de evitar bota-foras.<\/p>\n<p style=\"text-align: justify\">Consequentemente, \u00e0s deforma\u00e7\u00f5es geradas pela oscila\u00e7\u00e3o do n\u00edvel do reservat\u00f3rio ou varia\u00e7\u00f5es de umidade que geram o colapso de enrocamentos, merece aten\u00e7\u00e3o. De fato no primeiro enchimento do reservat\u00f3rio ou em chuvas intensas durante a constru\u00e7\u00e3o, pode-se notar grandes deforma\u00e7\u00f5es por colapso do maci\u00e7o de enrocamento. Varia\u00e7\u00f5es\u00a0do n\u00edvel do reservat\u00f3rio associados a processos de altera\u00e7\u00e3o da rocha constituinte geram, tamb\u00e9m, processos de colapso, inferiores em magnitude ao colapso inicial, mais igualmente importantes. Neste sentido a presente pesquisa visa a avalia\u00e7\u00e3o dos efeitos do colapso no comportamento tens\u00e3o vs. deforma\u00e7\u00e3o de enrocamentos utilizado na\u00a0constru\u00e7\u00e3o da Barragem de Manso. Para isso foram realizados ensaios de compress\u00e3o oedom\u00e9trica, em corpos de prova de grandes dimens\u00f5es, associados a ensaios de satura\u00e7\u00e3o e secagem, simulando os processos de varia\u00e7\u00e3o de temperatura e umidade.<\/p>\n<p style=\"text-align: justify\">S\u00e3o apresentados e discutidos os resultados dos ensaios na condi\u00e7\u00e3o seca, saturada, inicialmente seca com inunda\u00e7\u00e3o intermedi\u00e1ria e inicialmente seca e com ciclos de satura\u00e7\u00e3o e secagem intermedi\u00e1rios. Como principal observa\u00e7\u00e3o da pesquisa notou-se que o colapso prim\u00e1rio, gerado na primeira inunda\u00e7\u00e3o \u00e9 da ordem de 30%. O colapso secund\u00e1rio, gerado por ciclo de satura\u00e7\u00e3o e secagem \u00e9 da ordem de 50%.<\/p>\n<p style=\"text-align: justify\">Conclui-se que o colapso secund\u00e1rio \u00e9 significativo e deve ser alvo de aten\u00e7\u00e3o em projetos de barragens de enrocamento.<\/p>\n<p style=\"text-align: right\"><a href=\"http:\/\/uenf.br\/posgraduacao\/engenharia-civil\/wp-content\/uploads\/sites\/3\/2015\/09\/Avalia\u00e7\u00e3o-do-Colapso-de-Enrocamentos-Devido-\u00e0-Altera\u00e7\u00e3o-da-Rocha-Constituinte.pdf\">Download aqui.<\/a><\/p>\n","protected":false},"excerpt":{"rendered":"<p>Resumo Nas \u00faltimas d\u00e9cadas, o desenvolvimento do pa\u00eds associado \u00e0 necessidade de implanta\u00e7\u00e3o de novos empreendimentos, levou a engenharia civil&#8230;<\/p>\n","protected":false},"author":8,"featured_media":0,"parent":0,"menu_order":0,"comment_status":"closed","ping_status":"closed","template":"","meta":{"footnotes":""},"class_list":["post-1279","page","type-page","status-publish","hentry"],"_links":{"self":[{"href":"https:\/\/uenf.br\/posgraduacao\/engenharia-civil\/wp-json\/wp\/v2\/pages\/1279","targetHints":{"allow":["GET"]}}],"collection":[{"href":"https:\/\/uenf.br\/posgraduacao\/engenharia-civil\/wp-json\/wp\/v2\/pages"}],"about":[{"href":"https:\/\/uenf.br\/posgraduacao\/engenharia-civil\/wp-json\/wp\/v2\/types\/page"}],"author":[{"embeddable":true,"href":"https:\/\/uenf.br\/posgraduacao\/engenharia-civil\/wp-json\/wp\/v2\/users\/8"}],"replies":[{"embeddable":true,"href":"https:\/\/uenf.br\/posgraduacao\/engenharia-civil\/wp-json\/wp\/v2\/comments?post=1279"}],"version-history":[{"count":0,"href":"https:\/\/uenf.br\/posgraduacao\/engenharia-civil\/wp-json\/wp\/v2\/pages\/1279\/revisions"}],"wp:attachment":[{"href":"https:\/\/uenf.br\/posgraduacao\/engenharia-civil\/wp-json\/wp\/v2\/media?parent=1279"}],"curies":[{"name":"wp","href":"https:\/\/api.w.org\/{rel}","templated":true}]}}