{"id":1349,"date":"2016-12-20T13:34:13","date_gmt":"2016-12-20T13:34:13","guid":{"rendered":"http:\/\/uenf.br\/posgraduacao\/engenharia-civil\/?page_id=1349"},"modified":"2016-12-20T17:34:59","modified_gmt":"2016-12-20T17:34:59","slug":"analise-estrutural-avancada","status":"publish","type":"page","link":"https:\/\/uenf.br\/posgraduacao\/engenharia-civil\/disciplinas-ementas\/analise-estrutural-avancada\/","title":{"rendered":"An\u00e1lise Estrutural Avan\u00e7ada"},"content":{"rendered":"<p><\/p>\n<div class=\"post-bodycopy clearfix\">\n<p><strong>Ementa:<\/strong> Introdu\u00e7\u00e3o. No\u00e7\u00f5es b\u00e1sicas sobre tensores. Cinem\u00e1tica: an\u00e1lise de deforma\u00e7\u00f5es. Tens\u00f5es. Rela\u00e7\u00f5es tens\u00e3o-deforma\u00e7\u00e3o. Conceitos de energia e trabalho. Problemas diversos. Estados particulares de tens\u00f5es e deforma\u00e7\u00f5es. Fun\u00e7\u00f5es de Airy. Solu\u00e7\u00f5es polinomiais. Solu\u00e7\u00f5es em s\u00e9rie de Fourier. Problemas em coordenadas polares-cil\u00edndricas. Tor\u00e7\u00e3o.<\/p>\n<\/div>\n<p><a href=\"http:\/\/uenf.br\/posgraduacao\/engenharia-civil\/wp-content\/uploads\/sites\/3\/2016\/12\/An\u00e1lise-estrutura-avan\u00e7ada.pdf\">Download: Analise-estrutura-avancada<\/a><\/p>\n<p>&nbsp;<\/p>","protected":false},"excerpt":{"rendered":"<p>Ementa: Introdu\u00e7\u00e3o. No\u00e7\u00f5es b\u00e1sicas sobre tensores. Cinem\u00e1tica: an\u00e1lise de deforma\u00e7\u00f5es. Tens\u00f5es. Rela\u00e7\u00f5es tens\u00e3o-deforma\u00e7\u00e3o. Conceitos de energia e trabalho. Problemas diversos&#8230;.<\/p>\n","protected":false},"author":1,"featured_media":0,"parent":220,"menu_order":1,"comment_status":"closed","ping_status":"closed","template":"","meta":{"footnotes":""},"class_list":["post-1349","page","type-page","status-publish","hentry"],"_links":{"self":[{"href":"https:\/\/uenf.br\/posgraduacao\/engenharia-civil\/wp-json\/wp\/v2\/pages\/1349","targetHints":{"allow":["GET"]}}],"collection":[{"href":"https:\/\/uenf.br\/posgraduacao\/engenharia-civil\/wp-json\/wp\/v2\/pages"}],"about":[{"href":"https:\/\/uenf.br\/posgraduacao\/engenharia-civil\/wp-json\/wp\/v2\/types\/page"}],"author":[{"embeddable":true,"href":"https:\/\/uenf.br\/posgraduacao\/engenharia-civil\/wp-json\/wp\/v2\/users\/1"}],"replies":[{"embeddable":true,"href":"https:\/\/uenf.br\/posgraduacao\/engenharia-civil\/wp-json\/wp\/v2\/comments?post=1349"}],"version-history":[{"count":0,"href":"https:\/\/uenf.br\/posgraduacao\/engenharia-civil\/wp-json\/wp\/v2\/pages\/1349\/revisions"}],"up":[{"embeddable":true,"href":"https:\/\/uenf.br\/posgraduacao\/engenharia-civil\/wp-json\/wp\/v2\/pages\/220"}],"wp:attachment":[{"href":"https:\/\/uenf.br\/posgraduacao\/engenharia-civil\/wp-json\/wp\/v2\/media?parent=1349"}],"curies":[{"name":"wp","href":"https:\/\/api.w.org\/{rel}","templated":true}]}}