{"id":1353,"date":"2016-12-20T17:52:50","date_gmt":"2016-12-20T17:52:50","guid":{"rendered":"http:\/\/uenf.br\/posgraduacao\/engenharia-civil\/?page_id=1353"},"modified":"2016-12-20T17:52:50","modified_gmt":"2016-12-20T17:52:50","slug":"calculo-numerico-aplicado-a-engenharia","status":"publish","type":"page","link":"https:\/\/uenf.br\/posgraduacao\/engenharia-civil\/disciplinas-ementas\/calculo-numerico-aplicado-a-engenharia\/","title":{"rendered":"C\u00e1lculo num\u00e9rico Aplicado \u00e0 Engenharia"},"content":{"rendered":"<p>Ao concluir o curso, o aluno de p\u00f3s-gradua\u00e7\u00e3o deve ser capaz de implementar programas computacionais para\u00a0solu\u00e7\u00e3o de problemas na engenharia. S\u00e3o estudados os seguintes t\u00f3picos: Revis\u00e3o de linguagens de\u00a0programa\u00e7\u00e3o, Solu\u00e7\u00e3o de Sistemas de Equa\u00e7\u00f5es Lineares, Solu\u00e7\u00e3o de equa\u00e7\u00f5es n\u00e3o-lineares. Interpola\u00e7\u00e3o\u00a0Polinomial, Ajuste de curvas, Solu\u00e7\u00e3o num\u00e9rica de equa\u00e7\u00f5es diferenciais, M\u00e9todo das Diferen\u00e7as Finitas.<\/p>\n<p>&nbsp;<\/p>\n<p>&nbsp;<\/p>\n<p><a href=\"http:\/\/uenf.br\/posgraduacao\/engenharia-civil\/wp-content\/uploads\/sites\/3\/2016\/12\/CIV1675-C\u00e1lculo-num\u00e9rico-aplicado-\u00e0-engenharia.pdf\">Download: C\u00e1C\u00e1lculo num\u00e9rico Aplicado \u00e0 Engenharia<\/a><\/p>","protected":false},"excerpt":{"rendered":"<p>Ao concluir o curso, o aluno de p\u00f3s-gradua\u00e7\u00e3o deve ser capaz de implementar programas computacionais para\u00a0solu\u00e7\u00e3o de problemas na engenharia&#8230;.<\/p>\n","protected":false},"author":7,"featured_media":0,"parent":220,"menu_order":0,"comment_status":"closed","ping_status":"closed","template":"","meta":{"footnotes":""},"class_list":["post-1353","page","type-page","status-publish","hentry"],"_links":{"self":[{"href":"https:\/\/uenf.br\/posgraduacao\/engenharia-civil\/wp-json\/wp\/v2\/pages\/1353","targetHints":{"allow":["GET"]}}],"collection":[{"href":"https:\/\/uenf.br\/posgraduacao\/engenharia-civil\/wp-json\/wp\/v2\/pages"}],"about":[{"href":"https:\/\/uenf.br\/posgraduacao\/engenharia-civil\/wp-json\/wp\/v2\/types\/page"}],"author":[{"embeddable":true,"href":"https:\/\/uenf.br\/posgraduacao\/engenharia-civil\/wp-json\/wp\/v2\/users\/7"}],"replies":[{"embeddable":true,"href":"https:\/\/uenf.br\/posgraduacao\/engenharia-civil\/wp-json\/wp\/v2\/comments?post=1353"}],"version-history":[{"count":0,"href":"https:\/\/uenf.br\/posgraduacao\/engenharia-civil\/wp-json\/wp\/v2\/pages\/1353\/revisions"}],"up":[{"embeddable":true,"href":"https:\/\/uenf.br\/posgraduacao\/engenharia-civil\/wp-json\/wp\/v2\/pages\/220"}],"wp:attachment":[{"href":"https:\/\/uenf.br\/posgraduacao\/engenharia-civil\/wp-json\/wp\/v2\/media?parent=1353"}],"curies":[{"name":"wp","href":"https:\/\/api.w.org\/{rel}","templated":true}]}}