{"id":1357,"date":"2016-12-20T18:05:18","date_gmt":"2016-12-20T18:05:18","guid":{"rendered":"http:\/\/uenf.br\/posgraduacao\/engenharia-civil\/?page_id=1357"},"modified":"2016-12-21T11:03:10","modified_gmt":"2016-12-21T11:03:10","slug":"matematica-aplicada-a-engenharia","status":"publish","type":"page","link":"https:\/\/uenf.br\/posgraduacao\/engenharia-civil\/matematica-aplicada-a-engenharia\/","title":{"rendered":"Matem\u00e1tica Aplicada a Engenharia"},"content":{"rendered":"<p>Revis\u00e3o de \u00e1lgebra matricial. Solu\u00e7\u00f5es de equa\u00e7\u00f5es diferenciais. Problemas de valor inicial (P.V.I) e de problemas de valor de contorno (P.V.C.). Aplica\u00e7\u00e3o a equa\u00e7\u00f5es diferenciais parciais da f\u00edsica matem\u00e1tica. Calculo variacional.<\/p>\n<p>&nbsp;<\/p>\n<p>Download:\u00a0<a href=\"http:\/\/uenf.br\/posgraduacao\/engenharia-civil\/wp-content\/uploads\/sites\/3\/2016\/12\/CIV1600-Matem\u00e1tica-Aplicada-a-Engenharia.pdf\">Matem\u00e1tica Aplicada a Engenharia<\/a><\/p>","protected":false},"excerpt":{"rendered":"<p>Revis\u00e3o de \u00e1lgebra matricial. Solu\u00e7\u00f5es de equa\u00e7\u00f5es diferenciais. Problemas de valor inicial (P.V.I) e de problemas de valor de contorno&#8230;<\/p>\n","protected":false},"author":7,"featured_media":0,"parent":0,"menu_order":0,"comment_status":"closed","ping_status":"closed","template":"","meta":{"footnotes":""},"class_list":["post-1357","page","type-page","status-publish","hentry"],"_links":{"self":[{"href":"https:\/\/uenf.br\/posgraduacao\/engenharia-civil\/wp-json\/wp\/v2\/pages\/1357","targetHints":{"allow":["GET"]}}],"collection":[{"href":"https:\/\/uenf.br\/posgraduacao\/engenharia-civil\/wp-json\/wp\/v2\/pages"}],"about":[{"href":"https:\/\/uenf.br\/posgraduacao\/engenharia-civil\/wp-json\/wp\/v2\/types\/page"}],"author":[{"embeddable":true,"href":"https:\/\/uenf.br\/posgraduacao\/engenharia-civil\/wp-json\/wp\/v2\/users\/7"}],"replies":[{"embeddable":true,"href":"https:\/\/uenf.br\/posgraduacao\/engenharia-civil\/wp-json\/wp\/v2\/comments?post=1357"}],"version-history":[{"count":0,"href":"https:\/\/uenf.br\/posgraduacao\/engenharia-civil\/wp-json\/wp\/v2\/pages\/1357\/revisions"}],"wp:attachment":[{"href":"https:\/\/uenf.br\/posgraduacao\/engenharia-civil\/wp-json\/wp\/v2\/media?parent=1357"}],"curies":[{"name":"wp","href":"https:\/\/api.w.org\/{rel}","templated":true}]}}