{"id":1370,"date":"2016-12-20T19:40:30","date_gmt":"2016-12-20T19:40:30","guid":{"rendered":"http:\/\/uenf.br\/posgraduacao\/engenharia-civil\/?page_id=1370"},"modified":"2016-12-21T11:02:16","modified_gmt":"2016-12-21T11:02:16","slug":"seminario-em-engenharia-civil-ii","status":"publish","type":"page","link":"https:\/\/uenf.br\/posgraduacao\/engenharia-civil\/seminario-em-engenharia-civil-ii\/","title":{"rendered":"Semin\u00e1rio em Engenharia Civil II"},"content":{"rendered":"<p>Semin\u00e1rios envolvendo ciclo de palestras em engenharia Civil no setor de Geotecnia e Estruturas com a presen\u00e7a de palestrantes externos.<\/p>\n<p>Download:\u00a0<a href=\"https:\/\/uenf.br\/posgraduacao\/engenharia-civil\/wp-content\/uploads\/sites\/3\/2016\/12\/CIV1624-Semin\u00e1rios-em-Engenharia-Civil-II.pdf\">Semin\u00e1rio em Engenharia Civil II<\/a><\/p>","protected":false},"excerpt":{"rendered":"<p>Semin\u00e1rios envolvendo ciclo de palestras em engenharia Civil no setor de Geotecnia e Estruturas com a presen\u00e7a de palestrantes externos&#8230;.<\/p>\n","protected":false},"author":7,"featured_media":0,"parent":0,"menu_order":0,"comment_status":"closed","ping_status":"closed","template":"","meta":{"footnotes":""},"class_list":["post-1370","page","type-page","status-publish","hentry"],"_links":{"self":[{"href":"https:\/\/uenf.br\/posgraduacao\/engenharia-civil\/wp-json\/wp\/v2\/pages\/1370","targetHints":{"allow":["GET"]}}],"collection":[{"href":"https:\/\/uenf.br\/posgraduacao\/engenharia-civil\/wp-json\/wp\/v2\/pages"}],"about":[{"href":"https:\/\/uenf.br\/posgraduacao\/engenharia-civil\/wp-json\/wp\/v2\/types\/page"}],"author":[{"embeddable":true,"href":"https:\/\/uenf.br\/posgraduacao\/engenharia-civil\/wp-json\/wp\/v2\/users\/7"}],"replies":[{"embeddable":true,"href":"https:\/\/uenf.br\/posgraduacao\/engenharia-civil\/wp-json\/wp\/v2\/comments?post=1370"}],"version-history":[{"count":0,"href":"https:\/\/uenf.br\/posgraduacao\/engenharia-civil\/wp-json\/wp\/v2\/pages\/1370\/revisions"}],"wp:attachment":[{"href":"https:\/\/uenf.br\/posgraduacao\/engenharia-civil\/wp-json\/wp\/v2\/media?parent=1370"}],"curies":[{"name":"wp","href":"https:\/\/api.w.org\/{rel}","templated":true}]}}