{"id":1381,"date":"2016-12-20T19:59:48","date_gmt":"2016-12-20T19:59:48","guid":{"rendered":"http:\/\/uenf.br\/posgraduacao\/engenharia-civil\/?page_id=1381"},"modified":"2016-12-21T11:31:23","modified_gmt":"2016-12-21T11:31:23","slug":"analise-matricial-de-estruturas","status":"publish","type":"page","link":"https:\/\/uenf.br\/posgraduacao\/engenharia-civil\/analise-matricial-de-estruturas\/","title":{"rendered":"An\u00e1lise Matricial de Estruturas"},"content":{"rendered":"<p>Ao concluir o curso, o aluno de p\u00f3s-gradua\u00e7\u00e3o deve ser capaz de compreender sobre a an\u00e1lise linear e n\u00e3o linear de estruturas planas constitu\u00eddas de elementos de barra via formula\u00e7\u00e3o matricial do m\u00e9todo dos deslocamentos. Alem disso, saber\u00e1 tamb\u00e9m desenvolver programa de p\u00f3rtico plano e de treli\u00e7a plana.<\/p>\n<p>&nbsp;<\/p>\n<p>Download:\u00a0<a href=\"http:\/\/uenf.br\/posgraduacao\/engenharia-civil\/wp-content\/uploads\/sites\/3\/2016\/12\/CIV1652-An\u00e1lise-matricial-de-estruturas.pdf\">An\u00e1lise Matricial de Estruturas<\/a><\/p>\n<p>&nbsp;<\/p>","protected":false},"excerpt":{"rendered":"<p>Ao concluir o curso, o aluno de p\u00f3s-gradua\u00e7\u00e3o deve ser capaz de compreender sobre a an\u00e1lise linear e n\u00e3o linear&#8230;<\/p>\n","protected":false},"author":7,"featured_media":0,"parent":0,"menu_order":0,"comment_status":"closed","ping_status":"closed","template":"","meta":{"footnotes":""},"class_list":["post-1381","page","type-page","status-publish","hentry"],"_links":{"self":[{"href":"https:\/\/uenf.br\/posgraduacao\/engenharia-civil\/wp-json\/wp\/v2\/pages\/1381","targetHints":{"allow":["GET"]}}],"collection":[{"href":"https:\/\/uenf.br\/posgraduacao\/engenharia-civil\/wp-json\/wp\/v2\/pages"}],"about":[{"href":"https:\/\/uenf.br\/posgraduacao\/engenharia-civil\/wp-json\/wp\/v2\/types\/page"}],"author":[{"embeddable":true,"href":"https:\/\/uenf.br\/posgraduacao\/engenharia-civil\/wp-json\/wp\/v2\/users\/7"}],"replies":[{"embeddable":true,"href":"https:\/\/uenf.br\/posgraduacao\/engenharia-civil\/wp-json\/wp\/v2\/comments?post=1381"}],"version-history":[{"count":0,"href":"https:\/\/uenf.br\/posgraduacao\/engenharia-civil\/wp-json\/wp\/v2\/pages\/1381\/revisions"}],"wp:attachment":[{"href":"https:\/\/uenf.br\/posgraduacao\/engenharia-civil\/wp-json\/wp\/v2\/media?parent=1381"}],"curies":[{"name":"wp","href":"https:\/\/api.w.org\/{rel}","templated":true}]}}