{"id":1385,"date":"2016-12-20T20:03:09","date_gmt":"2016-12-20T20:03:09","guid":{"rendered":"http:\/\/uenf.br\/posgraduacao\/engenharia-civil\/?page_id=1385"},"modified":"2016-12-21T11:56:02","modified_gmt":"2016-12-21T11:56:02","slug":"analise-nao-linear-de-estruturas","status":"publish","type":"page","link":"https:\/\/uenf.br\/posgraduacao\/engenharia-civil\/analise-nao-linear-de-estruturas\/","title":{"rendered":"An\u00e1lise N\u00e3o-Linear de Estruturas"},"content":{"rendered":"<p>Introdu\u00e7\u00e3o \u00e0 n\u00e3o-linearidade f\u00edsica e \u00e0 n\u00e3o-linearidade geom\u00e9trica. Grandes deslocamentos e grandes deforma\u00e7\u00f5es. Comportamento inel\u00e1stico dos materiais. M\u00e9todos incrementais e iterativos de solu\u00e7\u00e3o. Aplica\u00e7\u00f5es utilizando o m\u00e9todo dos elementos finitos e o m\u00e9todo dos elementos de contorno.<\/p>\n<p>Download:\u00a0<a href=\"http:\/\/uenf.br\/posgraduacao\/engenharia-civil\/wp-content\/uploads\/sites\/3\/2016\/12\/CIV1656-An\u00e1lise-N\u00e3o-Linear-de-Estruturas1.pdf\">An\u00e1lise N\u00e3o-Linear de Estruturas<\/a><\/p>\n<p>&nbsp;<\/p>","protected":false},"excerpt":{"rendered":"<p>Introdu\u00e7\u00e3o \u00e0 n\u00e3o-linearidade f\u00edsica e \u00e0 n\u00e3o-linearidade geom\u00e9trica. Grandes deslocamentos e grandes deforma\u00e7\u00f5es. Comportamento inel\u00e1stico dos materiais. M\u00e9todos incrementais e&#8230;<\/p>\n","protected":false},"author":7,"featured_media":0,"parent":0,"menu_order":0,"comment_status":"closed","ping_status":"closed","template":"","meta":{"footnotes":""},"class_list":["post-1385","page","type-page","status-publish","hentry"],"_links":{"self":[{"href":"https:\/\/uenf.br\/posgraduacao\/engenharia-civil\/wp-json\/wp\/v2\/pages\/1385","targetHints":{"allow":["GET"]}}],"collection":[{"href":"https:\/\/uenf.br\/posgraduacao\/engenharia-civil\/wp-json\/wp\/v2\/pages"}],"about":[{"href":"https:\/\/uenf.br\/posgraduacao\/engenharia-civil\/wp-json\/wp\/v2\/types\/page"}],"author":[{"embeddable":true,"href":"https:\/\/uenf.br\/posgraduacao\/engenharia-civil\/wp-json\/wp\/v2\/users\/7"}],"replies":[{"embeddable":true,"href":"https:\/\/uenf.br\/posgraduacao\/engenharia-civil\/wp-json\/wp\/v2\/comments?post=1385"}],"version-history":[{"count":0,"href":"https:\/\/uenf.br\/posgraduacao\/engenharia-civil\/wp-json\/wp\/v2\/pages\/1385\/revisions"}],"wp:attachment":[{"href":"https:\/\/uenf.br\/posgraduacao\/engenharia-civil\/wp-json\/wp\/v2\/media?parent=1385"}],"curies":[{"name":"wp","href":"https:\/\/api.w.org\/{rel}","templated":true}]}}