{"id":1388,"date":"2016-12-20T20:05:01","date_gmt":"2016-12-20T20:05:01","guid":{"rendered":"http:\/\/uenf.br\/posgraduacao\/engenharia-civil\/?page_id=1388"},"modified":"2016-12-21T11:56:23","modified_gmt":"2016-12-21T11:56:23","slug":"concreto-protendido","status":"publish","type":"page","link":"https:\/\/uenf.br\/posgraduacao\/engenharia-civil\/concreto-protendido\/","title":{"rendered":"Concreto Protendido"},"content":{"rendered":"<p>Conceito de concreto protendido. Propriedades do concreto: resist\u00eancias, flu\u00eancia, retra\u00e7\u00e3o e efeitos de temperatura. A\u00e7os para concreto protendido: caracter\u00edsticas, propriedades mec\u00e2nicas, relaxa\u00e7\u00e3o e efeitos de temperatura. Sistemas e equipamentos de protens\u00e3o. Perdas de protens\u00e3o. An\u00e1lise de tens\u00f5es no regime el\u00e1stico em vigas isost\u00e1ticas e cont\u00ednuas. Dimensionamento \u00e0 flex\u00e3o nos estado limite \u00faltimo e de utiliza\u00e7\u00e3o. Cisalhamento. Estruturas hiperest\u00e1ticas protendidas. Lajes protendidas.<\/p>\n<p>&nbsp;<\/p>\n<p>Download:\u00a0<a href=\"http:\/\/uenf.br\/posgraduacao\/engenharia-civil\/wp-content\/uploads\/sites\/3\/2016\/12\/CIV1655-Concreto-Protendido.pdf\">Concreto Protendido<\/a><\/p>","protected":false},"excerpt":{"rendered":"<p>Conceito de concreto protendido. Propriedades do concreto: resist\u00eancias, flu\u00eancia, retra\u00e7\u00e3o e efeitos de temperatura. A\u00e7os para concreto protendido: caracter\u00edsticas, propriedades&#8230;<\/p>\n","protected":false},"author":7,"featured_media":0,"parent":0,"menu_order":0,"comment_status":"closed","ping_status":"closed","template":"","meta":{"footnotes":""},"class_list":["post-1388","page","type-page","status-publish","hentry"],"_links":{"self":[{"href":"https:\/\/uenf.br\/posgraduacao\/engenharia-civil\/wp-json\/wp\/v2\/pages\/1388","targetHints":{"allow":["GET"]}}],"collection":[{"href":"https:\/\/uenf.br\/posgraduacao\/engenharia-civil\/wp-json\/wp\/v2\/pages"}],"about":[{"href":"https:\/\/uenf.br\/posgraduacao\/engenharia-civil\/wp-json\/wp\/v2\/types\/page"}],"author":[{"embeddable":true,"href":"https:\/\/uenf.br\/posgraduacao\/engenharia-civil\/wp-json\/wp\/v2\/users\/7"}],"replies":[{"embeddable":true,"href":"https:\/\/uenf.br\/posgraduacao\/engenharia-civil\/wp-json\/wp\/v2\/comments?post=1388"}],"version-history":[{"count":0,"href":"https:\/\/uenf.br\/posgraduacao\/engenharia-civil\/wp-json\/wp\/v2\/pages\/1388\/revisions"}],"wp:attachment":[{"href":"https:\/\/uenf.br\/posgraduacao\/engenharia-civil\/wp-json\/wp\/v2\/media?parent=1388"}],"curies":[{"name":"wp","href":"https:\/\/api.w.org\/{rel}","templated":true}]}}