{"id":1395,"date":"2016-12-20T20:09:41","date_gmt":"2016-12-20T20:09:41","guid":{"rendered":"http:\/\/uenf.br\/posgraduacao\/engenharia-civil\/?page_id=1395"},"modified":"2021-02-26T20:20:52","modified_gmt":"2021-02-26T20:20:52","slug":"dosagem-e-criterios-de-desempenho-do-concreto","status":"publish","type":"page","link":"https:\/\/uenf.br\/posgraduacao\/engenharia-civil\/dosagem-e-criterios-de-desempenho-do-concreto\/","title":{"rendered":"Produ\u00e7\u00e3o e Caracteriza\u00e7\u00e3o de Pozolanas Especiais"},"content":{"rendered":"<p>Pretende-se que o aluno de p\u00f3s-gradua\u00e7\u00e3o desenvolva os conceitos b\u00e1sicos sobre a produ\u00e7\u00e3o de pozolanas via processos mec\u00e2nicos, qu\u00edmicos e t\u00e9rmicos. Al\u00e9m disso, o curso aborda diferentes t\u00e9cnicas anal\u00edticas utilizadas na caracteriza\u00e7\u00e3o de materiais ciment\u00edcios e pozol\u00e2nicos.<\/p>\n<p>&nbsp;<\/p>\n<p>Download:\u00a0<a href=\"https:\/\/uenf.br\/posgraduacao\/engenharia-civil\/wp-content\/uploads\/sites\/3\/2021\/02\/Producao-e-Caracterizacao-de-Pozolanas.pdf\">Produ\u00e7\u00e3o e Caracteriza\u00e7\u00e3o de Pozolanas<\/a><br \/>\n<\/p>","protected":false},"excerpt":{"rendered":"<p>Pretende-se que o aluno de p\u00f3s-gradua\u00e7\u00e3o desenvolva os conceitos b\u00e1sicos sobre a produ\u00e7\u00e3o de pozolanas via processos mec\u00e2nicos, qu\u00edmicos e&#8230;<\/p>\n","protected":false},"author":7,"featured_media":0,"parent":0,"menu_order":0,"comment_status":"closed","ping_status":"closed","template":"","meta":{"footnotes":""},"class_list":["post-1395","page","type-page","status-publish","hentry"],"_links":{"self":[{"href":"https:\/\/uenf.br\/posgraduacao\/engenharia-civil\/wp-json\/wp\/v2\/pages\/1395","targetHints":{"allow":["GET"]}}],"collection":[{"href":"https:\/\/uenf.br\/posgraduacao\/engenharia-civil\/wp-json\/wp\/v2\/pages"}],"about":[{"href":"https:\/\/uenf.br\/posgraduacao\/engenharia-civil\/wp-json\/wp\/v2\/types\/page"}],"author":[{"embeddable":true,"href":"https:\/\/uenf.br\/posgraduacao\/engenharia-civil\/wp-json\/wp\/v2\/users\/7"}],"replies":[{"embeddable":true,"href":"https:\/\/uenf.br\/posgraduacao\/engenharia-civil\/wp-json\/wp\/v2\/comments?post=1395"}],"version-history":[{"count":0,"href":"https:\/\/uenf.br\/posgraduacao\/engenharia-civil\/wp-json\/wp\/v2\/pages\/1395\/revisions"}],"wp:attachment":[{"href":"https:\/\/uenf.br\/posgraduacao\/engenharia-civil\/wp-json\/wp\/v2\/media?parent=1395"}],"curies":[{"name":"wp","href":"https:\/\/api.w.org\/{rel}","templated":true}]}}