{"id":1464,"date":"2016-12-21T18:39:22","date_gmt":"2016-12-21T18:39:22","guid":{"rendered":"http:\/\/uenf.br\/posgraduacao\/engenharia-civil\/?page_id=1464"},"modified":"2016-12-22T13:49:58","modified_gmt":"2016-12-22T13:49:58","slug":"metodos-experimentais-para-analise-de-estruturas","status":"publish","type":"page","link":"https:\/\/uenf.br\/posgraduacao\/engenharia-civil\/metodos-experimentais-para-analise-de-estruturas\/","title":{"rendered":"M\u00e9todos Experimentais para An\u00e1lise de Estruturas"},"content":{"rendered":"<p>Introdu\u00e7\u00e3o \u00e0 an\u00e1lise experimental. Principais tipos de sensores e equipamentos utilizados na an\u00e1lise experimental. Conceitos b\u00e1sicos de aquisi\u00e7\u00e3o de sinais para ensaios est\u00e1ticos e din\u00e2micos. Metodologia de ensaios experimentais. Aplica\u00e7\u00f5es pr\u00e1ticas por meio de ensaios em laborat\u00f3rio.<\/p>\n<p>&nbsp;<\/p>\n<p>Download:\u00a0<a href=\"http:\/\/uenf.br\/posgraduacao\/engenharia-civil\/wp-content\/uploads\/sites\/3\/2016\/12\/CIV1662-M\u00e9t_-Experimentais-para-an\u00e1lise-de-estruturas.pdf\">M\u00e9todos Experimentais para An\u00e1lise de Estruturas<\/a><\/p>","protected":false},"excerpt":{"rendered":"<p>Introdu\u00e7\u00e3o \u00e0 an\u00e1lise experimental. Principais tipos de sensores e equipamentos utilizados na an\u00e1lise experimental. Conceitos b\u00e1sicos de aquisi\u00e7\u00e3o de sinais&#8230;<\/p>\n","protected":false},"author":7,"featured_media":0,"parent":0,"menu_order":0,"comment_status":"closed","ping_status":"closed","template":"","meta":{"footnotes":""},"class_list":["post-1464","page","type-page","status-publish","hentry"],"_links":{"self":[{"href":"https:\/\/uenf.br\/posgraduacao\/engenharia-civil\/wp-json\/wp\/v2\/pages\/1464","targetHints":{"allow":["GET"]}}],"collection":[{"href":"https:\/\/uenf.br\/posgraduacao\/engenharia-civil\/wp-json\/wp\/v2\/pages"}],"about":[{"href":"https:\/\/uenf.br\/posgraduacao\/engenharia-civil\/wp-json\/wp\/v2\/types\/page"}],"author":[{"embeddable":true,"href":"https:\/\/uenf.br\/posgraduacao\/engenharia-civil\/wp-json\/wp\/v2\/users\/7"}],"replies":[{"embeddable":true,"href":"https:\/\/uenf.br\/posgraduacao\/engenharia-civil\/wp-json\/wp\/v2\/comments?post=1464"}],"version-history":[{"count":0,"href":"https:\/\/uenf.br\/posgraduacao\/engenharia-civil\/wp-json\/wp\/v2\/pages\/1464\/revisions"}],"wp:attachment":[{"href":"https:\/\/uenf.br\/posgraduacao\/engenharia-civil\/wp-json\/wp\/v2\/media?parent=1464"}],"curies":[{"name":"wp","href":"https:\/\/api.w.org\/{rel}","templated":true}]}}