{"id":1467,"date":"2016-12-21T18:41:19","date_gmt":"2016-12-21T18:41:19","guid":{"rendered":"http:\/\/uenf.br\/posgraduacao\/engenharia-civil\/?page_id=1467"},"modified":"2016-12-22T13:47:53","modified_gmt":"2016-12-22T13:47:53","slug":"metodos-numericos-em-engenharia","status":"publish","type":"page","link":"https:\/\/uenf.br\/posgraduacao\/engenharia-civil\/metodos-numericos-em-engenharia\/","title":{"rendered":"M\u00e9todos Num\u00e9ricos em Engenharia"},"content":{"rendered":"<p>Modelos matem\u00e1ticos, M\u00e9todos das Diferen\u00e7as Finitas (MDF), M\u00e9todo dos Elementos Finitos (MEF), M\u00e9todo dos Elementos de Contorno.<\/p>\n<p>&nbsp;<\/p>\n<p>Download:\u00a0<a href=\"http:\/\/uenf.br\/posgraduacao\/engenharia-civil\/wp-content\/uploads\/sites\/3\/2016\/12\/CIV1615-M\u00e9todos-Num\u00e9ricos-em-Engenharia.pdf\">M\u00e9todos Num\u00e9ricos em Engenharia<\/a><\/p>","protected":false},"excerpt":{"rendered":"<p>Modelos matem\u00e1ticos, M\u00e9todos das Diferen\u00e7as Finitas (MDF), M\u00e9todo dos Elementos Finitos (MEF), M\u00e9todo dos Elementos de Contorno. &nbsp; Download:\u00a0M\u00e9todos Num\u00e9ricos&#8230;<\/p>\n","protected":false},"author":7,"featured_media":0,"parent":0,"menu_order":0,"comment_status":"closed","ping_status":"closed","template":"","meta":{"footnotes":""},"class_list":["post-1467","page","type-page","status-publish","hentry"],"_links":{"self":[{"href":"https:\/\/uenf.br\/posgraduacao\/engenharia-civil\/wp-json\/wp\/v2\/pages\/1467","targetHints":{"allow":["GET"]}}],"collection":[{"href":"https:\/\/uenf.br\/posgraduacao\/engenharia-civil\/wp-json\/wp\/v2\/pages"}],"about":[{"href":"https:\/\/uenf.br\/posgraduacao\/engenharia-civil\/wp-json\/wp\/v2\/types\/page"}],"author":[{"embeddable":true,"href":"https:\/\/uenf.br\/posgraduacao\/engenharia-civil\/wp-json\/wp\/v2\/users\/7"}],"replies":[{"embeddable":true,"href":"https:\/\/uenf.br\/posgraduacao\/engenharia-civil\/wp-json\/wp\/v2\/comments?post=1467"}],"version-history":[{"count":0,"href":"https:\/\/uenf.br\/posgraduacao\/engenharia-civil\/wp-json\/wp\/v2\/pages\/1467\/revisions"}],"wp:attachment":[{"href":"https:\/\/uenf.br\/posgraduacao\/engenharia-civil\/wp-json\/wp\/v2\/media?parent=1467"}],"curies":[{"name":"wp","href":"https:\/\/api.w.org\/{rel}","templated":true}]}}