{"id":1470,"date":"2016-12-21T18:46:59","date_gmt":"2016-12-21T18:46:59","guid":{"rendered":"http:\/\/uenf.br\/posgraduacao\/engenharia-civil\/?page_id=1470"},"modified":"2016-12-22T13:48:25","modified_gmt":"2016-12-22T13:48:25","slug":"otimizacao-estrutural","status":"publish","type":"page","link":"https:\/\/uenf.br\/posgraduacao\/engenharia-civil\/otimizacao-estrutural\/","title":{"rendered":"Otimiza\u00e7\u00e3o Estrutural"},"content":{"rendered":"<p>Ao concluir o curso, o aluno de p\u00f3s-gradua\u00e7\u00e3o deve ser capaz de modelar e implementar computacionalmente problemas de Projeto Estrutural \u00d3timo de estruturas formadas por barras e placas. S\u00e3o estudados os itens a seguir: Introdu\u00e7\u00e3o ao Projeto \u00d3timo em Engenharia, Modelagem do Problema de Otimiza\u00e7\u00e3o, An\u00e1lise Estrutural, An\u00e1lise de Sensibilidade e Algoritmos de Programa\u00e7\u00e3o N\u00e3o Linear.<\/p>\n<p>&nbsp;<\/p>\n<p>Download:\u00a0<a href=\"http:\/\/uenf.br\/posgraduacao\/engenharia-civil\/wp-content\/uploads\/sites\/3\/2016\/12\/CIV1666-Otimiza\u00e7\u00e3o-estrutural.pdf\">Otimiza\u00e7\u00e3o Estrutural<\/a><\/p>","protected":false},"excerpt":{"rendered":"<p>Ao concluir o curso, o aluno de p\u00f3s-gradua\u00e7\u00e3o deve ser capaz de modelar e implementar computacionalmente problemas de Projeto Estrutural&#8230;<\/p>\n","protected":false},"author":7,"featured_media":0,"parent":0,"menu_order":0,"comment_status":"closed","ping_status":"closed","template":"","meta":{"footnotes":""},"class_list":["post-1470","page","type-page","status-publish","hentry"],"_links":{"self":[{"href":"https:\/\/uenf.br\/posgraduacao\/engenharia-civil\/wp-json\/wp\/v2\/pages\/1470","targetHints":{"allow":["GET"]}}],"collection":[{"href":"https:\/\/uenf.br\/posgraduacao\/engenharia-civil\/wp-json\/wp\/v2\/pages"}],"about":[{"href":"https:\/\/uenf.br\/posgraduacao\/engenharia-civil\/wp-json\/wp\/v2\/types\/page"}],"author":[{"embeddable":true,"href":"https:\/\/uenf.br\/posgraduacao\/engenharia-civil\/wp-json\/wp\/v2\/users\/7"}],"replies":[{"embeddable":true,"href":"https:\/\/uenf.br\/posgraduacao\/engenharia-civil\/wp-json\/wp\/v2\/comments?post=1470"}],"version-history":[{"count":0,"href":"https:\/\/uenf.br\/posgraduacao\/engenharia-civil\/wp-json\/wp\/v2\/pages\/1470\/revisions"}],"wp:attachment":[{"href":"https:\/\/uenf.br\/posgraduacao\/engenharia-civil\/wp-json\/wp\/v2\/media?parent=1470"}],"curies":[{"name":"wp","href":"https:\/\/api.w.org\/{rel}","templated":true}]}}