{"id":1473,"date":"2016-12-21T18:49:37","date_gmt":"2016-12-21T18:49:37","guid":{"rendered":"http:\/\/uenf.br\/posgraduacao\/engenharia-civil\/?page_id=1473"},"modified":"2016-12-22T13:48:59","modified_gmt":"2016-12-22T13:48:59","slug":"patologia-e-reparo-de-estruturas-de-concreto","status":"publish","type":"page","link":"https:\/\/uenf.br\/posgraduacao\/engenharia-civil\/patologia-e-reparo-de-estruturas-de-concreto\/","title":{"rendered":"Patologia e Reparo de Estruturas de Concreto"},"content":{"rendered":"<p>Ao concluir o curso, o aluno de p\u00f3s-gradua\u00e7\u00e3o deve ser capaz de diagnosticar as principais patologias de estruturas de concreto, bem como propor a metodologia mais adequada de reparo, refor\u00e7o e prote\u00e7\u00e3o das mesmas, levando-se em conta os materiais dispon\u00edveis no mercado.<\/p>\n<p>&nbsp;<\/p>\n<p>Download:\u00a0<a href=\"http:\/\/uenf.br\/posgraduacao\/engenharia-civil\/wp-content\/uploads\/sites\/3\/2016\/12\/CIV1667-Patologia-e-reparo-de-estruturas-de-concreto.pdf\">Patologia e Reparo de Estruturas de Concreto<\/a><\/p>","protected":false},"excerpt":{"rendered":"<p>Ao concluir o curso, o aluno de p\u00f3s-gradua\u00e7\u00e3o deve ser capaz de diagnosticar as principais patologias de estruturas de concreto,&#8230;<\/p>\n","protected":false},"author":7,"featured_media":0,"parent":0,"menu_order":0,"comment_status":"closed","ping_status":"closed","template":"","meta":{"footnotes":""},"class_list":["post-1473","page","type-page","status-publish","hentry"],"_links":{"self":[{"href":"https:\/\/uenf.br\/posgraduacao\/engenharia-civil\/wp-json\/wp\/v2\/pages\/1473","targetHints":{"allow":["GET"]}}],"collection":[{"href":"https:\/\/uenf.br\/posgraduacao\/engenharia-civil\/wp-json\/wp\/v2\/pages"}],"about":[{"href":"https:\/\/uenf.br\/posgraduacao\/engenharia-civil\/wp-json\/wp\/v2\/types\/page"}],"author":[{"embeddable":true,"href":"https:\/\/uenf.br\/posgraduacao\/engenharia-civil\/wp-json\/wp\/v2\/users\/7"}],"replies":[{"embeddable":true,"href":"https:\/\/uenf.br\/posgraduacao\/engenharia-civil\/wp-json\/wp\/v2\/comments?post=1473"}],"version-history":[{"count":0,"href":"https:\/\/uenf.br\/posgraduacao\/engenharia-civil\/wp-json\/wp\/v2\/pages\/1473\/revisions"}],"wp:attachment":[{"href":"https:\/\/uenf.br\/posgraduacao\/engenharia-civil\/wp-json\/wp\/v2\/media?parent=1473"}],"curies":[{"name":"wp","href":"https:\/\/api.w.org\/{rel}","templated":true}]}}