{"id":1479,"date":"2016-12-23T08:44:00","date_gmt":"2016-12-23T08:44:00","guid":{"rendered":"http:\/\/uenf.br\/posgraduacao\/engenharia-civil\/?page_id=1479"},"modified":"2016-12-23T10:38:23","modified_gmt":"2016-12-23T10:38:23","slug":"pesquisa-bibliografica-para-mestrado","status":"publish","type":"page","link":"https:\/\/uenf.br\/posgraduacao\/engenharia-civil\/pesquisa-bibliografica-para-mestrado\/","title":{"rendered":"Pesquisa Bibliogr\u00e1fica para Mestrado"},"content":{"rendered":"<p>Trabalho individual de levantamento e atualiza\u00e7\u00e3o bibliogr\u00e1fica com o objetivo de apoiar as atividades de tese de mestrado; supervisionado pelo professor.<\/p>\n<p>&nbsp;<\/p>\n<p>Download aqui:\u00a0<a href=\"http:\/\/uenf.br\/posgraduacao\/engenharia-civil\/wp-content\/uploads\/sites\/3\/2016\/12\/CIV1699-Pesquisa-Bibliogr\u00e1fica-para-Mestrado.pdf\">Pesquisa Bibliogr\u00e1fica para Mestrado<\/a><\/p>","protected":false},"excerpt":{"rendered":"<p>Trabalho individual de levantamento e atualiza\u00e7\u00e3o bibliogr\u00e1fica com o objetivo de apoiar as atividades de tese de mestrado; supervisionado pelo&#8230;<\/p>\n","protected":false},"author":7,"featured_media":0,"parent":0,"menu_order":0,"comment_status":"closed","ping_status":"closed","template":"","meta":{"footnotes":""},"class_list":["post-1479","page","type-page","status-publish","hentry"],"_links":{"self":[{"href":"https:\/\/uenf.br\/posgraduacao\/engenharia-civil\/wp-json\/wp\/v2\/pages\/1479","targetHints":{"allow":["GET"]}}],"collection":[{"href":"https:\/\/uenf.br\/posgraduacao\/engenharia-civil\/wp-json\/wp\/v2\/pages"}],"about":[{"href":"https:\/\/uenf.br\/posgraduacao\/engenharia-civil\/wp-json\/wp\/v2\/types\/page"}],"author":[{"embeddable":true,"href":"https:\/\/uenf.br\/posgraduacao\/engenharia-civil\/wp-json\/wp\/v2\/users\/7"}],"replies":[{"embeddable":true,"href":"https:\/\/uenf.br\/posgraduacao\/engenharia-civil\/wp-json\/wp\/v2\/comments?post=1479"}],"version-history":[{"count":0,"href":"https:\/\/uenf.br\/posgraduacao\/engenharia-civil\/wp-json\/wp\/v2\/pages\/1479\/revisions"}],"wp:attachment":[{"href":"https:\/\/uenf.br\/posgraduacao\/engenharia-civil\/wp-json\/wp\/v2\/media?parent=1479"}],"curies":[{"name":"wp","href":"https:\/\/api.w.org\/{rel}","templated":true}]}}