{"id":1485,"date":"2016-12-23T08:55:40","date_gmt":"2016-12-23T08:55:40","guid":{"rendered":"http:\/\/uenf.br\/posgraduacao\/engenharia-civil\/?page_id=1485"},"modified":"2016-12-23T08:55:40","modified_gmt":"2016-12-23T08:55:40","slug":"propriedades-mecanicas-do-concreto-endurecido","status":"publish","type":"page","link":"https:\/\/uenf.br\/posgraduacao\/engenharia-civil\/propriedades-mecanicas-do-concreto-endurecido\/","title":{"rendered":"Propriedades mec\u00e2nicas do concreto endurecido"},"content":{"rendered":"<p>Generalidades. Propriedades mec\u00e2nicas do concreto endurecido. Comportamento reol\u00f3gico: flu\u00eancia, retra\u00e7\u00e3o, relaxa\u00e7\u00e3o. Microestrutura, permeabilidade e durabilidade: porosidade; deteriora\u00e7\u00e3o das estruturas de concreto; o ataque pela \u00e1gua do mar; a rea\u00e7\u00e3o \u00e1lcali-agregado.<\/p>\n<p>&nbsp;<\/p>\n<p>Download aqui:\u00a0<a href=\"http:\/\/uenf.br\/posgraduacao\/engenharia-civil\/wp-content\/uploads\/sites\/3\/2016\/12\/CIV1668-Propriedades-mec\u00e2nicas-do-concreto-endurecido.pdf\">Propriedades mec\u00e2nicas do concreto endurecido<\/a><\/p>","protected":false},"excerpt":{"rendered":"<p>Generalidades. Propriedades mec\u00e2nicas do concreto endurecido. Comportamento reol\u00f3gico: flu\u00eancia, retra\u00e7\u00e3o, relaxa\u00e7\u00e3o. Microestrutura, permeabilidade e durabilidade: porosidade; deteriora\u00e7\u00e3o das estruturas de&#8230;<\/p>\n","protected":false},"author":7,"featured_media":0,"parent":0,"menu_order":0,"comment_status":"closed","ping_status":"closed","template":"","meta":{"footnotes":""},"class_list":["post-1485","page","type-page","status-publish","hentry"],"_links":{"self":[{"href":"https:\/\/uenf.br\/posgraduacao\/engenharia-civil\/wp-json\/wp\/v2\/pages\/1485","targetHints":{"allow":["GET"]}}],"collection":[{"href":"https:\/\/uenf.br\/posgraduacao\/engenharia-civil\/wp-json\/wp\/v2\/pages"}],"about":[{"href":"https:\/\/uenf.br\/posgraduacao\/engenharia-civil\/wp-json\/wp\/v2\/types\/page"}],"author":[{"embeddable":true,"href":"https:\/\/uenf.br\/posgraduacao\/engenharia-civil\/wp-json\/wp\/v2\/users\/7"}],"replies":[{"embeddable":true,"href":"https:\/\/uenf.br\/posgraduacao\/engenharia-civil\/wp-json\/wp\/v2\/comments?post=1485"}],"version-history":[{"count":0,"href":"https:\/\/uenf.br\/posgraduacao\/engenharia-civil\/wp-json\/wp\/v2\/pages\/1485\/revisions"}],"wp:attachment":[{"href":"https:\/\/uenf.br\/posgraduacao\/engenharia-civil\/wp-json\/wp\/v2\/media?parent=1485"}],"curies":[{"name":"wp","href":"https:\/\/api.w.org\/{rel}","templated":true}]}}