{"id":1488,"date":"2016-12-23T08:58:56","date_gmt":"2016-12-23T08:58:56","guid":{"rendered":"http:\/\/uenf.br\/posgraduacao\/engenharia-civil\/?page_id=1488"},"modified":"2016-12-23T08:58:56","modified_gmt":"2016-12-23T08:58:56","slug":"materiais-compositos","status":"publish","type":"page","link":"https:\/\/uenf.br\/posgraduacao\/engenharia-civil\/materiais-compositos\/","title":{"rendered":"Materiais Comp\u00f3sitos"},"content":{"rendered":"<p>Pretende-se que o aluno de p\u00f3s-gradua\u00e7\u00e3o desenvolva a base de conhecimento cient\u00edfico e tecnol\u00f3gico necess\u00e1ria \u00e0 produ\u00e7\u00e3o e transforma\u00e7\u00e3o inovadoras dos materiais comp\u00f3sitos, propriedades e aplica\u00e7\u00f5es dos diferentes tipos de comp\u00f3sitos (matriz ciment\u00edcia, matriz polim\u00e9rica, matriz met\u00e1lica e outras) e de alguns tipos de constituintes internos dos mesmos (fibras artificiais e naturais, part\u00edculas etc.).<\/p>\n<p>&nbsp;<\/p>\n<p>Download aqui:\u00a0<a href=\"http:\/\/uenf.br\/posgraduacao\/engenharia-civil\/wp-content\/uploads\/sites\/3\/2016\/12\/CIV1664-Materiais-comp\u00f3sitos.pdf\">Materiais Comp\u00f3sitos<\/a><\/p>","protected":false},"excerpt":{"rendered":"<p>Pretende-se que o aluno de p\u00f3s-gradua\u00e7\u00e3o desenvolva a base de conhecimento cient\u00edfico e tecnol\u00f3gico necess\u00e1ria \u00e0 produ\u00e7\u00e3o e transforma\u00e7\u00e3o inovadoras&#8230;<\/p>\n","protected":false},"author":7,"featured_media":0,"parent":0,"menu_order":0,"comment_status":"closed","ping_status":"closed","template":"","meta":{"footnotes":""},"class_list":["post-1488","page","type-page","status-publish","hentry"],"_links":{"self":[{"href":"https:\/\/uenf.br\/posgraduacao\/engenharia-civil\/wp-json\/wp\/v2\/pages\/1488","targetHints":{"allow":["GET"]}}],"collection":[{"href":"https:\/\/uenf.br\/posgraduacao\/engenharia-civil\/wp-json\/wp\/v2\/pages"}],"about":[{"href":"https:\/\/uenf.br\/posgraduacao\/engenharia-civil\/wp-json\/wp\/v2\/types\/page"}],"author":[{"embeddable":true,"href":"https:\/\/uenf.br\/posgraduacao\/engenharia-civil\/wp-json\/wp\/v2\/users\/7"}],"replies":[{"embeddable":true,"href":"https:\/\/uenf.br\/posgraduacao\/engenharia-civil\/wp-json\/wp\/v2\/comments?post=1488"}],"version-history":[{"count":0,"href":"https:\/\/uenf.br\/posgraduacao\/engenharia-civil\/wp-json\/wp\/v2\/pages\/1488\/revisions"}],"wp:attachment":[{"href":"https:\/\/uenf.br\/posgraduacao\/engenharia-civil\/wp-json\/wp\/v2\/media?parent=1488"}],"curies":[{"name":"wp","href":"https:\/\/api.w.org\/{rel}","templated":true}]}}