{"id":1491,"date":"2016-12-23T09:03:33","date_gmt":"2016-12-23T09:03:33","guid":{"rendered":"http:\/\/uenf.br\/posgraduacao\/engenharia-civil\/?page_id=1491"},"modified":"2016-12-23T09:03:33","modified_gmt":"2016-12-23T09:03:33","slug":"tratamento-de-dados-experimentais","status":"publish","type":"page","link":"https:\/\/uenf.br\/posgraduacao\/engenharia-civil\/tratamento-de-dados-experimentais\/","title":{"rendered":"Tratamento de dados experimentais"},"content":{"rendered":"<p>Conceito de propabilidade e elementos de estat\u00edstica. An\u00e1lise estoc\u00e1stica de dados experimentais e evolu\u00e7\u00f5es temporais. M\u00e9todo de Monte Carlo. An\u00e1lise de confiabilidade FOSM. Redes neurais e an\u00e1lise possibil\u00edstica (Fuzzy). Wavelets e cluster. Aplica\u00e7\u00e3o em casos reais.<\/p>\n<p>&nbsp;<\/p>\n<p>Download aqui:\u00a0<a href=\"http:\/\/uenf.br\/posgraduacao\/engenharia-civil\/wp-content\/uploads\/sites\/3\/2016\/12\/CIV1632-Tratamento-de-dados-experimentais.pdf\">Tratamento de dados experimentais<\/a><\/p>","protected":false},"excerpt":{"rendered":"<p>Conceito de propabilidade e elementos de estat\u00edstica. An\u00e1lise estoc\u00e1stica de dados experimentais e evolu\u00e7\u00f5es temporais. M\u00e9todo de Monte Carlo. An\u00e1lise&#8230;<\/p>\n","protected":false},"author":7,"featured_media":0,"parent":0,"menu_order":0,"comment_status":"closed","ping_status":"closed","template":"","meta":{"footnotes":""},"class_list":["post-1491","page","type-page","status-publish","hentry"],"_links":{"self":[{"href":"https:\/\/uenf.br\/posgraduacao\/engenharia-civil\/wp-json\/wp\/v2\/pages\/1491","targetHints":{"allow":["GET"]}}],"collection":[{"href":"https:\/\/uenf.br\/posgraduacao\/engenharia-civil\/wp-json\/wp\/v2\/pages"}],"about":[{"href":"https:\/\/uenf.br\/posgraduacao\/engenharia-civil\/wp-json\/wp\/v2\/types\/page"}],"author":[{"embeddable":true,"href":"https:\/\/uenf.br\/posgraduacao\/engenharia-civil\/wp-json\/wp\/v2\/users\/7"}],"replies":[{"embeddable":true,"href":"https:\/\/uenf.br\/posgraduacao\/engenharia-civil\/wp-json\/wp\/v2\/comments?post=1491"}],"version-history":[{"count":0,"href":"https:\/\/uenf.br\/posgraduacao\/engenharia-civil\/wp-json\/wp\/v2\/pages\/1491\/revisions"}],"wp:attachment":[{"href":"https:\/\/uenf.br\/posgraduacao\/engenharia-civil\/wp-json\/wp\/v2\/media?parent=1491"}],"curies":[{"name":"wp","href":"https:\/\/api.w.org\/{rel}","templated":true}]}}