{"id":1494,"date":"2016-12-23T09:08:20","date_gmt":"2016-12-23T09:08:20","guid":{"rendered":"http:\/\/uenf.br\/posgraduacao\/engenharia-civil\/?page_id=1494"},"modified":"2016-12-23T09:08:20","modified_gmt":"2016-12-23T09:08:20","slug":"topicos-especiais-em-engenharia-estrutural-dimensionamento-de-pecas-de-concreto-por-meio-de-modelos-de-bielas-e-tirantes","status":"publish","type":"page","link":"https:\/\/uenf.br\/posgraduacao\/engenharia-civil\/topicos-especiais-em-engenharia-estrutural-dimensionamento-de-pecas-de-concreto-por-meio-de-modelos-de-bielas-e-tirantes\/","title":{"rendered":"T\u00f3picos Especiais em Engenharia Estrutural: Dimensionamento de Pe\u00e7as de Concreto por Meio de Modelos de Bielas e Tirantes"},"content":{"rendered":"<p>No\u00e7\u00f5es gerais sobre o modelo de Bielas e tirantes, tipos de regi\u00f5es (B e D), tipos de n\u00f3s, bielas e Tirantes, resist\u00eancias limites a considerar nas bielas, dimensionamento dos elementos no estado limite ultimo, exemplos de aplica\u00e7\u00e3o.<\/p>\n<p>&nbsp;<\/p>\n<p>Download aqui:\u00a0<a href=\"https:\/\/uenf.br\/posgraduacao\/engenharia-civil\/wp-content\/uploads\/sites\/3\/2016\/12\/Civ1691-TEEE-Dimensionamento-de-Pe\u00e7as-de-Concreto-por-Meio-de-Modelos-de-Bielas-e-Tirantes.pdf\">T\u00f3picos Especiais em Engenharia Estrutural: Dimensionamento de Pe\u00e7as de Concreto por Meio de Modelos de Bielas e Tirantes<\/a><\/p>","protected":false},"excerpt":{"rendered":"<p>No\u00e7\u00f5es gerais sobre o modelo de Bielas e tirantes, tipos de regi\u00f5es (B e D), tipos de n\u00f3s, bielas e&#8230;<\/p>\n","protected":false},"author":7,"featured_media":0,"parent":0,"menu_order":0,"comment_status":"closed","ping_status":"closed","template":"","meta":{"footnotes":""},"class_list":["post-1494","page","type-page","status-publish","hentry"],"_links":{"self":[{"href":"https:\/\/uenf.br\/posgraduacao\/engenharia-civil\/wp-json\/wp\/v2\/pages\/1494","targetHints":{"allow":["GET"]}}],"collection":[{"href":"https:\/\/uenf.br\/posgraduacao\/engenharia-civil\/wp-json\/wp\/v2\/pages"}],"about":[{"href":"https:\/\/uenf.br\/posgraduacao\/engenharia-civil\/wp-json\/wp\/v2\/types\/page"}],"author":[{"embeddable":true,"href":"https:\/\/uenf.br\/posgraduacao\/engenharia-civil\/wp-json\/wp\/v2\/users\/7"}],"replies":[{"embeddable":true,"href":"https:\/\/uenf.br\/posgraduacao\/engenharia-civil\/wp-json\/wp\/v2\/comments?post=1494"}],"version-history":[{"count":0,"href":"https:\/\/uenf.br\/posgraduacao\/engenharia-civil\/wp-json\/wp\/v2\/pages\/1494\/revisions"}],"wp:attachment":[{"href":"https:\/\/uenf.br\/posgraduacao\/engenharia-civil\/wp-json\/wp\/v2\/media?parent=1494"}],"curies":[{"name":"wp","href":"https:\/\/api.w.org\/{rel}","templated":true}]}}