{"id":1503,"date":"2016-12-23T09:25:54","date_gmt":"2016-12-23T09:25:54","guid":{"rendered":"http:\/\/uenf.br\/posgraduacao\/engenharia-civil\/?page_id=1503"},"modified":"2016-12-23T09:27:08","modified_gmt":"2016-12-23T09:27:08","slug":"elasticidade-e-plasticidade-avancada","status":"publish","type":"page","link":"https:\/\/uenf.br\/posgraduacao\/engenharia-civil\/elasticidade-e-plasticidade-avancada\/","title":{"rendered":"Elasticidade e Plasticidade Avan\u00e7ada"},"content":{"rendered":"<p>Introdu\u00e7\u00e3o \u00e0 nota\u00e7\u00e3o indicial e tensorial. An\u00e1lise tensorial Haigh-Westergard espa\u00e7o de tens\u00f5es Elasticidade,\u00a0lei de Hooke generalizada, estado plano de tens\u00e3o e de deforma\u00e7\u00e3o, rela\u00e7\u00e3o tens\u00e3o x deforma\u00e7\u00e3o.<\/p>\n<p>Superf\u00edcie de plastifica\u00e7\u00e3o (yield locus), Plano p.<\/p>\n<p>Crit\u00e9rio de Von Mises, Tresca, Mohr Coulomb e Lade<\/p>\n<p>Trabalho Pl\u00e1stico, Rela\u00e7\u00e3o tens\u00e3o x deforma\u00e7\u00e3o generalizada. Endurecimento<\/p>\n<p>Postulados de Drucker<\/p>\n<p>Aplica\u00e7\u00f5es Pr\u00e1ticas<\/p>\n<p>&nbsp;<\/p>\n<p>Download aqui:\u00a0<a href=\"http:\/\/uenf.br\/posgraduacao\/engenharia-civil\/wp-content\/uploads\/sites\/3\/2016\/12\/CIV1851Elasticidade-e-Plasticidade-AVAN\u00c7ADA.pdf\">Elasticidade e Plasticidade Avan\u00e7ada<\/a><\/p>","protected":false},"excerpt":{"rendered":"<p>Introdu\u00e7\u00e3o \u00e0 nota\u00e7\u00e3o indicial e tensorial. An\u00e1lise tensorial Haigh-Westergard espa\u00e7o de tens\u00f5es Elasticidade,\u00a0lei de Hooke generalizada, estado plano de tens\u00e3o&#8230;<\/p>\n","protected":false},"author":7,"featured_media":0,"parent":0,"menu_order":0,"comment_status":"closed","ping_status":"closed","template":"","meta":{"footnotes":""},"class_list":["post-1503","page","type-page","status-publish","hentry"],"_links":{"self":[{"href":"https:\/\/uenf.br\/posgraduacao\/engenharia-civil\/wp-json\/wp\/v2\/pages\/1503","targetHints":{"allow":["GET"]}}],"collection":[{"href":"https:\/\/uenf.br\/posgraduacao\/engenharia-civil\/wp-json\/wp\/v2\/pages"}],"about":[{"href":"https:\/\/uenf.br\/posgraduacao\/engenharia-civil\/wp-json\/wp\/v2\/types\/page"}],"author":[{"embeddable":true,"href":"https:\/\/uenf.br\/posgraduacao\/engenharia-civil\/wp-json\/wp\/v2\/users\/7"}],"replies":[{"embeddable":true,"href":"https:\/\/uenf.br\/posgraduacao\/engenharia-civil\/wp-json\/wp\/v2\/comments?post=1503"}],"version-history":[{"count":0,"href":"https:\/\/uenf.br\/posgraduacao\/engenharia-civil\/wp-json\/wp\/v2\/pages\/1503\/revisions"}],"wp:attachment":[{"href":"https:\/\/uenf.br\/posgraduacao\/engenharia-civil\/wp-json\/wp\/v2\/media?parent=1503"}],"curies":[{"name":"wp","href":"https:\/\/api.w.org\/{rel}","templated":true}]}}