{"id":1506,"date":"2016-12-23T09:29:15","date_gmt":"2016-12-23T09:29:15","guid":{"rendered":"http:\/\/uenf.br\/posgraduacao\/engenharia-civil\/?page_id=1506"},"modified":"2016-12-23T09:29:15","modified_gmt":"2016-12-23T09:29:15","slug":"mecanica-das-rochas","status":"publish","type":"page","link":"https:\/\/uenf.br\/posgraduacao\/engenharia-civil\/mecanica-das-rochas\/","title":{"rendered":"Mec\u00e2nica das Rochas"},"content":{"rendered":"<p>Teoria da elasticidade aplicada a materiais rochosos. Classifica\u00e7\u00e3o dos meios rochosos do ponto de vista de engenharia. Tens\u00f5es <em>in situ<\/em> em forma\u00e7\u00f5es rochosas. Propriedades mec\u00e2nicas das rochas: Tens\u00e3o x deforma\u00e7\u00e3o em rochas intactas; par\u00e2metros de deformabilidade.. Crit\u00e9rio de ruptura em rochas. Ensaios <em>in situ<\/em> : Propriedades mec\u00e2nicas das massa rochosas. Resist\u00eancia ao cisalhamento de descontinuidades. Estabilidade de taludes em meios rochosos. T\u00faneis. Proje\u00e7\u00e3o estereogr\u00e1fica, projetos de revestimento.<\/p>\n<p>&nbsp;<\/p>\n<p>Download aqui:\u00a0<a href=\"http:\/\/uenf.br\/posgraduacao\/engenharia-civil\/wp-content\/uploads\/sites\/3\/2016\/12\/CIV1604-Mec\u00e2nica-das-Rochas-S.pdf\">Mec\u00e2nica das Rochas<\/a><\/p>","protected":false},"excerpt":{"rendered":"<p>Teoria da elasticidade aplicada a materiais rochosos. Classifica\u00e7\u00e3o dos meios rochosos do ponto de vista de engenharia. Tens\u00f5es in situ&#8230;<\/p>\n","protected":false},"author":7,"featured_media":0,"parent":0,"menu_order":0,"comment_status":"closed","ping_status":"closed","template":"","meta":{"footnotes":""},"class_list":["post-1506","page","type-page","status-publish","hentry"],"_links":{"self":[{"href":"https:\/\/uenf.br\/posgraduacao\/engenharia-civil\/wp-json\/wp\/v2\/pages\/1506","targetHints":{"allow":["GET"]}}],"collection":[{"href":"https:\/\/uenf.br\/posgraduacao\/engenharia-civil\/wp-json\/wp\/v2\/pages"}],"about":[{"href":"https:\/\/uenf.br\/posgraduacao\/engenharia-civil\/wp-json\/wp\/v2\/types\/page"}],"author":[{"embeddable":true,"href":"https:\/\/uenf.br\/posgraduacao\/engenharia-civil\/wp-json\/wp\/v2\/users\/7"}],"replies":[{"embeddable":true,"href":"https:\/\/uenf.br\/posgraduacao\/engenharia-civil\/wp-json\/wp\/v2\/comments?post=1506"}],"version-history":[{"count":0,"href":"https:\/\/uenf.br\/posgraduacao\/engenharia-civil\/wp-json\/wp\/v2\/pages\/1506\/revisions"}],"wp:attachment":[{"href":"https:\/\/uenf.br\/posgraduacao\/engenharia-civil\/wp-json\/wp\/v2\/media?parent=1506"}],"curies":[{"name":"wp","href":"https:\/\/api.w.org\/{rel}","templated":true}]}}