{"id":1509,"date":"2016-12-23T09:32:26","date_gmt":"2016-12-23T09:32:26","guid":{"rendered":"http:\/\/uenf.br\/posgraduacao\/engenharia-civil\/?page_id=1509"},"modified":"2016-12-23T09:32:44","modified_gmt":"2016-12-23T09:32:44","slug":"mecanica-dos-solos-avancada","status":"publish","type":"page","link":"https:\/\/uenf.br\/posgraduacao\/engenharia-civil\/mecanica-dos-solos-avancada\/","title":{"rendered":"MEC\u00c2NICA DOS SOLOS AVAN\u00c7ADA"},"content":{"rendered":"<p>Introdu\u00e7\u00e3o \u00e0 mec\u00e2nica dos solos e meios particulados.<\/p>\n<p>Trajet\u00f3ria de tens\u00f5es. Curva tens\u00e3o x deforma\u00e7\u00e3o. Gera\u00e7\u00e3o de Poro-Press\u00e3o. Varia\u00e7\u00e3o de volume: Contra\u00e7\u00e3o e dilat\u00e2ncia.<\/p>\n<p>Crit\u00e9rios de Plastifica\u00e7\u00e3o.<\/p>\n<p>Teoria do Estado Cr\u00edtico: Areias densas, areias fofas, argilas normalmente e pr\u00e9-adensadas. Solicita\u00e7\u00f5es drenadas e n\u00e3o drenadas<\/p>\n<p>Introdu\u00e7\u00e3o a CamClay.<\/p>\n<p>&nbsp;<\/p>\n<p>Download aqui:\u00a0<a href=\"https:\/\/uenf.br\/posgraduacao\/engenharia-civil\/wp-content\/uploads\/sites\/3\/2016\/12\/CIV1621-Mec\u00e2nica-dos-Solos_Avan\u00e7ada.pdf\">MEC\u00c2NICA DOS SOLOS AVAN\u00c7ADA<\/a><\/p>","protected":false},"excerpt":{"rendered":"<p>Introdu\u00e7\u00e3o \u00e0 mec\u00e2nica dos solos e meios particulados. Trajet\u00f3ria de tens\u00f5es. Curva tens\u00e3o x deforma\u00e7\u00e3o. Gera\u00e7\u00e3o de Poro-Press\u00e3o. Varia\u00e7\u00e3o de&#8230;<\/p>\n","protected":false},"author":7,"featured_media":0,"parent":0,"menu_order":0,"comment_status":"closed","ping_status":"closed","template":"","meta":{"footnotes":""},"class_list":["post-1509","page","type-page","status-publish","hentry"],"_links":{"self":[{"href":"https:\/\/uenf.br\/posgraduacao\/engenharia-civil\/wp-json\/wp\/v2\/pages\/1509","targetHints":{"allow":["GET"]}}],"collection":[{"href":"https:\/\/uenf.br\/posgraduacao\/engenharia-civil\/wp-json\/wp\/v2\/pages"}],"about":[{"href":"https:\/\/uenf.br\/posgraduacao\/engenharia-civil\/wp-json\/wp\/v2\/types\/page"}],"author":[{"embeddable":true,"href":"https:\/\/uenf.br\/posgraduacao\/engenharia-civil\/wp-json\/wp\/v2\/users\/7"}],"replies":[{"embeddable":true,"href":"https:\/\/uenf.br\/posgraduacao\/engenharia-civil\/wp-json\/wp\/v2\/comments?post=1509"}],"version-history":[{"count":0,"href":"https:\/\/uenf.br\/posgraduacao\/engenharia-civil\/wp-json\/wp\/v2\/pages\/1509\/revisions"}],"wp:attachment":[{"href":"https:\/\/uenf.br\/posgraduacao\/engenharia-civil\/wp-json\/wp\/v2\/media?parent=1509"}],"curies":[{"name":"wp","href":"https:\/\/api.w.org\/{rel}","templated":true}]}}