{"id":1512,"date":"2016-12-23T09:42:08","date_gmt":"2016-12-23T09:42:08","guid":{"rendered":"http:\/\/uenf.br\/posgraduacao\/engenharia-civil\/?page_id=1512"},"modified":"2016-12-23T09:42:08","modified_gmt":"2016-12-23T09:42:08","slug":"ensaios-de-campo-e-de-laboratorio-e-instrumentacao-geotecnica","status":"publish","type":"page","link":"https:\/\/uenf.br\/posgraduacao\/engenharia-civil\/ensaios-de-campo-e-de-laboratorio-e-instrumentacao-geotecnica\/","title":{"rendered":"Ensaios de Campo e de Laborat\u00f3rio e Instrumenta\u00e7\u00e3o Geot\u00e9cnica"},"content":{"rendered":"<p><em>Faze-se a introdu\u00e7\u00e3o ao assunto e apresentam-se as defini\u00e7\u00f5es necess\u00e1rias para o desenvolvimento da disciplina. Descrevem-se os de ensaios de campo e de laborat\u00f3rio aplicados na engenharia geot\u00e9cnica, dando-se \u00eanfase nas particularidades dos procedimentos de ensaio. Apresentam-se as metodologias para a an\u00e1lise dos resultados e obten\u00e7\u00e3o dos par\u00e2metros a partir dos resultados dos ensaios. Faze-se uma avalia\u00e7\u00e3o comparativa dos par\u00e2metros determinados pelos diferentes procedimentos de ensaio. Descreve-se os principais tipos, aplica\u00e7\u00f5es e limita\u00e7\u00f5es das instrumenta\u00e7\u00f5es geot\u00e9cnicas de campo e de laborat\u00f3rio.<\/em><\/p>\n<p>&nbsp;<\/p>\n<p>Download aqui:\u00a0<a href=\"http:\/\/uenf.br\/posgraduacao\/engenharia-civil\/wp-content\/uploads\/sites\/3\/2016\/12\/CIV1613-Ensaios-de-Campo-e-de-Laborat\u00f3rio-e-Instrumenta\u00e7\u00e3o-Geotecnica.pdf\">Ensaios de Campo e de Laborat\u00f3rio e Instrumenta\u00e7\u00e3o Geot\u00e9cnica<\/a><\/p>","protected":false},"excerpt":{"rendered":"<p>Faze-se a introdu\u00e7\u00e3o ao assunto e apresentam-se as defini\u00e7\u00f5es necess\u00e1rias para o desenvolvimento da disciplina. Descrevem-se os de ensaios de&#8230;<\/p>\n","protected":false},"author":7,"featured_media":0,"parent":0,"menu_order":0,"comment_status":"closed","ping_status":"closed","template":"","meta":{"footnotes":""},"class_list":["post-1512","page","type-page","status-publish","hentry"],"_links":{"self":[{"href":"https:\/\/uenf.br\/posgraduacao\/engenharia-civil\/wp-json\/wp\/v2\/pages\/1512","targetHints":{"allow":["GET"]}}],"collection":[{"href":"https:\/\/uenf.br\/posgraduacao\/engenharia-civil\/wp-json\/wp\/v2\/pages"}],"about":[{"href":"https:\/\/uenf.br\/posgraduacao\/engenharia-civil\/wp-json\/wp\/v2\/types\/page"}],"author":[{"embeddable":true,"href":"https:\/\/uenf.br\/posgraduacao\/engenharia-civil\/wp-json\/wp\/v2\/users\/7"}],"replies":[{"embeddable":true,"href":"https:\/\/uenf.br\/posgraduacao\/engenharia-civil\/wp-json\/wp\/v2\/comments?post=1512"}],"version-history":[{"count":0,"href":"https:\/\/uenf.br\/posgraduacao\/engenharia-civil\/wp-json\/wp\/v2\/pages\/1512\/revisions"}],"wp:attachment":[{"href":"https:\/\/uenf.br\/posgraduacao\/engenharia-civil\/wp-json\/wp\/v2\/media?parent=1512"}],"curies":[{"name":"wp","href":"https:\/\/api.w.org\/{rel}","templated":true}]}}