{"id":1521,"date":"2016-12-23T10:08:24","date_gmt":"2016-12-23T10:08:24","guid":{"rendered":"http:\/\/uenf.br\/posgraduacao\/engenharia-civil\/?page_id=1521"},"modified":"2016-12-23T10:08:24","modified_gmt":"2016-12-23T10:08:24","slug":"metodo-dos-elementos-finitos","status":"publish","type":"page","link":"https:\/\/uenf.br\/posgraduacao\/engenharia-civil\/metodo-dos-elementos-finitos\/","title":{"rendered":"M\u00e9todo dos Elementos Finitos"},"content":{"rendered":"<p>Interpreta\u00e7\u00e3o f\u00edsica e variacional dos elementos finitos. M\u00e9todos para minimiza\u00e7\u00e3o de res\u00edduos. Elementos finitos e fun\u00e7\u00f5es de interpola\u00e7\u00e3o. N\u00f3s internos, elementos de duas e tr\u00eas dimens\u00f5es, elementos insoparam\u00e9tricos. Aplica\u00e7\u00f5es a problemas de elasticidade, din\u00e2mica, placas e cascas e \u00e0 an\u00e1lise n\u00e3o-linear. T\u00e9cnicas computacionais.<\/p>\n<p>&nbsp;<\/p>\n<p>Download aqui:\u00a0<a href=\"http:\/\/uenf.br\/posgraduacao\/engenharia-civil\/wp-content\/uploads\/sites\/3\/2016\/12\/CIV1661-M\u00e9todos-dos-Elementos-Finitos.pdf\">M\u00e9todo dos Elementos Finitos<\/a><\/p>","protected":false},"excerpt":{"rendered":"<p>Interpreta\u00e7\u00e3o f\u00edsica e variacional dos elementos finitos. M\u00e9todos para minimiza\u00e7\u00e3o de res\u00edduos. Elementos finitos e fun\u00e7\u00f5es de interpola\u00e7\u00e3o. N\u00f3s internos,&#8230;<\/p>\n","protected":false},"author":7,"featured_media":0,"parent":0,"menu_order":0,"comment_status":"closed","ping_status":"closed","template":"","meta":{"footnotes":""},"class_list":["post-1521","page","type-page","status-publish","hentry"],"_links":{"self":[{"href":"https:\/\/uenf.br\/posgraduacao\/engenharia-civil\/wp-json\/wp\/v2\/pages\/1521","targetHints":{"allow":["GET"]}}],"collection":[{"href":"https:\/\/uenf.br\/posgraduacao\/engenharia-civil\/wp-json\/wp\/v2\/pages"}],"about":[{"href":"https:\/\/uenf.br\/posgraduacao\/engenharia-civil\/wp-json\/wp\/v2\/types\/page"}],"author":[{"embeddable":true,"href":"https:\/\/uenf.br\/posgraduacao\/engenharia-civil\/wp-json\/wp\/v2\/users\/7"}],"replies":[{"embeddable":true,"href":"https:\/\/uenf.br\/posgraduacao\/engenharia-civil\/wp-json\/wp\/v2\/comments?post=1521"}],"version-history":[{"count":0,"href":"https:\/\/uenf.br\/posgraduacao\/engenharia-civil\/wp-json\/wp\/v2\/pages\/1521\/revisions"}],"wp:attachment":[{"href":"https:\/\/uenf.br\/posgraduacao\/engenharia-civil\/wp-json\/wp\/v2\/media?parent=1521"}],"curies":[{"name":"wp","href":"https:\/\/api.w.org\/{rel}","templated":true}]}}