{"id":1527,"date":"2016-12-23T10:13:29","date_gmt":"2016-12-23T10:13:29","guid":{"rendered":"http:\/\/uenf.br\/posgraduacao\/engenharia-civil\/?page_id=1527"},"modified":"2016-12-23T10:13:29","modified_gmt":"2016-12-23T10:13:29","slug":"seminarios-em-engenharia-geotecnica","status":"publish","type":"page","link":"https:\/\/uenf.br\/posgraduacao\/engenharia-civil\/seminarios-em-engenharia-geotecnica\/","title":{"rendered":"Semin\u00e1rios em Engenharia Geot\u00e9cnica"},"content":{"rendered":"<p>Semin\u00e1rios envolvendo ciclo de palestras em engenharia geot\u00e9cnica.<\/p>\n<p>&nbsp;<\/p>\n<p>Download aqui:\u00a0<a href=\"https:\/\/uenf.br\/posgraduacao\/engenharia-civil\/wp-content\/uploads\/sites\/3\/2016\/12\/CIV1610-Semin\u00e1rios-em-Engenharia-Geot\u00e9cnica.pdf\">Semin\u00e1rios em Engenharia Geot\u00e9cnica<\/a><\/p>","protected":false},"excerpt":{"rendered":"<p>Semin\u00e1rios envolvendo ciclo de palestras em engenharia geot\u00e9cnica. &nbsp; Download aqui:\u00a0Semin\u00e1rios em Engenharia Geot\u00e9cnica<\/p>\n","protected":false},"author":7,"featured_media":0,"parent":0,"menu_order":0,"comment_status":"closed","ping_status":"closed","template":"","meta":{"footnotes":""},"class_list":["post-1527","page","type-page","status-publish","hentry"],"_links":{"self":[{"href":"https:\/\/uenf.br\/posgraduacao\/engenharia-civil\/wp-json\/wp\/v2\/pages\/1527","targetHints":{"allow":["GET"]}}],"collection":[{"href":"https:\/\/uenf.br\/posgraduacao\/engenharia-civil\/wp-json\/wp\/v2\/pages"}],"about":[{"href":"https:\/\/uenf.br\/posgraduacao\/engenharia-civil\/wp-json\/wp\/v2\/types\/page"}],"author":[{"embeddable":true,"href":"https:\/\/uenf.br\/posgraduacao\/engenharia-civil\/wp-json\/wp\/v2\/users\/7"}],"replies":[{"embeddable":true,"href":"https:\/\/uenf.br\/posgraduacao\/engenharia-civil\/wp-json\/wp\/v2\/comments?post=1527"}],"version-history":[{"count":0,"href":"https:\/\/uenf.br\/posgraduacao\/engenharia-civil\/wp-json\/wp\/v2\/pages\/1527\/revisions"}],"wp:attachment":[{"href":"https:\/\/uenf.br\/posgraduacao\/engenharia-civil\/wp-json\/wp\/v2\/media?parent=1527"}],"curies":[{"name":"wp","href":"https:\/\/api.w.org\/{rel}","templated":true}]}}